{"id":1324,"date":"2024-10-08T08:36:52","date_gmt":"2024-10-08T06:36:52","guid":{"rendered":"https:\/\/toddlerplay.qodeinteractive.com\/?page_id=1324"},"modified":"2026-02-15T12:50:00","modified_gmt":"2026-02-15T11:50:00","slug":"om-oss","status":"publish","type":"page","link":"https:\/\/admira.se\/en\/om-oss\/","title":{"rendered":"About us"},"content":{"rendered":"<div data-elementor-type=\"wp-page\" data-elementor-id=\"1324\" class=\"elementor elementor-1324\">\n\t\t\t\t<div class=\"elementor-element elementor-element-da860f8 e-con-full qodef-elementor-content-grid e-flex e-con e-parent\" data-id=\"da860f8\" data-element_type=\"container\" data-e-type=\"container\">\n\t\t\t\t<div class=\"elementor-element elementor-element-7f739a0 elementor-widget__width-initial elementor-widget elementor-widget-toddlerplay_core_highlight\" data-id=\"7f739a0\" data-element_type=\"widget\" data-e-type=\"widget\" data-widget_type=\"toddlerplay_core_highlight.default\">\n\t\t\t\t<div class=\"elementor-widget-container\">\n\t\t\t\t\t<p class=\"qodef-shortcode qodef-m  qodef-highlight\" >\n\t\t\tAdmira Kvinnoh\u00e4lsa is a private maternity clinic owned and ran by midwives. We are a team of competent, dedicated and experienced midwives who are looking forward to meet you. \t<\/p>\n\t\t\t\t<\/div>\n\t\t\t\t<\/div>\n\t\t\t\t<\/div>\n\t\t<div class=\"elementor-element elementor-element-301fc8f e-con-full e-flex e-con e-parent\" data-id=\"301fc8f\" data-element_type=\"container\" data-e-type=\"container\">\n\t\t<div class=\"elementor-element elementor-element-ec7247e e-con-full e-flex e-con e-child\" data-id=\"ec7247e\" data-element_type=\"container\" data-e-type=\"container\" data-settings=\"{&quot;background_background&quot;:&quot;classic&quot;}\">\n\t\t\t\t<div class=\"elementor-element elementor-element-b064cf2 elementor-widget elementor-widget-heading\" data-id=\"b064cf2\" data-element_type=\"widget\" data-e-type=\"widget\" data-widget_type=\"heading.default\">\n\t\t\t\t<div class=\"elementor-widget-container\">\n\t\t\t\t\t<h2 class=\"elementor-heading-title elementor-size-default\">Our vision<\/h2>\t\t\t\t<\/div>\n\t\t\t\t<\/div>\n\t\t\t\t<div class=\"elementor-element elementor-element-737fadf elementor-widget elementor-widget-text-editor\" data-id=\"737fadf\" data-element_type=\"widget\" data-e-type=\"widget\" data-widget_type=\"text-editor.default\">\n\t\t\t\t<div class=\"elementor-widget-container\">\n\t\t\t\t\t\t\t\t\t<p class=\"preamble\">Vi vill skapa TILLIT och TRYGGHET<\/p><div><div><div><h3><span lang=\"SV-SE\" xml:lang=\"SV-SE\" data-contrast=\"none\">TILLIT<\/span><\/h3><\/div><div><p><span lang=\"SV-SE\" xml:lang=\"SV-SE\" data-contrast=\"none\">Din barnmorska \u00e4r engagerad och hon respekterar Dig. Hon lyssnar p\u00e5 Dig och r\u00e5dgivningen\/v\u00e5rden utformas utifr\u00e5n Din situation och Dina f\u00f6ruts\u00e4ttningar.\u00a0<\/span><span lang=\"SV-SE\" xml:lang=\"SV-SE\" data-contrast=\"none\">Det \u00e4r viktigt f\u00f6r att du ska kunna f\u00f6rst\u00e5 och vara delaktig i din v\u00e5rd. Du v\u00e4ljer sj\u00e4lv hur aktiv du vill vara, men du har alltid en m\u00f6jlighet att tala om vad du vill.<\/span><span data-ccp-props=\"{\">\u00a0Vi v\u00e4lkomnar\u00a0<\/span><span lang=\"SV-SE\" xml:lang=\"SV-SE\" data-contrast=\"none\">alla, oavsett k\u00f6nsidentitet, och ser bara positivt p\u00e5 en mer inkluderande h\u00e4lsov\u00e5rd i Sverige.\u00a0<\/span><\/p><\/div><\/div><div><div><h3><span lang=\"SV-SE\" xml:lang=\"SV-SE\" data-contrast=\"none\">TRYGGHET\u00a0<\/span><\/h3><\/div><div><p><span lang=\"SV-SE\" xml:lang=\"SV-SE\" data-contrast=\"none\">En h<\/span><span lang=\"SV-SE\" xml:lang=\"SV-SE\" data-contrast=\"none\">\u00f6g tillg\u00e4nglighet<\/span><span lang=\"SV-SE\" xml:lang=\"SV-SE\" data-contrast=\"none\">: Du kan kontakta din barnmorska p\u00e5 telefon och e-post, samt <a href=\"https:\/\/www.bokadirekt.se\/places\/admira-kvinnoh%C3%A4lsa--4522\" target=\"_blank\" rel=\"noopener\">boka dina tider online<\/a>.<\/span><\/p><\/div><\/div><div><p><span lang=\"SV-SE\" xml:lang=\"SV-SE\" data-contrast=\"none\">Kontinuitet<\/span><span lang=\"SV-SE\" xml:lang=\"SV-SE\" data-contrast=\"none\">: Du har m\u00f6jlighet att tr\u00e4ffa samma barnmorska varje g\u00e5ng du kommer om du \u00f6nskar. Framf\u00f6r allt under graviditeten kan detta k\u00e4nnas naturligt.\u00a0<\/span><\/p><\/div><div><p><span lang=\"SV-SE\" xml:lang=\"SV-SE\" data-contrast=\"none\">Medicinsk kompetens<\/span><span lang=\"SV-SE\" xml:lang=\"SV-SE\" data-contrast=\"none\">: Du kan k\u00e4nna dig trygg med att v\u00e5ra barnmorskor \u00e4r uppdaterade och f\u00f6ljer Region Sk\u00e5nes riktlinjer f\u00f6r kvinnoh\u00e4lsov\u00e5rden, samt har ett n\u00e4ra samarbete med Kvinnokliniken SUS.\u00a0<\/span><\/p><\/div><div><p><span lang=\"SV-SE\" xml:lang=\"SV-SE\" data-contrast=\"none\">Rofylld atmosf\u00e4r<\/span><span lang=\"SV-SE\" xml:lang=\"SV-SE\" data-contrast=\"none\">: Vi vet ocks\u00e5 att f\u00f6rsta\u00a0<\/span><span lang=\"SV-SE\" xml:lang=\"SV-SE\" data-contrast=\"none\">intrycket man f\u00e5r av till exempel ett v\u00e4ntrum, betyder mycket f\u00f6r hur man uppfattar det kommande m\u00f6tet med v\u00e5rdpersonalen. D\u00e4rf\u00f6r str\u00e4var vi efter att skapa en milj\u00f6 som k\u00e4nns inbjudande och v\u00e4lkomnande, och vill p\u00e5 s\u00e5 s\u00e4tt f\u00f6rmedla en k\u00e4nsla av gott f\u00f6rtroende f\u00f6r v\u00e5r verksamhet. <\/span><\/p><p><strong><span style=\"text-transform: initial;\">Vi ser fram emot att tr\u00e4ffa Dig!\u00a0<\/span><\/strong><\/p><\/div><\/div>\t\t\t\t\t\t\t\t<\/div>\n\t\t\t\t<\/div>\n\t\t\t\t<\/div>\n\t\t<div class=\"elementor-element elementor-element-f62ac5d e-con-full e-flex e-con e-child\" data-id=\"f62ac5d\" data-element_type=\"container\" data-e-type=\"container\" data-settings=\"{&quot;background_background&quot;:&quot;classic&quot;}\">\n\t\t\t\t<div class=\"elementor-element elementor-element-fdf8819 elementor-widget elementor-widget-toddlerplay_core_separator\" data-id=\"fdf8819\" data-element_type=\"widget\" data-e-type=\"widget\" data-widget_type=\"toddlerplay_core_separator.default\">\n\t\t\t\t<div class=\"elementor-widget-container\">\n\t\t\t\t\t<div class=\"qodef-shortcode qodef-m  qodef-separator clear  qodef-show--yes qodef-show-1600--yes qodef-show-1512--yes qodef-show-1368--yes qodef-show-1200--yes qodef-show-1024--yes qodef-show-880--yes qodef-show-680--yes\">\n\t<div class=\"qodef-m-line\" style=\"border-color: #02010100\"><\/div>\n<\/div>\n\t\t\t\t<\/div>\n\t\t\t\t<\/div>\n\t\t\t\t<\/div>\n\t\t\t\t<\/div>\n\t\t<div class=\"elementor-element elementor-element-272e38b e-flex e-con-boxed e-con e-parent\" data-id=\"272e38b\" data-element_type=\"container\" data-e-type=\"container\" id=\"medarbetare\">\n\t\t\t\t\t<div class=\"e-con-inner\">\n\t\t\t\t<div class=\"elementor-element elementor-element-2fb5480 elementor-widget elementor-widget-spacer\" data-id=\"2fb5480\" data-element_type=\"widget\" data-e-type=\"widget\" data-widget_type=\"spacer.default\">\n\t\t\t\t<div class=\"elementor-widget-container\">\n\t\t\t\t\t\t\t<div class=\"elementor-spacer\">\n\t\t\t<div class=\"elementor-spacer-inner\"><\/div>\n\t\t<\/div>\n\t\t\t\t\t\t<\/div>\n\t\t\t\t<\/div>\n\t\t\t\t<div class=\"elementor-element elementor-element-af6513c elementor-widget elementor-widget-heading\" data-id=\"af6513c\" data-element_type=\"widget\" data-e-type=\"widget\" data-widget_type=\"heading.default\">\n\t\t\t\t<div class=\"elementor-widget-container\">\n\t\t\t\t\t<h2 class=\"elementor-heading-title elementor-size-default\">Meet our Midwives<\/h2>\t\t\t\t<\/div>\n\t\t\t\t<\/div>\n\t\t<div class=\"elementor-element elementor-element-45a4469 e-con-full e-flex e-con e-child\" data-id=\"45a4469\" data-element_type=\"container\" data-e-type=\"container\">\n\t\t<div class=\"elementor-element elementor-element-55eb574 e-con-full e-flex e-con e-child\" data-id=\"55eb574\" data-element_type=\"container\" data-e-type=\"container\">\n\t\t\t\t<div class=\"elementor-element elementor-element-ab2b404 elementor-widget elementor-widget-toddlerplay_core_single_image\" data-id=\"ab2b404\" data-element_type=\"widget\" data-e-type=\"widget\" data-widget_type=\"toddlerplay_core_single_image.default\">\n\t\t\t\t<div class=\"elementor-widget-container\">\n\t\t\t\t\t<div class=\"qodef-shortcode qodef-m  qodef-single-image qodef-layout--default   qodef-border-radius--small\">\n\t\t\t<div class=\"qodef-m-image\">\n\t\t\t\t\t\t\t\t<img fetchpriority=\"high\" decoding=\"async\" width=\"650\" height=\"650\" src=\"https:\/\/admira.se\/wp-content\/uploads\/2024\/10\/IMG_6107-650x650.jpg\" class=\"attachment-toddlerplay_core_image_size_square size-toddlerplay_core_image_size_square\" alt=\"Elisabet\" srcset=\"https:\/\/admira.se\/wp-content\/uploads\/2024\/10\/IMG_6107-650x650.jpg 650w, https:\/\/admira.se\/wp-content\/uploads\/2024\/10\/IMG_6107-150x150.jpg 150w, https:\/\/admira.se\/wp-content\/uploads\/2024\/10\/IMG_6107-1300x1300.jpg 1300w\" sizes=\"(max-width: 650px) 100vw, 650px\" \/>\t\t\t\t\t\t\t<\/div>\n\t<\/div>\n\t\t\t\t<\/div>\n\t\t\t\t<\/div>\n\t\t<div class=\"elementor-element elementor-element-06d625f e-con-full e-flex e-con e-child\" data-id=\"06d625f\" data-element_type=\"container\" data-e-type=\"container\">\n\t\t\t\t<div class=\"elementor-element elementor-element-16ae47c elementor-widget elementor-widget-heading\" data-id=\"16ae47c\" data-element_type=\"widget\" data-e-type=\"widget\" data-widget_type=\"heading.default\">\n\t\t\t\t<div class=\"elementor-widget-container\">\n\t\t\t\t\t<h3 class=\"elementor-heading-title elementor-size-default\">Elisabet Calais<\/h3>\t\t\t\t<\/div>\n\t\t\t\t<\/div>\n\t\t\t\t<div class=\"elementor-element elementor-element-a399523 elementor-widget elementor-widget-heading\" data-id=\"a399523\" data-element_type=\"widget\" data-e-type=\"widget\" data-widget_type=\"heading.default\">\n\t\t\t\t<div class=\"elementor-widget-container\">\n\t\t\t\t\t<p class=\"elementor-heading-title elementor-size-default\">barnmorska och verksamhetschef<\/p>\t\t\t\t<\/div>\n\t\t\t\t<\/div>\n\t\t\t\t<div class=\"elementor-element elementor-element-4a7eae9 elementor-widget elementor-widget-text-editor\" data-id=\"4a7eae9\" data-element_type=\"widget\" data-e-type=\"widget\" data-widget_type=\"text-editor.default\">\n\t\t\t\t<div class=\"elementor-widget-container\">\n\t\t\t\t\t\t\t\t\t<p>Jag har arbetat som barnmorska sedan 2001, framf\u00f6r allt p\u00e5 avdelning f\u00f6r komplicerade graviditeter men \u00e4ven p\u00e5 f\u00f6rlossnings- och BB-avdelning p\u00e5 Akademiska Sjukhuset i Uppsala. \u00d6vriga meriter \u00e4r bland annat en Masterexamen i Reproduktiv och Perinatal H\u00e4lsa. Genom min forskning fick jag i Uppsala m\u00f6jligheten att utveckla v\u00e5rdrutinerna kring tidig hudkontakt de f\u00f6rsta levnadsdygnen mellan nyf\u00f6dda fullg\u00e5nga barn och deras f\u00f6r\u00e4ldrar. Sedan februari 2017 \u00e4r jag VD f\u00f6r Admira Kvinnoh\u00e4lsa och numera \u00e4ven verksamhetschef. Brinner f\u00f6r att kvinnor ska ges m\u00f6jligheten att g\u00f6ra informerade val, utifr\u00e5n nyanserad och evidensbaserad information fr\u00e5n v\u00e5rden. Och sedan respekteras f\u00f6r dessa val.\u00a0<\/p>\t\t\t\t\t\t\t\t<\/div>\n\t\t\t\t<\/div>\n\t\t\t\t<\/div>\n\t\t\t\t<\/div>\n\t\t<div class=\"elementor-element elementor-element-0bdcb98 e-con-full e-flex e-con e-child\" data-id=\"0bdcb98\" data-element_type=\"container\" data-e-type=\"container\">\n\t\t\t\t<div class=\"elementor-element elementor-element-33ad8d7 elementor-widget elementor-widget-toddlerplay_core_single_image\" data-id=\"33ad8d7\" data-element_type=\"widget\" data-e-type=\"widget\" data-widget_type=\"toddlerplay_core_single_image.default\">\n\t\t\t\t<div class=\"elementor-widget-container\">\n\t\t\t\t\t<div class=\"qodef-shortcode qodef-m  qodef-single-image qodef-layout--default   qodef-border-radius--small\">\n\t\t\t<div class=\"qodef-m-image\">\n\t\t\t\t\t\t\t\t<img decoding=\"async\" width=\"650\" height=\"650\" src=\"https:\/\/admira.se\/wp-content\/uploads\/2024\/12\/20241220_143507-scaled-e1735392457185-650x650.jpg\" class=\"attachment-toddlerplay_core_image_size_square size-toddlerplay_core_image_size_square\" alt=\"\" srcset=\"https:\/\/admira.se\/wp-content\/uploads\/2024\/12\/20241220_143507-scaled-e1735392457185-650x650.jpg 650w, https:\/\/admira.se\/wp-content\/uploads\/2024\/12\/20241220_143507-scaled-e1735392457185-150x150.jpg 150w, https:\/\/admira.se\/wp-content\/uploads\/2024\/12\/20241220_143507-scaled-e1735392457185-11x12.jpg 11w, https:\/\/admira.se\/wp-content\/uploads\/2024\/12\/20241220_143507-scaled-e1735392457185-1300x1300.jpg 1300w\" sizes=\"(max-width: 650px) 100vw, 650px\" \/>\t\t\t\t\t\t\t<\/div>\n\t<\/div>\n\t\t\t\t<\/div>\n\t\t\t\t<\/div>\n\t\t<div class=\"elementor-element elementor-element-fd29eb8 e-con-full e-flex e-con e-child\" data-id=\"fd29eb8\" data-element_type=\"container\" data-e-type=\"container\">\n\t\t\t\t<div class=\"elementor-element elementor-element-ee4bd2c elementor-widget elementor-widget-heading\" data-id=\"ee4bd2c\" data-element_type=\"widget\" data-e-type=\"widget\" data-widget_type=\"heading.default\">\n\t\t\t\t<div class=\"elementor-widget-container\">\n\t\t\t\t\t<h3 class=\"elementor-heading-title elementor-size-default\">Helena Lave<\/h3>\t\t\t\t<\/div>\n\t\t\t\t<\/div>\n\t\t\t\t<div class=\"elementor-element elementor-element-4ea8120 elementor-widget elementor-widget-heading\" data-id=\"4ea8120\" data-element_type=\"widget\" data-e-type=\"widget\" data-widget_type=\"heading.default\">\n\t\t\t\t<div class=\"elementor-widget-container\">\n\t\t\t\t\t<p class=\"elementor-heading-title elementor-size-default\">barnmorska<\/p>\t\t\t\t<\/div>\n\t\t\t\t<\/div>\n\t\t\t\t<div class=\"elementor-element elementor-element-a69e122 elementor-widget elementor-widget-text-editor\" data-id=\"a69e122\" data-element_type=\"widget\" data-e-type=\"widget\" data-widget_type=\"text-editor.default\">\n\t\t\t\t<div class=\"elementor-widget-container\">\n\t\t\t\t\t\t\t\t\t<p>Jag blev f\u00e4rdig barnmorska 2022. \u00a0Efter barnmorskeexamen har jag arbetat b\u00e5de p\u00e5 BB i Ystad och F\u00f6rlossningen\/Prenatalavdelningen i Malm\u00f6. Jag har \u00e4ven l\u00e4st f\u00f6rdjupande kurser i amning. Innan jag blev barnmorska jobbade jag bland annat p\u00e5 gynekologisk akutmottagning som sjuksk\u00f6terska. Kvinnosjukv\u00e5rd \u00e4r n\u00e5got som ligger mig varmt om hj\u00e4rtat!<\/p><div dir=\"auto\">\u00a0<\/div><p>Som barnmorska \u00e4r jag lugn och lyh\u00f6rd och jag hoppas att jag kan f\u00e5 vara en trygg st\u00f6ttepelare f\u00f6r blivande f\u00f6r\u00e4ldrar i resan i deras f\u00f6r\u00e4ldraskap.<\/p>\t\t\t\t\t\t\t\t<\/div>\n\t\t\t\t<\/div>\n\t\t\t\t<\/div>\n\t\t\t\t<\/div>\n\t\t<div class=\"elementor-element elementor-element-6b75c23 e-con-full e-flex e-con e-child\" data-id=\"6b75c23\" data-element_type=\"container\" data-e-type=\"container\">\n\t\t\t\t<div class=\"elementor-element elementor-element-f71c5e9 elementor-widget elementor-widget-toddlerplay_core_single_image\" data-id=\"f71c5e9\" data-element_type=\"widget\" data-e-type=\"widget\" data-widget_type=\"toddlerplay_core_single_image.default\">\n\t\t\t\t<div class=\"elementor-widget-container\">\n\t\t\t\t\t<div class=\"qodef-shortcode qodef-m  qodef-single-image qodef-layout--default   qodef-border-radius--small\">\n\t\t\t<div class=\"qodef-m-image\">\n\t\t\t\t\t\t\t\t<img decoding=\"async\" width=\"650\" height=\"650\" src=\"https:\/\/admira.se\/wp-content\/uploads\/2023\/11\/Profilbild-Elin-Nilsson-scaled-e1731585947128-650x650.jpg\" class=\"attachment-toddlerplay_core_image_size_square size-toddlerplay_core_image_size_square\" alt=\"\" srcset=\"https:\/\/admira.se\/wp-content\/uploads\/2023\/11\/Profilbild-Elin-Nilsson-scaled-e1731585947128-650x650.jpg 650w, https:\/\/admira.se\/wp-content\/uploads\/2023\/11\/Profilbild-Elin-Nilsson-scaled-e1731585947128-150x150.jpg 150w, https:\/\/admira.se\/wp-content\/uploads\/2023\/11\/Profilbild-Elin-Nilsson-scaled-e1731585947128-11x12.jpg 11w, https:\/\/admira.se\/wp-content\/uploads\/2023\/11\/Profilbild-Elin-Nilsson-scaled-e1731585947128-1300x1300.jpg 1300w\" sizes=\"(max-width: 650px) 100vw, 650px\" \/>\t\t\t\t\t\t\t<\/div>\n\t<\/div>\n\t\t\t\t<\/div>\n\t\t\t\t<\/div>\n\t\t<div class=\"elementor-element elementor-element-57fc199 e-con-full e-flex e-con e-child\" data-id=\"57fc199\" data-element_type=\"container\" data-e-type=\"container\">\n\t\t\t\t<div class=\"elementor-element elementor-element-11565eb elementor-widget elementor-widget-heading\" data-id=\"11565eb\" data-element_type=\"widget\" data-e-type=\"widget\" data-widget_type=\"heading.default\">\n\t\t\t\t<div class=\"elementor-widget-container\">\n\t\t\t\t\t<h3 class=\"elementor-heading-title elementor-size-default\">Elin Nilsson<\/h3>\t\t\t\t<\/div>\n\t\t\t\t<\/div>\n\t\t\t\t<div class=\"elementor-element elementor-element-4b0014f elementor-widget elementor-widget-heading\" data-id=\"4b0014f\" data-element_type=\"widget\" data-e-type=\"widget\" data-widget_type=\"heading.default\">\n\t\t\t\t<div class=\"elementor-widget-container\">\n\t\t\t\t\t<p class=\"elementor-heading-title elementor-size-default\">barnmorska<\/p>\t\t\t\t<\/div>\n\t\t\t\t<\/div>\n\t\t\t\t<div class=\"elementor-element elementor-element-3a2b277 elementor-widget elementor-widget-text-editor\" data-id=\"3a2b277\" data-element_type=\"widget\" data-e-type=\"widget\" data-widget_type=\"text-editor.default\">\n\t\t\t\t<div class=\"elementor-widget-container\">\n\t\t\t\t\t\t\t\t\t<p>Innan jag b\u00f6rjade min anst\u00e4llning p\u00e5 Admira s\u00e5 arbetade jag i m\u00e5nga \u00e5r som sociolog med utbildnings- och h\u00e4lsofr\u00e5gor. Mitt intresse f\u00f6r kvinnoh\u00e4lsa v\u00e4xte alltmer och efter att ha f\u00e5tt tre egna barn s\u00e5 best\u00e4mde jag mig f\u00f6r att bli barnmorska. Som barnmorska f\u00e5r jag den stora gl\u00e4djen att tr\u00e4ffa kvinnor i olika \u00e5ldrar med olika f\u00f6ruts\u00e4ttningar, behov och \u00f6nskem\u00e5l. Jag f\u00e5r ocks\u00e5 tr\u00e4ffa blivande f\u00f6r\u00e4ldrar och f\u00f6lja med och st\u00f6tta p\u00e5 den omtumlande, fantastiska och personliga resa som en graviditet inneb\u00e4r. Som barnmorska str\u00e4var jag efter att skapa positiva, lugna och trygga m\u00f6ten. M\u00f6ten som fr\u00e4mjar kvinnors h\u00e4lsa och som skapar goda f\u00f6ruts\u00e4ttningar f\u00f6r en positiv f\u00f6rlossningsupplevelse och en bra start p\u00e5 f\u00f6r\u00e4ldraskapet.<\/p>\t\t\t\t\t\t\t\t<\/div>\n\t\t\t\t<\/div>\n\t\t\t\t<\/div>\n\t\t\t\t<\/div>\n\t\t<div class=\"elementor-element elementor-element-013a06b e-con-full e-flex e-con e-child\" data-id=\"013a06b\" data-element_type=\"container\" data-e-type=\"container\">\n\t\t\t\t<div class=\"elementor-element elementor-element-26ad308 elementor-widget elementor-widget-toddlerplay_core_single_image\" data-id=\"26ad308\" data-element_type=\"widget\" data-e-type=\"widget\" data-widget_type=\"toddlerplay_core_single_image.default\">\n\t\t\t\t<div class=\"elementor-widget-container\">\n\t\t\t\t\t<div class=\"qodef-shortcode qodef-m  qodef-single-image qodef-layout--default   qodef-border-radius--small\">\n\t\t\t<div class=\"qodef-m-image\">\n\t\t\t\t\t\t\t\t<img loading=\"lazy\" decoding=\"async\" width=\"500\" height=\"500\" src=\"https:\/\/admira.se\/wp-content\/uploads\/2024\/10\/Keyhan-hemsidan-22-kB.jpg\" class=\"attachment-toddlerplay_core_image_size_square size-toddlerplay_core_image_size_square\" alt=\"\" srcset=\"https:\/\/admira.se\/wp-content\/uploads\/2024\/10\/Keyhan-hemsidan-22-kB.jpg 500w, https:\/\/admira.se\/wp-content\/uploads\/2024\/10\/Keyhan-hemsidan-22-kB-300x300.jpg 300w, https:\/\/admira.se\/wp-content\/uploads\/2024\/10\/Keyhan-hemsidan-22-kB-150x150.jpg 150w\" sizes=\"(max-width: 500px) 100vw, 500px\" \/>\t\t\t\t\t\t\t<\/div>\n\t<\/div>\n\t\t\t\t<\/div>\n\t\t\t\t<\/div>\n\t\t<div class=\"elementor-element elementor-element-8162774 e-con-full e-flex e-con e-child\" data-id=\"8162774\" data-element_type=\"container\" data-e-type=\"container\">\n\t\t\t\t<div class=\"elementor-element elementor-element-f015bf0 elementor-widget elementor-widget-heading\" data-id=\"f015bf0\" data-element_type=\"widget\" data-e-type=\"widget\" data-widget_type=\"heading.default\">\n\t\t\t\t<div class=\"elementor-widget-container\">\n\t\t\t\t\t<h3 class=\"elementor-heading-title elementor-size-default\">Keyhan Sayadi<\/h3>\t\t\t\t<\/div>\n\t\t\t\t<\/div>\n\t\t\t\t<div class=\"elementor-element elementor-element-16273c7 elementor-widget elementor-widget-heading\" data-id=\"16273c7\" data-element_type=\"widget\" data-e-type=\"widget\" data-widget_type=\"heading.default\">\n\t\t\t\t<div class=\"elementor-widget-container\">\n\t\t\t\t\t<p class=\"elementor-heading-title elementor-size-default\">barnmorska<\/p>\t\t\t\t<\/div>\n\t\t\t\t<\/div>\n\t\t\t\t<div class=\"elementor-element elementor-element-277722a elementor-widget elementor-widget-text-editor\" data-id=\"277722a\" data-element_type=\"widget\" data-e-type=\"widget\" data-widget_type=\"text-editor.default\">\n\t\t\t\t<div class=\"elementor-widget-container\">\n\t\t\t\t\t\t\t\t\t<p>Jag har \u00f6ver trettio \u00e5rs erfarenhet som barnmorska, inom m\u00f6dra- och f\u00f6rlossningsv\u00e5rd, efterv\u00e5rd och amningsst\u00f6d &#8211; b\u00e5de i Sverige och internationellt. Sedan 2009 har jag arbetat p\u00e5 barnmorskemottagning i Malm\u00f6 och sedan h\u00f6sten 2024 p\u00e5 Admira Kvinnoh\u00e4lsa. H\u00e4r m\u00f6ter jag kvinnor, gravida och familjer i olika livssituationer med fokus p\u00e5 trygghet, delaktighet och respekt.\u00a0<\/p><p>Genom mina akademiska studier, bland annat ett magisterarbete om kvinnors upplevelse av f\u00f6rlossningsv\u00e5rd, har jag utvecklat en f\u00f6rdjupad f\u00f6rst\u00e5else f\u00f6r vikten av ett empatiskt bem\u00f6tande. Jag har s\u00e4rskild erfarenhet av att st\u00f6dja personer med oro eller tidigare sv\u00e5ra f\u00f6rlossningsupplevelser.<\/p><p>Jag har en bred kulturell kompetens och talar svenska, engelska och farsi.<\/p><p>Mitt m\u00e5l \u00e4r att varje kvinna och familj ska k\u00e4nna sig sedda, lyssnade p\u00e5 och trygga med mig och v\u00e5r mottagning.<\/p><p>V\u00e4l m\u00f6tt till mig p\u00e5 Admira!<\/p>\t\t\t\t\t\t\t\t<\/div>\n\t\t\t\t<\/div>\n\t\t\t\t<div class=\"elementor-element elementor-element-c8b9993 elementor-widget elementor-widget-toddlerplay_core_button\" data-id=\"c8b9993\" data-element_type=\"widget\" data-e-type=\"widget\" data-widget_type=\"toddlerplay_core_button.default\">\n\t\t\t\t<div class=\"elementor-widget-container\">\n\t\t\t\t\t<a class=\"qodef-shortcode qodef-m  qodef-button qodef-layout--rounded  qodef-html--link\" href=\"\/en\/kontakt\/\" target=\"_self\" >\n\t<span class=\"qodef-m-text\">Kontakta oss<\/span>\n\t<span class=\"qodef-m-arrow\"><svg class=\"qodef-svg--button-arrow\" width=\"11.443\" height=\"9.152\" viewbox=\"0 0 11.443 9.152\"><path d=\"m6.16234 5.684316 3.23098.308932-1.52204 1.177864a6.63399653 6.63399653 0 0 0-1.52197 1.178862c.03738.532932 1.63418.420932 2.132726-.14959-.03738-.532932.495552-.570312 1.028484-.607692s1.55942-.644932 1.52204-1.177864c.495552-.570312.458172-1.103244-2.393528-3.583A23.65568513 23.65568513 0 0 0 5.251476.39066c-1.066862.07483-.954862 1.67163.723824 2.627l1.178862 1.52197c-13.903312.44364-2.595608 1.257176-.991822 1.144686Z\" \/><\/svg><\/span>\n\t<span class=\"qodef-m-circle\"><svg class=\"qodef-svg--button-circle\" width=\"184.059\" height=\"50\" viewbox=\"0 0 184.059 50\" preserveaspectratio=\"none\"><path d=\"M128.5 46.4c-5.4 1.7-41.2 3.8-91-1.4-8.6-.9-39-8-37.4-15.8 2-10 20.6-18 29.8-20.5 72.6-19.3 143.2-1.4 148 10.8 6.9 17.9-28.3 27-38 29.2\"\/><path d=\"M154.7 39.4C145.4 42 107.5 56.3 35 41.9 26.2 40.2-2.3 32.4.2 23.1c2.6-9.4 22-16 31.5-18 74.9-14.5 145.8 6.5 149.9 18.4 6.1 17.5-73 38-152.9 13.8\"\/><\/svg><\/span>\n<\/a>\n\t\t\t\t<\/div>\n\t\t\t\t<\/div>\n\t\t\t\t<\/div>\n\t\t\t\t<\/div>\n\t\t\t\t<\/div>\n\t\t\t\t\t<\/div>\n\t\t\t\t<\/div>\n\t\t<div class=\"elementor-element elementor-element-86a75b1 e-grid e-con-boxed e-con e-parent\" data-id=\"86a75b1\" data-element_type=\"container\" data-e-type=\"container\">\n\t\t\t\t\t<div class=\"e-con-inner\">\n\t\t\t\t\t<\/div>\n\t\t\t\t<\/div>\n\t\t\t\t<\/div>","protected":false},"excerpt":{"rendered":"<p>Admira Kvinnoh\u00e4lsa \u00e4r en privat barnmorskemottagning som arbetar p\u00e5 uppdrag av Region Sk\u00e5ne. Hos oss m\u00f6ter du ett team med kompetenta och engagerade barnmorskor som brinner f\u00f6r kvinnors h\u00e4lsa. Du ska k\u00e4nna dig trygg och lyssnad p\u00e5. Vi utformar en v\u00e5rd som utg\u00e5r fr\u00e5n din situation och \u00f6nskem\u00e5l. V\u00e5r vision Vi vill skapa TILLIT och [&hellip;]<\/p>\n","protected":false},"author":1,"featured_media":6928,"parent":0,"menu_order":0,"comment_status":"closed","ping_status":"closed","template":"page-full-width.php","meta":{"footnotes":""},"class_list":["post-1324","page","type-page","status-publish","has-post-thumbnail","hentry"],"_links":{"self":[{"href":"https:\/\/admira.se\/en\/wp-json\/wp\/v2\/pages\/1324","targetHints":{"allow":["GET"]}}],"collection":[{"href":"https:\/\/admira.se\/en\/wp-json\/wp\/v2\/pages"}],"about":[{"href":"https:\/\/admira.se\/en\/wp-json\/wp\/v2\/types\/page"}],"author":[{"embeddable":true,"href":"https:\/\/admira.se\/en\/wp-json\/wp\/v2\/users\/1"}],"replies":[{"embeddable":true,"href":"https:\/\/admira.se\/en\/wp-json\/wp\/v2\/comments?post=1324"}],"version-history":[{"count":81,"href":"https:\/\/admira.se\/en\/wp-json\/wp\/v2\/pages\/1324\/revisions"}],"predecessor-version":[{"id":8563,"href":"https:\/\/admira.se\/en\/wp-json\/wp\/v2\/pages\/1324\/revisions\/8563"}],"wp:featuredmedia":[{"embeddable":true,"href":"https:\/\/admira.se\/en\/wp-json\/wp\/v2\/media\/6928"}],"wp:attachment":[{"href":"https:\/\/admira.se\/en\/wp-json\/wp\/v2\/media?parent=1324"}],"curies":[{"name":"wp","href":"https:\/\/api.w.org\/{rel}","templated":true}]}}