{"id":1380,"date":"2024-10-09T08:28:00","date_gmt":"2024-10-09T06:28:00","guid":{"rendered":"https:\/\/toddlerplay.qodeinteractive.com\/?page_id=1380"},"modified":"2024-11-26T18:24:56","modified_gmt":"2024-11-26T17:24:56","slug":"aktuellt","status":"publish","type":"page","link":"https:\/\/admira.se\/en\/aktuellt\/","title":{"rendered":"Latest news"},"content":{"rendered":"<div data-elementor-type=\"wp-page\" data-elementor-id=\"1380\" class=\"elementor elementor-1380\">\n\t\t\t\t<div class=\"elementor-element elementor-element-1a73fff e-flex e-con-boxed e-con e-parent\" data-id=\"1a73fff\" data-element_type=\"container\" data-e-type=\"container\">\n\t\t\t\t\t<div class=\"e-con-inner\">\n\t\t\t\t<div class=\"elementor-element elementor-element-6650389 elementor-widget elementor-widget-toddlerplay_core_blog_list\" data-id=\"6650389\" data-element_type=\"widget\" data-e-type=\"widget\" data-widget_type=\"toddlerplay_core_blog_list.default\">\n\t\t\t\t<div class=\"elementor-widget-container\">\n\t\t\t\t\t<div class=\"qodef-shortcode qodef-m  qodef-blog qodef-item-layout--compact qodef-grid qodef-layout--columns   qodef-vertical-gutter--custom qodef-col-num--1  qodef-item-layout--compact qodef-pagination--on qodef-pagination-type--standard qodef-responsive--predefined\" style=\"--qode-vertical-gutter-custom: 90px\" data-options=\"{&quot;plugin&quot;:&quot;toddlerplay_core&quot;,&quot;module&quot;:&quot;blog\\\/shortcodes&quot;,&quot;shortcode&quot;:&quot;blog-list&quot;,&quot;post_type&quot;:&quot;post&quot;,&quot;next_page&quot;:&quot;2&quot;,&quot;max_pages_num&quot;:2,&quot;behavior&quot;:&quot;columns&quot;,&quot;images_proportion&quot;:&quot;full&quot;,&quot;columns&quot;:&quot;1&quot;,&quot;columns_responsive&quot;:&quot;predefined&quot;,&quot;vertical_space&quot;:&quot;custom&quot;,&quot;vertical_space_custom&quot;:&quot;90px&quot;,&quot;posts_per_page&quot;:&quot;6&quot;,&quot;orderby&quot;:&quot;date&quot;,&quot;order&quot;:&quot;DESC&quot;,&quot;layout&quot;:&quot;compact&quot;,&quot;title_tag&quot;:&quot;h2&quot;,&quot;excerpt_length&quot;:&quot;0&quot;,&quot;pagination_type&quot;:&quot;standard&quot;,&quot;pagination_top_margin&quot;:&quot;margin-top: 93px&quot;,&quot;object_class_name&quot;:&quot;ToddlerPlayCore_Blog_List_Shortcode&quot;,&quot;taxonomy_filter&quot;:&quot;category&quot;,&quot;additional_query_args&quot;:[],&quot;holder_styles&quot;:{&quot;vertical_custom&quot;:&quot;--qode-vertical-gutter-custom: 90px&quot;}}\">\n\t\t<div class=\"qodef-grid-inner\">\n\t\t<article class=\"qodef-e qodef-blog-item qodef-grid-item qodef-item--full post-8382 post type-post status-publish format-standard has-post-thumbnail hentry category-aktuellt\">\n\t<div class=\"qodef-e-inner\">\n\t\t<div class=\"qodef-e-media\">\n\t\t<div class=\"qodef-e-media-image\">\n\t\t<a itemprop=\"url\" href=\"https:\/\/admira.se\/en\/workshop-vattenfodsel\/\">\n\t\t\t<img fetchpriority=\"high\" decoding=\"async\" width=\"1575\" height=\"2100\" src=\"https:\/\/admira.se\/wp-content\/uploads\/2025\/09\/image1.jpeg\" class=\"attachment-full size-full wp-post-image\" alt=\"\" srcset=\"https:\/\/admira.se\/wp-content\/uploads\/2025\/09\/image1.jpeg 1575w, https:\/\/admira.se\/wp-content\/uploads\/2025\/09\/image1-225x300.jpeg 225w, https:\/\/admira.se\/wp-content\/uploads\/2025\/09\/image1-768x1024.jpeg 768w, https:\/\/admira.se\/wp-content\/uploads\/2025\/09\/image1-1152x1536.jpeg 1152w, https:\/\/admira.se\/wp-content\/uploads\/2025\/09\/image1-1536x2048.jpeg 1536w, https:\/\/admira.se\/wp-content\/uploads\/2025\/09\/image1-9x12.jpeg 9w\" sizes=\"(max-width: 1575px) 100vw, 1575px\" \/>\t\t<\/a>\n\t<\/div>\n\t<a itemprop=\"dateCreated\" href=\"https:\/\/admira.se\/en\/2026\/03\/\" class=\"qodef-e-date qodef--blobby entry-date\">\n\t\t<div class=\"qodef-e-date-inner\">\n\t\t\t<span class=\"qodef-e-date-day\">24.<\/span><span class=\"qodef-e-date-month\">Mar<\/span>\t\t<\/div>\n\t\t<svg class=\"qodef-svg--blobby\" width=\"86.543\" height=\"86.189\" viewbox=\"0 0 86.543 86.189\"><path d=\"M3.973,32.71q.329-1.229.712-2.5a37.924,37.924,0,0,1,2.374-6.43c4.605-8.968,15.578-17.859,25.061-20.9C47.03-1.912,59.5-1.541,71.09,10.328c17.035,17.45,21.233,44.143,6.277,63.833C66.553,88.4,37.8,88.726,22.739,81.732c-6.772-3.145-14.6-7.3-19.109-13.468C-3.227,58.882,1.24,42.922,3.973,32.71Z\" \/><\/svg>\t<\/a>\n\t<\/div>\n\t<a itemprop=\"dateCreated\" href=\"https:\/\/admira.se\/en\/2026\/03\/\" class=\"qodef-e-date qodef--blobby entry-date\">\n\t\t<div class=\"qodef-e-date-inner\">\n\t\t\t<span class=\"qodef-e-date-day\">24.<\/span><span class=\"qodef-e-date-month\">Mar<\/span>\t\t<\/div>\n\t\t<svg class=\"qodef-svg--blobby\" width=\"86.543\" height=\"86.189\" viewbox=\"0 0 86.543 86.189\"><path d=\"M3.973,32.71q.329-1.229.712-2.5a37.924,37.924,0,0,1,2.374-6.43c4.605-8.968,15.578-17.859,25.061-20.9C47.03-1.912,59.5-1.541,71.09,10.328c17.035,17.45,21.233,44.143,6.277,63.833C66.553,88.4,37.8,88.726,22.739,81.732c-6.772-3.145-14.6-7.3-19.109-13.468C-3.227,58.882,1.24,42.922,3.973,32.71Z\" \/><\/svg>\t<\/a>\n\t\t\t<div class=\"qodef-e-content\">\n\t\t\t<div class=\"qodef-e-top-holder\">\n\t\t\t\t<div class=\"qodef-e-info qodef--pill\">\n\t\t\t\t\t<a href=\"https:\/\/admira.se\/en\/category\/aktuellt\/\" rel=\"tag\">Latest news<\/a><div class=\"qodef-info-separator-end\"><\/div>\n\t\t\t\t<\/div>\n\t\t\t<\/div>\n\t\t\t<div class=\"qodef-e-text\">\n\t\t\t\t<h2 itemprop=\"name\" class=\"qodef-e-title entry-title\" >\n\t<a itemprop=\"url\" class=\"qodef-e-title-link\" href=\"https:\/\/admira.se\/en\/workshop-vattenfodsel\/\">\n\t\tWorkshop Vattenf\u00f6dsel\t<\/a>\n<\/h2>\n\t\t\t<\/div>\n\t\t<\/div>\n\t<\/div>\n<\/article>\n<article class=\"qodef-e qodef-blog-item qodef-grid-item qodef-item--full post-8603 post type-post status-publish format-standard has-post-thumbnail hentry category-aktuellt\">\n\t<div class=\"qodef-e-inner\">\n\t\t<div class=\"qodef-e-media\">\n\t\t<div class=\"qodef-e-media-image\">\n\t\t<a itemprop=\"url\" href=\"https:\/\/admira.se\/en\/vattentraning-for-gravida\/\">\n\t\t\t<img decoding=\"async\" width=\"1200\" height=\"930\" src=\"https:\/\/admira.se\/wp-content\/uploads\/2026\/03\/pexels-cottonbro-7222568-scaled-e1773585681302.jpg\" class=\"attachment-full size-full wp-post-image\" alt=\"\" srcset=\"https:\/\/admira.se\/wp-content\/uploads\/2026\/03\/pexels-cottonbro-7222568-scaled-e1773585681302.jpg 1200w, https:\/\/admira.se\/wp-content\/uploads\/2026\/03\/pexels-cottonbro-7222568-scaled-e1773585681302-300x233.jpg 300w, https:\/\/admira.se\/wp-content\/uploads\/2026\/03\/pexels-cottonbro-7222568-scaled-e1773585681302-1024x794.jpg 1024w, https:\/\/admira.se\/wp-content\/uploads\/2026\/03\/pexels-cottonbro-7222568-scaled-e1773585681302-768x595.jpg 768w, https:\/\/admira.se\/wp-content\/uploads\/2026\/03\/pexels-cottonbro-7222568-scaled-e1773585681302-15x12.jpg 15w\" sizes=\"(max-width: 1200px) 100vw, 1200px\" \/>\t\t<\/a>\n\t<\/div>\n\t<a itemprop=\"dateCreated\" href=\"https:\/\/admira.se\/en\/2026\/03\/\" class=\"qodef-e-date qodef--blobby entry-date\">\n\t\t<div class=\"qodef-e-date-inner\">\n\t\t\t<span class=\"qodef-e-date-day\">08.<\/span><span class=\"qodef-e-date-month\">Mar<\/span>\t\t<\/div>\n\t\t<svg class=\"qodef-svg--blobby\" width=\"86.543\" height=\"86.189\" viewbox=\"0 0 86.543 86.189\"><path d=\"M3.973,32.71q.329-1.229.712-2.5a37.924,37.924,0,0,1,2.374-6.43c4.605-8.968,15.578-17.859,25.061-20.9C47.03-1.912,59.5-1.541,71.09,10.328c17.035,17.45,21.233,44.143,6.277,63.833C66.553,88.4,37.8,88.726,22.739,81.732c-6.772-3.145-14.6-7.3-19.109-13.468C-3.227,58.882,1.24,42.922,3.973,32.71Z\" \/><\/svg>\t<\/a>\n\t<\/div>\n\t<a itemprop=\"dateCreated\" href=\"https:\/\/admira.se\/en\/2026\/03\/\" class=\"qodef-e-date qodef--blobby entry-date\">\n\t\t<div class=\"qodef-e-date-inner\">\n\t\t\t<span class=\"qodef-e-date-day\">08.<\/span><span class=\"qodef-e-date-month\">Mar<\/span>\t\t<\/div>\n\t\t<svg class=\"qodef-svg--blobby\" width=\"86.543\" height=\"86.189\" viewbox=\"0 0 86.543 86.189\"><path d=\"M3.973,32.71q.329-1.229.712-2.5a37.924,37.924,0,0,1,2.374-6.43c4.605-8.968,15.578-17.859,25.061-20.9C47.03-1.912,59.5-1.541,71.09,10.328c17.035,17.45,21.233,44.143,6.277,63.833C66.553,88.4,37.8,88.726,22.739,81.732c-6.772-3.145-14.6-7.3-19.109-13.468C-3.227,58.882,1.24,42.922,3.973,32.71Z\" \/><\/svg>\t<\/a>\n\t\t\t<div class=\"qodef-e-content\">\n\t\t\t<div class=\"qodef-e-top-holder\">\n\t\t\t\t<div class=\"qodef-e-info qodef--pill\">\n\t\t\t\t\t<a href=\"https:\/\/admira.se\/en\/category\/aktuellt\/\" rel=\"tag\">Latest news<\/a><div class=\"qodef-info-separator-end\"><\/div>\n\t\t\t\t<\/div>\n\t\t\t<\/div>\n\t\t\t<div class=\"qodef-e-text\">\n\t\t\t\t<h2 itemprop=\"name\" class=\"qodef-e-title entry-title\" >\n\t<a itemprop=\"url\" class=\"qodef-e-title-link\" href=\"https:\/\/admira.se\/en\/vattentraning-for-gravida\/\">\n\t\tVattentr\u00e4ning f\u00f6r gravida\t<\/a>\n<\/h2>\n\t\t\t<\/div>\n\t\t<\/div>\n\t<\/div>\n<\/article>\n<article class=\"qodef-e qodef-blog-item qodef-grid-item qodef-item--full post-8539 post type-post status-publish format-standard has-post-thumbnail hentry category-aktuellt\">\n\t<div class=\"qodef-e-inner\">\n\t\t<div class=\"qodef-e-media\">\n\t\t<div class=\"qodef-e-media-image\">\n\t\t<a itemprop=\"url\" href=\"https:\/\/admira.se\/en\/andrade-rutiner-for-hpv-och-cellprovtagning\/\">\n\t\t\t<img decoding=\"async\" width=\"2560\" height=\"1707\" src=\"https:\/\/admira.se\/wp-content\/uploads\/2024\/11\/pexels-olly-3289167-scaled.jpg\" class=\"attachment-full size-full wp-post-image\" alt=\"\" srcset=\"https:\/\/admira.se\/wp-content\/uploads\/2024\/11\/pexels-olly-3289167-scaled.jpg 2560w, https:\/\/admira.se\/wp-content\/uploads\/2024\/11\/pexels-olly-3289167-300x200.jpg 300w, https:\/\/admira.se\/wp-content\/uploads\/2024\/11\/pexels-olly-3289167-1024x683.jpg 1024w, https:\/\/admira.se\/wp-content\/uploads\/2024\/11\/pexels-olly-3289167-768x512.jpg 768w, https:\/\/admira.se\/wp-content\/uploads\/2024\/11\/pexels-olly-3289167-1536x1024.jpg 1536w, https:\/\/admira.se\/wp-content\/uploads\/2024\/11\/pexels-olly-3289167-2048x1365.jpg 2048w, https:\/\/admira.se\/wp-content\/uploads\/2024\/11\/pexels-olly-3289167-18x12.jpg 18w\" sizes=\"(max-width: 2560px) 100vw, 2560px\" \/>\t\t<\/a>\n\t<\/div>\n\t<a itemprop=\"dateCreated\" href=\"https:\/\/admira.se\/en\/2026\/01\/\" class=\"qodef-e-date qodef--blobby entry-date\">\n\t\t<div class=\"qodef-e-date-inner\">\n\t\t\t<span class=\"qodef-e-date-day\">22.<\/span><span class=\"qodef-e-date-month\">Jan<\/span>\t\t<\/div>\n\t\t<svg class=\"qodef-svg--blobby\" width=\"86.543\" height=\"86.189\" viewbox=\"0 0 86.543 86.189\"><path d=\"M3.973,32.71q.329-1.229.712-2.5a37.924,37.924,0,0,1,2.374-6.43c4.605-8.968,15.578-17.859,25.061-20.9C47.03-1.912,59.5-1.541,71.09,10.328c17.035,17.45,21.233,44.143,6.277,63.833C66.553,88.4,37.8,88.726,22.739,81.732c-6.772-3.145-14.6-7.3-19.109-13.468C-3.227,58.882,1.24,42.922,3.973,32.71Z\" \/><\/svg>\t<\/a>\n\t<\/div>\n\t<a itemprop=\"dateCreated\" href=\"https:\/\/admira.se\/en\/2026\/01\/\" class=\"qodef-e-date qodef--blobby entry-date\">\n\t\t<div class=\"qodef-e-date-inner\">\n\t\t\t<span class=\"qodef-e-date-day\">22.<\/span><span class=\"qodef-e-date-month\">Jan<\/span>\t\t<\/div>\n\t\t<svg class=\"qodef-svg--blobby\" width=\"86.543\" height=\"86.189\" viewbox=\"0 0 86.543 86.189\"><path d=\"M3.973,32.71q.329-1.229.712-2.5a37.924,37.924,0,0,1,2.374-6.43c4.605-8.968,15.578-17.859,25.061-20.9C47.03-1.912,59.5-1.541,71.09,10.328c17.035,17.45,21.233,44.143,6.277,63.833C66.553,88.4,37.8,88.726,22.739,81.732c-6.772-3.145-14.6-7.3-19.109-13.468C-3.227,58.882,1.24,42.922,3.973,32.71Z\" \/><\/svg>\t<\/a>\n\t\t\t<div class=\"qodef-e-content\">\n\t\t\t<div class=\"qodef-e-top-holder\">\n\t\t\t\t<div class=\"qodef-e-info qodef--pill\">\n\t\t\t\t\t<a href=\"https:\/\/admira.se\/en\/category\/aktuellt\/\" rel=\"tag\">Latest news<\/a><div class=\"qodef-info-separator-end\"><\/div>\n\t\t\t\t<\/div>\n\t\t\t<\/div>\n\t\t\t<div class=\"qodef-e-text\">\n\t\t\t\t<h2 itemprop=\"name\" class=\"qodef-e-title entry-title\" >\n\t<a itemprop=\"url\" class=\"qodef-e-title-link\" href=\"https:\/\/admira.se\/en\/andrade-rutiner-for-hpv-och-cellprovtagning\/\">\n\t\t\u00c4ndrade rutiner f\u00f6r HPV och cellprovtagning 2026\t<\/a>\n<\/h2>\n\t\t\t<\/div>\n\t\t<\/div>\n\t<\/div>\n<\/article>\n<article class=\"qodef-e qodef-blog-item qodef-grid-item qodef-item--full post-7379 post type-post status-publish format-standard has-post-thumbnail hentry category-aktuellt\">\n\t<div class=\"qodef-e-inner\">\n\t\t<div class=\"qodef-e-media\">\n\t\t<div class=\"qodef-e-media-image\">\n\t\t<a itemprop=\"url\" href=\"https:\/\/admira.se\/en\/kikhosta-okar\/\">\n\t\t\t<img loading=\"lazy\" decoding=\"async\" width=\"700\" height=\"488\" src=\"https:\/\/admira.se\/wp-content\/uploads\/2024\/10\/influensavaccin-700x488-1.jpg\" class=\"attachment-full size-full wp-post-image\" alt=\"\" srcset=\"https:\/\/admira.se\/wp-content\/uploads\/2024\/10\/influensavaccin-700x488-1.jpg 700w, https:\/\/admira.se\/wp-content\/uploads\/2024\/10\/influensavaccin-700x488-1-300x209.jpg 300w\" sizes=\"(max-width: 700px) 100vw, 700px\" \/>\t\t<\/a>\n\t<\/div>\n\t<a itemprop=\"dateCreated\" href=\"https:\/\/admira.se\/en\/2026\/01\/\" class=\"qodef-e-date qodef--blobby entry-date\">\n\t\t<div class=\"qodef-e-date-inner\">\n\t\t\t<span class=\"qodef-e-date-day\">13.<\/span><span class=\"qodef-e-date-month\">Jan<\/span>\t\t<\/div>\n\t\t<svg class=\"qodef-svg--blobby\" width=\"86.543\" height=\"86.189\" viewbox=\"0 0 86.543 86.189\"><path d=\"M3.973,32.71q.329-1.229.712-2.5a37.924,37.924,0,0,1,2.374-6.43c4.605-8.968,15.578-17.859,25.061-20.9C47.03-1.912,59.5-1.541,71.09,10.328c17.035,17.45,21.233,44.143,6.277,63.833C66.553,88.4,37.8,88.726,22.739,81.732c-6.772-3.145-14.6-7.3-19.109-13.468C-3.227,58.882,1.24,42.922,3.973,32.71Z\" \/><\/svg>\t<\/a>\n\t<\/div>\n\t<a itemprop=\"dateCreated\" href=\"https:\/\/admira.se\/en\/2026\/01\/\" class=\"qodef-e-date qodef--blobby entry-date\">\n\t\t<div class=\"qodef-e-date-inner\">\n\t\t\t<span class=\"qodef-e-date-day\">13.<\/span><span class=\"qodef-e-date-month\">Jan<\/span>\t\t<\/div>\n\t\t<svg class=\"qodef-svg--blobby\" width=\"86.543\" height=\"86.189\" viewbox=\"0 0 86.543 86.189\"><path d=\"M3.973,32.71q.329-1.229.712-2.5a37.924,37.924,0,0,1,2.374-6.43c4.605-8.968,15.578-17.859,25.061-20.9C47.03-1.912,59.5-1.541,71.09,10.328c17.035,17.45,21.233,44.143,6.277,63.833C66.553,88.4,37.8,88.726,22.739,81.732c-6.772-3.145-14.6-7.3-19.109-13.468C-3.227,58.882,1.24,42.922,3.973,32.71Z\" \/><\/svg>\t<\/a>\n\t\t\t<div class=\"qodef-e-content\">\n\t\t\t<div class=\"qodef-e-top-holder\">\n\t\t\t\t<div class=\"qodef-e-info qodef--pill\">\n\t\t\t\t\t<a href=\"https:\/\/admira.se\/en\/category\/aktuellt\/\" rel=\"tag\">Latest news<\/a><div class=\"qodef-info-separator-end\"><\/div>\n\t\t\t\t<\/div>\n\t\t\t<\/div>\n\t\t\t<div class=\"qodef-e-text\">\n\t\t\t\t<h2 itemprop=\"name\" class=\"qodef-e-title entry-title\" >\n\t<a itemprop=\"url\" class=\"qodef-e-title-link\" href=\"https:\/\/admira.se\/en\/kikhosta-okar\/\">\n\t\tSkydda ditt nyf\u00f6dda barn mot kikhosta\t<\/a>\n<\/h2>\n\t\t\t<\/div>\n\t\t<\/div>\n\t<\/div>\n<\/article>\n<article class=\"qodef-e qodef-blog-item qodef-grid-item qodef-item--full post-8338 post type-post status-publish format-standard has-post-thumbnail hentry category-aktuellt\">\n\t<div class=\"qodef-e-inner\">\n\t\t<div class=\"qodef-e-media\">\n\t\t<div class=\"qodef-e-media-image\">\n\t\t<a itemprop=\"url\" href=\"https:\/\/admira.se\/en\/mamma-fika\/\">\n\t\t\t<img loading=\"lazy\" decoding=\"async\" width=\"2560\" height=\"1707\" src=\"https:\/\/admira.se\/wp-content\/uploads\/2025\/08\/pexels-feelartfeelant-1028718-scaled.jpg\" class=\"attachment-full size-full wp-post-image\" alt=\"\" srcset=\"https:\/\/admira.se\/wp-content\/uploads\/2025\/08\/pexels-feelartfeelant-1028718-scaled.jpg 2560w, https:\/\/admira.se\/wp-content\/uploads\/2025\/08\/pexels-feelartfeelant-1028718-300x200.jpg 300w, https:\/\/admira.se\/wp-content\/uploads\/2025\/08\/pexels-feelartfeelant-1028718-1024x683.jpg 1024w, https:\/\/admira.se\/wp-content\/uploads\/2025\/08\/pexels-feelartfeelant-1028718-768x512.jpg 768w, https:\/\/admira.se\/wp-content\/uploads\/2025\/08\/pexels-feelartfeelant-1028718-1536x1024.jpg 1536w, https:\/\/admira.se\/wp-content\/uploads\/2025\/08\/pexels-feelartfeelant-1028718-2048x1365.jpg 2048w, https:\/\/admira.se\/wp-content\/uploads\/2025\/08\/pexels-feelartfeelant-1028718-18x12.jpg 18w\" sizes=\"(max-width: 2560px) 100vw, 2560px\" \/>\t\t<\/a>\n\t<\/div>\n\t<a itemprop=\"dateCreated\" href=\"https:\/\/admira.se\/en\/2025\/08\/\" class=\"qodef-e-date qodef--blobby entry-date\">\n\t\t<div class=\"qodef-e-date-inner\">\n\t\t\t<span class=\"qodef-e-date-day\">19.<\/span><span class=\"qodef-e-date-month\">Aug<\/span>\t\t<\/div>\n\t\t<svg class=\"qodef-svg--blobby\" width=\"86.543\" height=\"86.189\" viewbox=\"0 0 86.543 86.189\"><path d=\"M3.973,32.71q.329-1.229.712-2.5a37.924,37.924,0,0,1,2.374-6.43c4.605-8.968,15.578-17.859,25.061-20.9C47.03-1.912,59.5-1.541,71.09,10.328c17.035,17.45,21.233,44.143,6.277,63.833C66.553,88.4,37.8,88.726,22.739,81.732c-6.772-3.145-14.6-7.3-19.109-13.468C-3.227,58.882,1.24,42.922,3.973,32.71Z\" \/><\/svg>\t<\/a>\n\t<\/div>\n\t<a itemprop=\"dateCreated\" href=\"https:\/\/admira.se\/en\/2025\/08\/\" class=\"qodef-e-date qodef--blobby entry-date\">\n\t\t<div class=\"qodef-e-date-inner\">\n\t\t\t<span class=\"qodef-e-date-day\">19.<\/span><span class=\"qodef-e-date-month\">Aug<\/span>\t\t<\/div>\n\t\t<svg class=\"qodef-svg--blobby\" width=\"86.543\" height=\"86.189\" viewbox=\"0 0 86.543 86.189\"><path d=\"M3.973,32.71q.329-1.229.712-2.5a37.924,37.924,0,0,1,2.374-6.43c4.605-8.968,15.578-17.859,25.061-20.9C47.03-1.912,59.5-1.541,71.09,10.328c17.035,17.45,21.233,44.143,6.277,63.833C66.553,88.4,37.8,88.726,22.739,81.732c-6.772-3.145-14.6-7.3-19.109-13.468C-3.227,58.882,1.24,42.922,3.973,32.71Z\" \/><\/svg>\t<\/a>\n\t\t\t<div class=\"qodef-e-content\">\n\t\t\t<div class=\"qodef-e-top-holder\">\n\t\t\t\t<div class=\"qodef-e-info qodef--pill\">\n\t\t\t\t\t<a href=\"https:\/\/admira.se\/en\/category\/aktuellt\/\" rel=\"tag\">Latest news<\/a><div class=\"qodef-info-separator-end\"><\/div>\n\t\t\t\t<\/div>\n\t\t\t<\/div>\n\t\t\t<div class=\"qodef-e-text\">\n\t\t\t\t<h2 itemprop=\"name\" class=\"qodef-e-title entry-title\" >\n\t<a itemprop=\"url\" class=\"qodef-e-title-link\" href=\"https:\/\/admira.se\/en\/mamma-fika\/\">\n\t\tMamma Fika\t<\/a>\n<\/h2>\n\t\t\t<\/div>\n\t\t<\/div>\n\t<\/div>\n<\/article>\n<article class=\"qodef-e qodef-blog-item qodef-grid-item qodef-item--full post-7389 post type-post status-publish format-standard has-post-thumbnail hentry category-lattgynekologi\">\n\t<div class=\"qodef-e-inner\">\n\t\t<div class=\"qodef-e-media\">\n\t\t<div class=\"qodef-e-media-image\">\n\t\t<a itemprop=\"url\" href=\"https:\/\/admira.se\/en\/lattgynekologi-hos-barnmorska\/\">\n\t\t\t<img loading=\"lazy\" decoding=\"async\" width=\"992\" height=\"558\" src=\"https:\/\/admira.se\/wp-content\/uploads\/2024\/10\/v-cellprov-0-jpg.jpg\" class=\"attachment-full size-full wp-post-image\" alt=\"\" srcset=\"https:\/\/admira.se\/wp-content\/uploads\/2024\/10\/v-cellprov-0-jpg.jpg 992w, https:\/\/admira.se\/wp-content\/uploads\/2024\/10\/v-cellprov-0-jpg-300x169.jpg 300w, https:\/\/admira.se\/wp-content\/uploads\/2024\/10\/v-cellprov-0-jpg-768x432.jpg 768w\" sizes=\"(max-width: 992px) 100vw, 992px\" \/>\t\t<\/a>\n\t<\/div>\n\t<a itemprop=\"dateCreated\" href=\"https:\/\/admira.se\/en\/2024\/08\/\" class=\"qodef-e-date qodef--blobby entry-date\">\n\t\t<div class=\"qodef-e-date-inner\">\n\t\t\t<span class=\"qodef-e-date-day\">24.<\/span><span class=\"qodef-e-date-month\">Aug<\/span>\t\t<\/div>\n\t\t<svg class=\"qodef-svg--blobby\" width=\"86.543\" height=\"86.189\" viewbox=\"0 0 86.543 86.189\"><path d=\"M3.973,32.71q.329-1.229.712-2.5a37.924,37.924,0,0,1,2.374-6.43c4.605-8.968,15.578-17.859,25.061-20.9C47.03-1.912,59.5-1.541,71.09,10.328c17.035,17.45,21.233,44.143,6.277,63.833C66.553,88.4,37.8,88.726,22.739,81.732c-6.772-3.145-14.6-7.3-19.109-13.468C-3.227,58.882,1.24,42.922,3.973,32.71Z\" \/><\/svg>\t<\/a>\n\t<\/div>\n\t<a itemprop=\"dateCreated\" href=\"https:\/\/admira.se\/en\/2024\/08\/\" class=\"qodef-e-date qodef--blobby entry-date\">\n\t\t<div class=\"qodef-e-date-inner\">\n\t\t\t<span class=\"qodef-e-date-day\">24.<\/span><span class=\"qodef-e-date-month\">Aug<\/span>\t\t<\/div>\n\t\t<svg class=\"qodef-svg--blobby\" width=\"86.543\" height=\"86.189\" viewbox=\"0 0 86.543 86.189\"><path d=\"M3.973,32.71q.329-1.229.712-2.5a37.924,37.924,0,0,1,2.374-6.43c4.605-8.968,15.578-17.859,25.061-20.9C47.03-1.912,59.5-1.541,71.09,10.328c17.035,17.45,21.233,44.143,6.277,63.833C66.553,88.4,37.8,88.726,22.739,81.732c-6.772-3.145-14.6-7.3-19.109-13.468C-3.227,58.882,1.24,42.922,3.973,32.71Z\" \/><\/svg>\t<\/a>\n\t\t\t<div class=\"qodef-e-content\">\n\t\t\t<div class=\"qodef-e-top-holder\">\n\t\t\t\t<div class=\"qodef-e-info qodef--pill\">\n\t\t\t\t\t<a href=\"https:\/\/admira.se\/en\/category\/lattgynekologi\/\" rel=\"tag\">Gynecological problems<\/a><div class=\"qodef-info-separator-end\"><\/div>\n\t\t\t\t<\/div>\n\t\t\t<\/div>\n\t\t\t<div class=\"qodef-e-text\">\n\t\t\t\t<h2 itemprop=\"name\" class=\"qodef-e-title entry-title\" >\n\t<a itemprop=\"url\" class=\"qodef-e-title-link\" href=\"https:\/\/admira.se\/en\/lattgynekologi-hos-barnmorska\/\">\n\t\tL\u00e4ttgynekologi hos barnmorska\t<\/a>\n<\/h2>\n\t\t\t<\/div>\n\t\t<\/div>\n\t<\/div>\n<\/article>\n\t<\/div>\n\t\t<div class=\"qodef-m-pagination qodef--standard\" style=\"margin-top: 93px\">\n\t\t<div class=\"qodef-m-pagination-inner\">\n\t\t\t<nav class=\"qodef-m-pagination-items\">\n\t\t\t\t<a class=\"qodef-m-pagination-item qodef--prev qodef--hide\" href=\"#\" data-paged=\"1\">\n\t\t\t\t\t<svg class=\"qodef-svg--pagination-arrow-left\" width=\"62.704\" height=\"17.383\" viewbox=\"0 0 62.704 17.383\"><path d=\"M37.42559761 7.38843823c-12.55234879.43833768-25.13841049-.08873618-28.0346451.01240256L3.5607728 6.63784633 6.39158037 4.6058147a11.992 11.992 0 0 0 2.83080757-2.0320316c-.03371292-.96541154-2.93194631-.864203-3.86364494.13492146.03371291.96541154-.93169863.99912445-1.89711016 1.03283736S.59711235 4.808162.63082527 5.77357353c-.93169863.99912445-.89798572 1.964536 4.09770635 6.6250279a42.768 42.768 0 0 0 5.96517096 4.62863818c1.93082308-.06742583 1.82961454-2.96565923-1.1339761-4.79334478l-2.0340304-2.83073778 16.44970663.39215241c8.6947002-.30362562 21.27683413.22558662 26.13760474 1.02243359 7.759004.69563843 10.6572374.59442989 11.58793664-.40465966 2.79602547-2.99940704-1.0994732-3.8339645-24.27534648-3.02464516Z\" \/><\/svg>\t\t\t\t<\/a>\n\t\t\t\t\t\t\t\t\t<a class=\"qodef-m-pagination-item qodef--number qodef--number-1 qodef--active qodef-prev--hidden\" href=\"#\" data-paged=\"1\">\n\t\t\t\t\t\t<span class=\"qodef-m-pagination-circle\">\n\t\t\t\t\t\t\t<svg class=\"qodef-svg--freeform-circle\" width=\"44.745\" height=\"38.498\" viewbox=\"0 0 44.745 38.498\"><path d=\"M16.5 4c3-2.8 11.5-9.4 23.4 5.6 1.5 1.9 5.6 7.3 4.2 13.7-1.6 7.9-9 11-11.7 12C13 42.6-.4 27.8 0 17.8 1.1-.2 24.8-2 32.8 4.6\" \/><\/svg>\t\t\t\t\t\t<\/span>\n\t\t\t\t\t\t01\t\t\t\t\t<\/a>\n\t\t\t\t\t\t\t\t\t\t\t\t\t\t<a class=\"qodef-m-pagination-item qodef--number qodef--number-2\" href=\"#\" data-paged=\"2\">\n\t\t\t\t\t\t<span class=\"qodef-m-pagination-circle\">\n\t\t\t\t\t\t\t<svg class=\"qodef-svg--freeform-circle\" width=\"44.745\" height=\"38.498\" viewbox=\"0 0 44.745 38.498\"><path d=\"M16.5 4c3-2.8 11.5-9.4 23.4 5.6 1.5 1.9 5.6 7.3 4.2 13.7-1.6 7.9-9 11-11.7 12C13 42.6-.4 27.8 0 17.8 1.1-.2 24.8-2 32.8 4.6\" \/><\/svg>\t\t\t\t\t\t<\/span>\n\t\t\t\t\t\t02\t\t\t\t\t<\/a>\n\t\t\t\t\t\t\t\t\t\t\t\t\t<a class=\"qodef-m-pagination-item qodef--next\" href=\"#\" data-paged=\"2\">\n\t\t\t\t\t<svg class=\"qodef-svg--pagination-arrow-right\" width=\"63.152\" height=\"19.545\" viewbox=\"0 0 63.152 19.545\"><path data-name=\"Path 190\" d=\"M25.53745896 11.28524456c12.5292207-.87876545 25.12602798-.79389815 28.0169262-.99665788l5.8533732.5578334-2.75772016 2.13016515a11.992 11.992 0 0 0-2.75772016 2.13016514c.06758658.96363274 2.9604799.76073307 3.85652606-.27048624-.06758658-.96363274.89604616-1.03121932 1.8596789-1.0988059s2.82530673-1.1665324 2.75772015-2.13016514c.89604616-1.03121932.82845958-1.99485205-4.32777693-6.47707796A42.768 42.768 0 0 0 51.91446684.71386057c-1.92726547.13517316-1.7243658 3.02806647 1.30156563 4.75057712l2.13216024 2.75758022-16.45333333.18561895c-8.67867994.608699-21.27163695.52155674-26.15738722-.1041431-7.77864358-.4228002-10.6715369-.21990053-11.5665855.81124882-2.6889961 3.09572301 1.23340129 3.79299964 24.3665723 2.17050198Z\" \/><\/svg>\t\t\t\t<\/a>\n\t\t\t<\/nav>\n\t\t<\/div>\n\t<\/div>\n\t<svg class=\"qodef-svg--spinner qodef-m-pagination-spinner\" xmlns=\"http:\/\/www.w3.org\/2000\/svg\" width=\"512\" height=\"512\" viewbox=\"0 0 512 512\"><path d=\"M304 48c0 26.51-21.49 48-48 48s-48-21.49-48-48 21.49-48 48-48 48 21.49 48 48zm-48 368c-26.51 0-48 21.49-48 48s21.49 48 48 48 48-21.49 48-48-21.49-48-48-48zm208-208c-26.51 0-48 21.49-48 48s21.49 48 48 48 48-21.49 48-48-21.49-48-48-48zM96 256c0-26.51-21.49-48-48-48S0 229.49 0 256s21.49 48 48 48 48-21.49 48-48zm12.922 99.078c-26.51 0-48 21.49-48 48s21.49 48 48 48 48-21.49 48-48c0-26.509-21.491-48-48-48zm294.156 0c-26.51 0-48 21.49-48 48s21.49 48 48 48 48-21.49 48-48c0-26.509-21.49-48-48-48zM108.922 60.922c-26.51 0-48 21.49-48 48s21.49 48 48 48 48-21.49 48-48-21.491-48-48-48z\"><\/path><\/svg><\/div>\n\t\t\t\t<\/div>\n\t\t\t\t<\/div>\n\t\t\t\t\t<\/div>\n\t\t\t\t<\/div>\n\t\t\t\t<\/div>","protected":false},"excerpt":{"rendered":"<p>24.aug 24.aug L\u00e4ttgynekologi L\u00e4ttgynekologi hos barnmorska 13.jun 13.jun Aktuellt Patientavgifter 13.jun 13.jun Aktuellt Kikhosta \u00f6kar i Sverige 20.feb 20.feb HPV vaccination HPV-vaccination &#8211; NYHET fr\u00e5n 2023 25.nov 25.nov Gravid TIDIGT ULTRALJUD i Lund v8+<\/p>","protected":false},"author":1,"featured_media":0,"parent":0,"menu_order":0,"comment_status":"closed","ping_status":"closed","template":"","meta":{"footnotes":""},"class_list":["post-1380","page","type-page","status-publish","hentry"],"_links":{"self":[{"href":"https:\/\/admira.se\/en\/wp-json\/wp\/v2\/pages\/1380","targetHints":{"allow":["GET"]}}],"collection":[{"href":"https:\/\/admira.se\/en\/wp-json\/wp\/v2\/pages"}],"about":[{"href":"https:\/\/admira.se\/en\/wp-json\/wp\/v2\/types\/page"}],"author":[{"embeddable":true,"href":"https:\/\/admira.se\/en\/wp-json\/wp\/v2\/users\/1"}],"replies":[{"embeddable":true,"href":"https:\/\/admira.se\/en\/wp-json\/wp\/v2\/comments?post=1380"}],"version-history":[{"count":7,"href":"https:\/\/admira.se\/en\/wp-json\/wp\/v2\/pages\/1380\/revisions"}],"predecessor-version":[{"id":7756,"href":"https:\/\/admira.se\/en\/wp-json\/wp\/v2\/pages\/1380\/revisions\/7756"}],"wp:attachment":[{"href":"https:\/\/admira.se\/en\/wp-json\/wp\/v2\/media?parent=1380"}],"curies":[{"name":"wp","href":"https:\/\/api.w.org\/{rel}","templated":true}]}}