{"id":3,"date":"2024-10-07T10:24:49","date_gmt":"2024-10-07T10:24:49","guid":{"rendered":"https:\/\/stage.admira.se\/?page_id=3"},"modified":"2024-10-09T17:37:15","modified_gmt":"2024-10-09T15:37:15","slug":"dataskyddspolicy","status":"publish","type":"page","link":"https:\/\/admira.se\/en\/om-oss\/dataskyddspolicy\/","title":{"rendered":"Dataskyddspolicy"},"content":{"rendered":"<div data-elementor-type=\"wp-page\" data-elementor-id=\"3\" class=\"elementor elementor-3\">\n\t\t\t\t<div class=\"elementor-element elementor-element-ed0b003 e-flex e-con-boxed e-con e-parent\" data-id=\"ed0b003\" data-element_type=\"container\" data-e-type=\"container\">\n\t\t\t\t\t<div class=\"e-con-inner\">\n\t\t\t\t<div class=\"elementor-element elementor-element-575819c elementor-widget elementor-widget-toddlerplay_core_section_title\" data-id=\"575819c\" data-element_type=\"widget\" data-e-type=\"widget\" data-widget_type=\"toddlerplay_core_section_title.default\">\n\t\t\t\t<div class=\"elementor-widget-container\">\n\t\t\t\t\t<div class=\"qodef-shortcode qodef-m  qodef-section-title qodef-alignment--left\">\n\t\t<h2 class=\"qodef-m-title\" >\n\t\t\t\t\tVi v\u00e4rnar om din integritet\t\t\t<\/h2>\n\t\t\t<p class=\"qodef-m-text\" >\n\t\tDen 25 maj 2018 ers\u00e4ttes personuppgiftslagen med dataskyddsf\u00f6rordningen (GDPR). \nI samband med den nya GDPR-lagen vill vi informera om hur vi hanterar dina personuppgifter.\n\nF\u00f6r Admira Kvinnoh\u00e4lsa \u00e4r personlig integritet viktigt och vi vill att du skall k\u00e4nna dig trygg med hur dina personuppgifter behandlas hos oss. I denna dataskyddspolicy informerar vi om hur vi samlar in och anv\u00e4nder dina personuppgifter. Du \u00e4r alltid v\u00e4lkommen att kontakta oss om du har fr\u00e5gor om hur vi behandlar dina personuppgifter. \t<\/p>\n<\/div>\n\t\t\t\t<\/div>\n\t\t\t\t<\/div>\n\t\t\t\t<div class=\"elementor-element elementor-element-403d59c elementor-widget elementor-widget-toddlerplay_core_section_title\" data-id=\"403d59c\" data-element_type=\"widget\" data-e-type=\"widget\" data-widget_type=\"toddlerplay_core_section_title.default\">\n\t\t\t\t<div class=\"elementor-widget-container\">\n\t\t\t\t\t<div class=\"qodef-shortcode qodef-m  qodef-section-title qodef-alignment--left\">\n\t\t<h2 class=\"qodef-m-title\" >\n\t\t\t\t\tVad \u00e4r personuppgift?\t\t\t<\/h2>\n\t\t\t<p class=\"qodef-m-text\" >\n\t\tPersonuppgift \u00e4r varje uppgift varigenom en fysisk, levande person direkt eller indirekt kan identifieras t.ex. personnummer, namn, e-post, bild, telefonnummer mm.\n\n\t<\/p>\n<\/div>\n\t\t\t\t<\/div>\n\t\t\t\t<\/div>\n\t\t\t\t<div class=\"elementor-element elementor-element-3db389e elementor-widget elementor-widget-toddlerplay_core_section_title\" data-id=\"3db389e\" data-element_type=\"widget\" data-e-type=\"widget\" data-widget_type=\"toddlerplay_core_section_title.default\">\n\t\t\t\t<div class=\"elementor-widget-container\">\n\t\t\t\t\t<div class=\"qodef-shortcode qodef-m  qodef-section-title qodef-alignment--left\">\n\t\t<h2 class=\"qodef-m-title\" >\n\t\t\t\t\tVilka personuppgifter samlar vi in om dig och varf\u00f6r?\t\t\t<\/h2>\n\t\t\t<p class=\"qodef-m-text\" >\n\t\tDe personuppgifter som lagras av Admira Kvinnoh\u00e4lsa \u00e4r prim\u00e4rt avsedda f\u00f6r att uppr\u00e4tth\u00e5lla de \u00e5taganden vi har med dig som kund.\n\nVi behandlar i huvudsak ditt namn, personnummer, journal, e-postadress och telefonnummer och skiljer p\u00e5 vanliga och k\u00e4nsliga personuppgifter. K\u00e4nsliga uppgifter \u00e4r till exempel etniskt ursprung, politiska \u00e5sikter, religi\u00f6s eller filosofisk \u00f6vertygelse och Admira Kvinnoh\u00e4lsa kommer aldrig att ta in och samla data om k\u00e4nsliga uppgifter. Vi uppmanar v\u00e5ra kunder att inte f\u00f6ra in anteckningar av k\u00e4nslig karakt\u00e4r i v\u00e5rt bokningssystem.\n\t<\/p>\n<\/div>\n\t\t\t\t<\/div>\n\t\t\t\t<\/div>\n\t\t\t\t<div class=\"elementor-element elementor-element-1407309 elementor-widget elementor-widget-text-editor\" data-id=\"1407309\" data-element_type=\"widget\" data-e-type=\"widget\" data-widget_type=\"text-editor.default\">\n\t\t\t\t<div class=\"elementor-widget-container\">\n\t\t\t\t\t\t\t\t\t<ul><li>Bokningssystemet Boka Direkt &#8211; Genom att vi lagrar dina personuppgifter kan vi p\u00e5 ett\u00a0 effektivt s\u00e4tt hantera dina bokningar samt att vi kan skicka information kring din bokning, avbokningsregler mm. Uppgifterna i v\u00e5rt bokningsystem anv\u00e4nds endast av Admira Kvinnoh\u00e4lsa och sprids aldrig vidare. L\u00e4s mer:\u00a0<a href=\"https:\/\/blogg.bokadirekt.se\/anvandarvillkor\/\">https:\/\/blogg.bokadirekt.se\/anvandarvillkor\/<\/a><br \/><br \/><\/li><li>Journalsystem &#8211; Vi arbetar p\u00e5 uppdrag av Region Sk\u00e5ne och journalf\u00f6r din bes\u00f6k i anvisat journalsystem samt registrerar i anvisade system f\u00f6r &#8221;listning under graviditet&#8221;, bes\u00f6ksregistrering samt i f\u00f6rekommande fall nationella graviditetsregistret. Vi delar \u00e4ven dina personuppgifter med vissa andra akt\u00f6rer som \u00e4r sj\u00e4lvst\u00e4ndigt personuppgiftsansvariga. Det kan handla om myndigheter, till exempel F\u00f6rs\u00e4kringskassan.\u00a0<br \/><br \/><\/li><li>Epost &#8211; Admira Kvinnoh\u00e4lsa arbetar med vanlig email, dessa raderas s\u00e5 snart de \u00e4r hanterade eller senast efter 12 m\u00e5nader. S\u00e4ker kommunikation sker via 1177 V\u00e5rdguidens E-tj\u00e4nster.\u00a0<br \/><br \/><\/li><li>Hemsidan och cookies &#8211; Admira Kvinnoh\u00e4lsas webbplats anv\u00e4nder s\u00e5 kallade kakor f\u00f6r att spara statistik om hur m\u00e5nga bes\u00f6kare vi har och vilka sidor de bes\u00f6ker. Syftet \u00e4r att f\u00f6rb\u00e4ttra webbplatsen och bes\u00f6karens upplevelse. F\u00f6r detta f\u00f6rs statistik \u00f6ver tid och analys sker av s\u00f6km\u00f6nster p\u00e5 webbplatsen. R\u00e4ttsligt st\u00f6d f\u00f6r hanteringen \u00e4r ber\u00e4ttigat intresse. IP-numren behandlas ytterst momentant (h\u00f6gst n\u00e5gra minuter). En cookie \u00e4r en liten textfil som lagras p\u00e5 anv\u00e4ndarens dator. Cookies anv\u00e4nds normalt f\u00f6r att f\u00f6rb\u00e4ttra webbplatsen f\u00f6r anv\u00e4ndaren, till exempel f\u00f6r att kunna anpassa en webbplats efter bes\u00f6karens \u00f6nskem\u00e5l och val. Det \u00e4r upp till dig som bes\u00f6kare om du vill acceptera cookies och du kan n\u00e4r som helst st\u00e4nga av cookies i din webbl\u00e4sare.<\/li><\/ul>\t\t\t\t\t\t\t\t<\/div>\n\t\t\t\t<\/div>\n\t\t\t\t<div class=\"elementor-element elementor-element-b5bfaae elementor-widget elementor-widget-toddlerplay_core_section_title\" data-id=\"b5bfaae\" data-element_type=\"widget\" data-e-type=\"widget\" data-widget_type=\"toddlerplay_core_section_title.default\">\n\t\t\t\t<div class=\"elementor-widget-container\">\n\t\t\t\t\t<div class=\"qodef-shortcode qodef-m  qodef-section-title qodef-alignment--left\">\n\t\t<h2 class=\"qodef-m-title\" >\n\t\t\t\t\tDina r\u00e4ttigheter\t\t\t<\/h2>\n\t\t\t<p class=\"qodef-m-text\" >\n\t\tDu har r\u00e4tt att kontakta oss f\u00f6r att f\u00e5 information om vilka uppgifter som behandlas om dig eller f\u00f6r att beg\u00e4ra r\u00e4ttelse, radering eller begr\u00e4nsning av dina personuppgifter. Detta g\u00e4ller personuppgifter utanf\u00f6r Region Sk\u00e5nes journalsystem, exempelvis v\u00e5rt bokningssystem Boka Direkt samt e-post med Admira Kvinnoh\u00e4lsa. \n\nF\u00f6r journaluppgifter g\u00e4ller villkoren i Patientdatalagen och andra till\u00e4mpliga lagar och styrdokument. Mer information om din journal och dina r\u00e4ttigheter att ta del av den hittar du p\u00e5 V\u00e5rdguiden, 1177.se.\n\t<\/p>\n<\/div>\n\t\t\t\t<\/div>\n\t\t\t\t<\/div>\n\t\t\t\t<div class=\"elementor-element elementor-element-8ed5eb8 elementor-widget elementor-widget-toddlerplay_core_section_title\" data-id=\"8ed5eb8\" data-element_type=\"widget\" data-e-type=\"widget\" data-widget_type=\"toddlerplay_core_section_title.default\">\n\t\t\t\t<div class=\"elementor-widget-container\">\n\t\t\t\t\t<div class=\"qodef-shortcode qodef-m  qodef-section-title qodef-alignment--left\">\n\t\t<h2 class=\"qodef-m-title\" >\n\t\t\t\t\tPersonuppgiftsansvarig\t\t\t<\/h2>\n\t\t\t<p class=\"qodef-m-text\" >\n\t\tPersonuppgiftsansvarig \u00e4r Admira Kvinnoh\u00e4lsa AB (org nr 556726-2166), Stora S\u00f6dergatan 3, 222 23  Lund.  \n\n\nF\u00f6r journaluppgifter g\u00e4ller villkoren i Patientdatalagen och andra till\u00e4mpliga lagar och styrdokument. Mer information om din journal och dina r\u00e4ttigheter att ta del av den hittar du p\u00e5 V\u00e5rdguiden, 1177.se.\n\t<\/p>\n<\/div>\n\t\t\t\t<\/div>\n\t\t\t\t<\/div>\n\t\t\t\t<div class=\"elementor-element elementor-element-991bb79 elementor-widget elementor-widget-toddlerplay_core_section_title\" data-id=\"991bb79\" data-element_type=\"widget\" data-e-type=\"widget\" data-widget_type=\"toddlerplay_core_section_title.default\">\n\t\t\t\t<div class=\"elementor-widget-container\">\n\t\t\t\t\t<div class=\"qodef-shortcode qodef-m  qodef-section-title qodef-alignment--left\">\n\t\t<h2 class=\"qodef-m-title\" >\n\t\t\t\t\tTillsynsmyndighet och f\u00f6rdjupad information\t\t\t<\/h2>\n\t\t\t<p class=\"qodef-m-text\" >\n\t\tDatainspektionen \u00e4r ansvarig myndighet f\u00f6r att \u00f6vervaka till\u00e4mpningen av lagstiftningen kring dataskydd. Om du anser att vi agerar felaktigt eller beh\u00f6ver f\u00f6rdjupad information om Dataskyddsf\u00f6rordningen, kan du kontakta Datainspektionen www.datainspektionen.se\t<\/p>\n<\/div>\n\t\t\t\t<\/div>\n\t\t\t\t<\/div>\n\t\t\t\t\t<\/div>\n\t\t\t\t<\/div>\n\t\t\t\t<\/div>","protected":false},"excerpt":{"rendered":"<p>Vi v\u00e4rnar om din integritet Den 25 maj 2018 ers\u00e4ttes personuppgiftslagen med dataskyddsf\u00f6rordningen (GDPR). I samband med den nya GDPR-lagen vill vi informera om hur vi hanterar dina personuppgifter. F\u00f6r Admira Kvinnoh\u00e4lsa \u00e4r personlig integritet viktigt och vi vill att du skall k\u00e4nna dig trygg med hur dina personuppgifter behandlas hos oss. I denna dataskyddspolicy [&hellip;]<\/p>\n","protected":false},"author":1,"featured_media":0,"parent":1324,"menu_order":0,"comment_status":"closed","ping_status":"closed","template":"","meta":{"footnotes":""},"class_list":["post-3","page","type-page","status-publish","hentry"],"_links":{"self":[{"href":"https:\/\/admira.se\/en\/wp-json\/wp\/v2\/pages\/3","targetHints":{"allow":["GET"]}}],"collection":[{"href":"https:\/\/admira.se\/en\/wp-json\/wp\/v2\/pages"}],"about":[{"href":"https:\/\/admira.se\/en\/wp-json\/wp\/v2\/types\/page"}],"author":[{"embeddable":true,"href":"https:\/\/admira.se\/en\/wp-json\/wp\/v2\/users\/1"}],"replies":[{"embeddable":true,"href":"https:\/\/admira.se\/en\/wp-json\/wp\/v2\/comments?post=3"}],"version-history":[{"count":5,"href":"https:\/\/admira.se\/en\/wp-json\/wp\/v2\/pages\/3\/revisions"}],"predecessor-version":[{"id":7126,"href":"https:\/\/admira.se\/en\/wp-json\/wp\/v2\/pages\/3\/revisions\/7126"}],"up":[{"embeddable":true,"href":"https:\/\/admira.se\/en\/wp-json\/wp\/v2\/pages\/1324"}],"wp:attachment":[{"href":"https:\/\/admira.se\/en\/wp-json\/wp\/v2\/media?parent=3"}],"curies":[{"name":"wp","href":"https:\/\/api.w.org\/{rel}","templated":true}]}}