{"id":7197,"date":"2024-10-09T11:02:53","date_gmt":"2024-10-09T09:02:53","guid":{"rendered":"https:\/\/stage.admira.se\/?page_id=7197"},"modified":"2026-03-20T09:06:56","modified_gmt":"2026-03-20T08:06:56","slug":"gravid-pa-admira-kvinnohalsa","status":"publish","type":"page","link":"https:\/\/admira.se\/en\/gravid-pa-admira-kvinnohalsa\/","title":{"rendered":"Antenatal Care"},"content":{"rendered":"<div data-elementor-type=\"wp-page\" data-elementor-id=\"7197\" class=\"elementor elementor-7197\">\n\t\t\t\t<div class=\"elementor-element elementor-element-ab0c6f1 e-flex e-con-boxed e-con e-parent\" data-id=\"ab0c6f1\" data-element_type=\"container\" data-e-type=\"container\">\n\t\t\t\t\t<div class=\"e-con-inner\">\n\t\t\t\t<div class=\"elementor-element elementor-element-f62b4e9 elementor-widget elementor-widget-text-editor\" data-id=\"f62b4e9\" data-element_type=\"widget\" data-e-type=\"widget\" data-widget_type=\"text-editor.default\">\n\t\t\t\t<div class=\"elementor-widget-container\">\n\t\t\t\t\t\t\t\t\t<p class=\"preamble\"><strong>At Admira Kvinnoh\u00e4lsa you will meet a dedicated midwife who will support you and your partner throughout your pregnancy.\u00a0<\/strong><\/p><p>The appointments are scheduled and tailored to your individual needs, based on Region Sk\u00e5nes standard programme for antenatal care. You are welcome to contact your midwife after a positive pregnancy test or if you wish to have a pregnancy test taken.<\/p><p>H\u00e4r kan du ta del av\u00a0 <a href=\"https:\/\/vardgivare.skane.se\/siteassets\/2.-patientadministration\/patientinformation\/graviditet\/modravard_infoblad_a4_graviditetskalender.pdf\">Graviditetskalendern<\/a> som \u00e4r en illustrerad \u00f6versikt av basprogrammet f\u00f6r graviditets\u00f6vervakning.<\/p><p>Du som \u00e4r orolig eller<a href=\"https:\/\/www.1177.se\/Skane\/barn--gravid\/forlossning\/forberedelser-infor-forlossningen\/forlossningsradsla\/\">\u00a0r\u00e4dd inf\u00f6r f\u00f6rlossningen\u00a0<\/a>kan beh\u00f6va extra st\u00f6d. Din barnmorska hj\u00e4lper dig med det.<\/p><p>Att vara gravid kan v\u00e4cka m\u00e5nga tankar och funderingar. Du kanske har varit med om n\u00e5gonting tidigare i livet som du t\u00e4nker mycket p\u00e5 nu. Det kan vara bra att bearbeta s\u00e5dana h\u00e4ndelser innan barnet f\u00f6ds. D\u00e5 \u00e4r det bra att prata med din barnmorska, som kan remittera till <a href=\"https:\/\/www.1177.se\/Skane\/hitta-vard\/kontaktkort\/Psykologmottagningen-Barn-och-foraldrahalsa-Lund\/\">Psykologmottagningen Barn- och F\u00f6r\u00e4ldrah\u00e4lsa<\/a> eller <a href=\"https:\/\/www.1177.se\/Skane\/liv--halsa\/psykisk-halsa\/att-soka-stod-och-hjalp\/barn--och-ungdomspsykiatrins-spadbarnsverksamhet-i-skane\/\">Sp\u00e4dbarnsverksamheten<\/a><\/p><p>Se g\u00e4rna <a href=\"https:\/\/play.mediaflow.com\/ovp\/17\/16DFEHFUFZ\">denna filmen<\/a> om hur det kan k\u00e4nnas att vara gravid och nybliven f\u00f6r\u00e4lder, och vilket st\u00f6d man kan f\u00e5.<\/p><p>Om du har en relation som \u00e4r problemfylld kan det vara bra att f\u00e5 hj\u00e4lp med det under graviditeten. Din barnmorska hj\u00e4lper till med kontakter.<\/p><p>If needed, we can make an appointment for you with our specialist physician.\u00a0<\/p><p>We collaborate closely with the Women\u2019s clinic at the University Hospital in Lund. <a href=\"https:\/\/emmaultraljud.se\/\" target=\"_blank\" rel=\"noopener\">For prenatal testing we mostly collaborate with the ultrasound departments at EMMAKLINIKEN Lund<\/a> but also with <a href=\"https:\/\/amnionkliniken.se\/\">Amnionkliniken<\/a>.\u00a0<\/p><h3>We offer you:\u00a0<\/h3><p>- Antenatal checkups <a href=\"https:\/\/www.1177.se\/en\/Skane\/other-languages\/other-languages\/graviditet---andra-sprak\/besok-pa-barnmorskemottagningen-engelska\/\" target=\"_blank\" rel=\"noopener\">according to Region Sk\u00e5ne guidelines<\/a>\u00a0and essentioal support throughout the childbirth journey.<\/p><p>&#8211;\u00a0\u00a0<a href=\"\/en\/gravid-pa-admira-kvinnohalsa\/grupptraff-tema-forlossning\/\">Grupptr\u00e4ff Tema F\u00f6rlossning\u00a0<\/a><\/p><p>&#8211;\u00a0\u00a0<a href=\"\/en\/gravid-pa-admira-kvinnohalsa\/grupptraff-tema-den-fjarde-trimestern\/\">Grupptr\u00e4ff Tema Den fj\u00e4rde Trimestern<\/a><\/p><p>&#8211;\u00a0\u00a0<a href=\"\/en\/gravid-pa-admira-kvinnohalsa\/grupptraff-amning\/\">Grupptr\u00e4ff Amning<\/a><\/p><p>&#8211;\u00a0\u00a0<a href=\"\/en\/gravid-pa-admira-kvinnohalsa\/foda-utan-radsla\/\">F\u00f6da Utan R\u00e4dsla Online<\/a><\/p><p>&#8211;\u00a0 <a href=\"\/en\/gravid-pa-admira-kvinnohalsa\/ett-par-blir-familj\/\">Ett par blir familj Online<\/a><\/p><p>&#8211;\u00a0<a href=\"\/en\/gravid-pa-admira-kvinnohalsa\/forlossningsforberedelse\/\"> Childbirth preparation<\/a> (online courses, webinars, pre-recorded lectures)<\/p><p>&#8211; <a href=\"https:\/\/admira.se\/en\/gravid-pa-admira-kvinnohalsa\/mamma-fika\/\">Mamma Fika<\/a><\/p><p>&#8211; <a href=\"https:\/\/admira.se\/en\/gravid-pa-admira-kvinnohalsa\/vattentraning-for-gravida\/\">Vattentr\u00e4ning f\u00f6r gravida (du beh\u00f6ver inte vara listad hos oss f\u00f6r att delta)<\/a><\/p>\t\t\t\t\t\t\t\t<\/div>\n\t\t\t\t<\/div>\n\t\t\t\t\t<\/div>\n\t\t\t\t<\/div>\n\t\t\t\t<\/div>","protected":false},"excerpt":{"rendered":"<p>Att v\u00e4nta och f\u00f6da barn \u00e4r en av de st\u00f6rsta h\u00e4ndelserna i livet. Din upplevelse av graviditeten och f\u00f6rlossningen \u00e4r unik. Vi g\u00f6r v\u00e5rt b\u00e4sta f\u00f6r att m\u00f6ta just dig och dina behov.\u00a0 P\u00e5 Admira Kvinnoh\u00e4lsa i Lund m\u00f6ter du en trygg och engagerad barnmorska som ger dig och din partner st\u00f6d under hela graviditeten. [&hellip;]<\/p>\n","protected":false},"author":1,"featured_media":7750,"parent":0,"menu_order":0,"comment_status":"closed","ping_status":"closed","template":"","meta":{"footnotes":""},"class_list":["post-7197","page","type-page","status-publish","has-post-thumbnail","hentry"],"_links":{"self":[{"href":"https:\/\/admira.se\/en\/wp-json\/wp\/v2\/pages\/7197","targetHints":{"allow":["GET"]}}],"collection":[{"href":"https:\/\/admira.se\/en\/wp-json\/wp\/v2\/pages"}],"about":[{"href":"https:\/\/admira.se\/en\/wp-json\/wp\/v2\/types\/page"}],"author":[{"embeddable":true,"href":"https:\/\/admira.se\/en\/wp-json\/wp\/v2\/users\/1"}],"replies":[{"embeddable":true,"href":"https:\/\/admira.se\/en\/wp-json\/wp\/v2\/comments?post=7197"}],"version-history":[{"count":44,"href":"https:\/\/admira.se\/en\/wp-json\/wp\/v2\/pages\/7197\/revisions"}],"predecessor-version":[{"id":8649,"href":"https:\/\/admira.se\/en\/wp-json\/wp\/v2\/pages\/7197\/revisions\/8649"}],"wp:featuredmedia":[{"embeddable":true,"href":"https:\/\/admira.se\/en\/wp-json\/wp\/v2\/media\/7750"}],"wp:attachment":[{"href":"https:\/\/admira.se\/en\/wp-json\/wp\/v2\/media?parent=7197"}],"curies":[{"name":"wp","href":"https:\/\/api.w.org\/{rel}","templated":true}]}}