{"id":7202,"date":"2024-10-09T11:07:50","date_gmt":"2024-10-09T09:07:50","guid":{"rendered":"https:\/\/stage.admira.se\/?page_id=7202"},"modified":"2024-12-05T12:47:14","modified_gmt":"2024-12-05T11:47:14","slug":"ultraljud","status":"publish","type":"page","link":"https:\/\/admira.se\/en\/gravid-pa-admira-kvinnohalsa\/ultraljud\/","title":{"rendered":"Prenatal testing"},"content":{"rendered":"<div data-elementor-type=\"wp-page\" data-elementor-id=\"7202\" class=\"elementor elementor-7202\">\n\t\t\t\t<div class=\"elementor-element elementor-element-54fe471 e-flex e-con-boxed e-con e-parent\" data-id=\"54fe471\" data-element_type=\"container\" data-e-type=\"container\">\n\t\t\t\t\t<div class=\"e-con-inner\">\n\t\t\t\t<div class=\"elementor-element elementor-element-6944598 elementor-widget elementor-widget-text-editor\" data-id=\"6944598\" data-element_type=\"widget\" data-e-type=\"widget\" data-widget_type=\"text-editor.default\">\n\t\t\t\t<div class=\"elementor-widget-container\">\n\t\t\t\t\t\t\t\t\t<p class=\"preamble\">Prenatal testing\/screening includes a number of different tests of the baby. The tests can show whether the baby has an illness, a congenital disorder or a chromosomal abnormality. You are always entitled to two ultrasound examinations, but theese are optional.\u00a0<\/p><p><strong><a href=\"https:\/\/emmaultraljud.se\/\" target=\"_blank\" rel=\"noopener\">For prenatal testing we mostly collaborate with the ultrasound departments at EMMAKLINIKEN Lund<\/a> <\/strong>If you register with us during pregnancy, you have the possibility to book a reassurance scan as early in the pregnancy as 8 weeks - at a reduced cost. Ask your midwife for more information.<\/p><p>Ultrasounds\/prenatal testing can also be provided at\u00a0<a href=\"https:\/\/amnionkliniken.se\/\" target=\"_blank\" rel=\"noopener\">Amnionkliniken<\/a> i Lund samt <a href=\"https:\/\/vard.skane.se\/skanes-universitetssjukhus-sus\/mottagningar-och-avdelningar\/gynekologimottagning-ultraljud-lund\/\">but also at the Maternity Clinic Lunds University Hospital.\u00a0<\/a><\/p><p>Our view is that ultrasound examinations are an important part of managing your pregnancy, although we have respect for all examinations that concern your unborn child. We therefore follow the recommendations of the Swedish Radiation Safety Authority, stating that there should always be a medical purpose and the benefit of the examination shall be greater than the presumed risks for the unborn child.\u00a0<a href=\"https:\/\/www.stralsakerhetsmyndigheten.se\/omraden\/stralning-i-varden\/berattigande-och-optimering\/ultraljudsundersokning-vid-graviditet\/\" target=\"_blank\" rel=\"noopener\">Str\u00e5ls\u00e4kerhetsmyndigheten om ultraljud<\/a><\/p><p>We would like to reassure you that as a parent you can feel absolutely confident in the examinations we perform during pregnancy. They are recommended by your midwife and doctor as safe.\u00a0<\/p><p><a href=\"https:\/\/www.1177.se\/Skane\/barn--gravid\/graviditet\/undersokningar-under-graviditeten\/fosterdiagnostik\/\">Read more about prenatal testing here<\/a><\/p>\t\t\t\t\t\t\t\t<\/div>\n\t\t\t\t<\/div>\n\t\t\t\t\t<\/div>\n\t\t\t\t<\/div>\n\t\t\t\t<\/div>","protected":false},"excerpt":{"rendered":"<p>Fosterdiagnostik \u00e4r ett samlingsnamn f\u00f6r olika medicinska unders\u00f6kningar som ger information om fostrets tillst\u00e5nd. All fosterdiagnostik \u00e4r frivillig vilket inneb\u00e4r att du som \u00e4r gravid best\u00e4mmer vilken eller vilka erbjudna unders\u00f6kningar du vill g\u00f6ra. Alla gravida i Region Sk\u00e5ne erbjuds tv\u00e5 ultraljud. V\u00e5r fr\u00e4msta samarbetspartner \u00e4r Emmaultraljudsklinik.\u00a0 Emmakliniken Lund (i samma hus som Admira Kvinnoh\u00e4lsa, [&hellip;]<\/p>\n","protected":false},"author":1,"featured_media":0,"parent":7197,"menu_order":0,"comment_status":"closed","ping_status":"closed","template":"","meta":{"footnotes":""},"class_list":["post-7202","page","type-page","status-publish","hentry"],"_links":{"self":[{"href":"https:\/\/admira.se\/en\/wp-json\/wp\/v2\/pages\/7202","targetHints":{"allow":["GET"]}}],"collection":[{"href":"https:\/\/admira.se\/en\/wp-json\/wp\/v2\/pages"}],"about":[{"href":"https:\/\/admira.se\/en\/wp-json\/wp\/v2\/types\/page"}],"author":[{"embeddable":true,"href":"https:\/\/admira.se\/en\/wp-json\/wp\/v2\/users\/1"}],"replies":[{"embeddable":true,"href":"https:\/\/admira.se\/en\/wp-json\/wp\/v2\/comments?post=7202"}],"version-history":[{"count":37,"href":"https:\/\/admira.se\/en\/wp-json\/wp\/v2\/pages\/7202\/revisions"}],"predecessor-version":[{"id":7830,"href":"https:\/\/admira.se\/en\/wp-json\/wp\/v2\/pages\/7202\/revisions\/7830"}],"up":[{"embeddable":true,"href":"https:\/\/admira.se\/en\/wp-json\/wp\/v2\/pages\/7197"}],"wp:attachment":[{"href":"https:\/\/admira.se\/en\/wp-json\/wp\/v2\/media?parent=7202"}],"curies":[{"name":"wp","href":"https:\/\/api.w.org\/{rel}","templated":true}]}}