{"id":7214,"date":"2024-10-09T11:16:33","date_gmt":"2024-10-09T09:16:33","guid":{"rendered":"https:\/\/stage.admira.se\/?page_id=7214"},"modified":"2026-04-08T17:58:53","modified_gmt":"2026-04-08T15:58:53","slug":"grupptraff-tema-forlossning","status":"publish","type":"page","link":"https:\/\/admira.se\/en\/gravid-pa-admira-kvinnohalsa\/grupptraff-tema-forlossning\/","title":{"rendered":"Grupptr\u00e4ff Tema F\u00f6rlossning"},"content":{"rendered":"<div data-elementor-type=\"wp-page\" data-elementor-id=\"7214\" class=\"elementor elementor-7214\">\n\t\t\t\t<div class=\"elementor-element elementor-element-51b759a e-flex e-con-boxed e-con e-parent\" data-id=\"51b759a\" data-element_type=\"container\" data-e-type=\"container\">\n\t\t\t\t\t<div class=\"e-con-inner\">\n\t\t\t\t<div class=\"elementor-element elementor-element-7a5ccd2 elementor-widget elementor-widget-text-editor\" data-id=\"7a5ccd2\" data-element_type=\"widget\" data-e-type=\"widget\" data-widget_type=\"text-editor.default\">\n\t\t\t\t<div class=\"elementor-widget-container\">\n\t\t\t\t\t\t\t\t\t<h3>F\u00f6r\u00e4ldragrupp f\u00f6r blivande f\u00f6rstag\u00e5ngsf\u00f6r\u00e4ldrar<\/h3>\n<p>Grupptr\u00e4ff f\u00f6r er som v\u00e4ntar f\u00f6rsta barnet och \u00e4r listade p\u00e5 Admira Kvinnoh\u00e4lsa. Tr\u00e4ffen leds av en barnmorska och fokus ligger p\u00e5 f\u00f6dandet. Hur startar en f\u00f6rlossning? Vad inneb\u00e4r latensfasen och hur kan ni tillsammans skapa trygghet och f\u00f6ruts\u00e4ttningar f\u00f6r en positiv upplevelse? Vad kan ni g\u00f6ra hemma under alla timmarna innan ni \u00e5ker in, och vad erbjuds p\u00e5 sjukhuset? Detta och mycket mer g\u00e5r vi igenom tillsammans.<\/p>\n<p>Tr\u00e4ffen \u00e4r kostnadsfri och \u00e4r f\u00f6rlagd i v\u00e5rt v\u00e4ntrum p\u00e5 Admira Kvinnoh\u00e4lsa. Vi rekommenderar att b\u00e5de du och din partner deltar, l\u00e4mplig tidpunkt att delta \u00e4r mellan graviditetsvecka 28-35. Bokning sker via v\u00e5rt bokningssystem.<\/p>\n<p>Grupptr\u00e4ff Tema F\u00f6rlossning h\u00e5lls vid ett tillf\u00e4lle varje m\u00e5nad (med undantag f\u00f6r sommarm\u00e5naderna) mellan kl 16-18.<\/p>\n<p><strong>OBS boka 2 personer om ni kommer b\u00e5da tv\u00e5 och ange kod som du f\u00e5r av din barnmorska<\/strong>.<\/p>\n<h3><strong>&nbsp;2026<\/strong><\/h3>\n<ul>\n<li>5 maj<\/li>\n<li>8 juni<\/li>\n<li>22 juli<\/li>\n<li>13 augusti<\/li>\n<li>7 september<\/li><li>fler datum kommer&nbsp;<\/li>\n<\/ul>\t\t\t\t\t\t\t\t<\/div>\n\t\t\t\t<\/div>\n\t\t\t\t\t<\/div>\n\t\t\t\t<\/div>\n\t\t\t\t<\/div>","protected":false},"excerpt":{"rendered":"<p>F\u00f6r\u00e4ldragrupp f\u00f6r blivande f\u00f6rstag\u00e5ngsf\u00f6r\u00e4ldrar Grupptr\u00e4ff f\u00f6r er som v\u00e4ntar f\u00f6rsta barnet och \u00e4r listade p\u00e5 Admira Kvinnoh\u00e4lsa. Tr\u00e4ffen leds av en barnmorska och fokus ligger p\u00e5 f\u00f6dandet. Hur startar en f\u00f6rlossning? Vad inneb\u00e4r latensfasen och hur kan ni tillsammans skapa trygghet och f\u00f6ruts\u00e4ttningar f\u00f6r en positiv upplevelse? Vad kan ni g\u00f6ra hemma under alla timmarna [&hellip;]<\/p>\n","protected":false},"author":1,"featured_media":0,"parent":7197,"menu_order":0,"comment_status":"closed","ping_status":"closed","template":"","meta":{"footnotes":""},"class_list":["post-7214","page","type-page","status-publish","hentry"],"_links":{"self":[{"href":"https:\/\/admira.se\/en\/wp-json\/wp\/v2\/pages\/7214","targetHints":{"allow":["GET"]}}],"collection":[{"href":"https:\/\/admira.se\/en\/wp-json\/wp\/v2\/pages"}],"about":[{"href":"https:\/\/admira.se\/en\/wp-json\/wp\/v2\/types\/page"}],"author":[{"embeddable":true,"href":"https:\/\/admira.se\/en\/wp-json\/wp\/v2\/users\/1"}],"replies":[{"embeddable":true,"href":"https:\/\/admira.se\/en\/wp-json\/wp\/v2\/comments?post=7214"}],"version-history":[{"count":88,"href":"https:\/\/admira.se\/en\/wp-json\/wp\/v2\/pages\/7214\/revisions"}],"predecessor-version":[{"id":8658,"href":"https:\/\/admira.se\/en\/wp-json\/wp\/v2\/pages\/7214\/revisions\/8658"}],"up":[{"embeddable":true,"href":"https:\/\/admira.se\/en\/wp-json\/wp\/v2\/pages\/7197"}],"wp:attachment":[{"href":"https:\/\/admira.se\/en\/wp-json\/wp\/v2\/media?parent=7214"}],"curies":[{"name":"wp","href":"https:\/\/api.w.org\/{rel}","templated":true}]}}