{"id":7224,"date":"2024-10-09T11:19:19","date_gmt":"2024-10-09T09:19:19","guid":{"rendered":"https:\/\/stage.admira.se\/?page_id=7224"},"modified":"2026-04-23T09:32:57","modified_gmt":"2026-04-23T07:32:57","slug":"grupptraff-amning","status":"publish","type":"page","link":"https:\/\/admira.se\/en\/gravid-pa-admira-kvinnohalsa\/grupptraff-amning\/","title":{"rendered":"Grupptr\u00e4ff Amning"},"content":{"rendered":"<div data-elementor-type=\"wp-page\" data-elementor-id=\"7224\" class=\"elementor elementor-7224\">\n\t\t\t\t<div class=\"elementor-element elementor-element-104ae56 e-flex e-con-boxed e-con e-parent\" data-id=\"104ae56\" data-element_type=\"container\" data-e-type=\"container\">\n\t\t\t\t\t<div class=\"e-con-inner\">\n\t\t\t\t<div class=\"elementor-element elementor-element-e0786b7 elementor-widget elementor-widget-text-editor\" data-id=\"e0786b7\" data-element_type=\"widget\" data-e-type=\"widget\" data-widget_type=\"text-editor.default\">\n\t\t\t\t<div class=\"elementor-widget-container\">\n\t\t\t\t\t\t\t\t\t<p class=\"preamble\">F\u00f6rel\u00e4sningen v\u00e4nder sig till er som vill vara v\u00e4l f\u00f6rberedda inf\u00f6r barnets ankomst. Vi rekommenderar f\u00f6rel\u00e4sningen till b\u00e5da f\u00f6r\u00e4ldrarna. Bokning sker via v\u00e5r onlinebokning och boka f\u00f6r 2 personer om ni kommer b\u00e5da tv\u00e5. <strong>OBS ange den KOD som ni f\u00e5r av er barnmorska.<\/strong><\/p><h3><strong>V\u00e5ren 202<\/strong><\/h3><ul><li>4 feb kl 16-18\u00a0<\/li><li>8 april kl 16-18<\/li><li>17 juni kl 16-18<\/li><\/ul><h3><strong>H\u00f6sten 2026<\/strong><\/h3><ul><li>26 aug kl 16-18\u00a0<\/li><li>21 okt kl 16-18<\/li><li>16 dec kl 16-18<\/li><\/ul><p>F\u00f6rel\u00e4saren och amningsexperten Lin Dal\u00e9n ger er kunskap om hur ni skapar de b\u00e4sta f\u00f6ruts\u00e4ttningarna f\u00f6r amning och hur ni f\u00e5r amningen att fungera. S\u00e5v\u00e4l f\u00f6rst- som omf\u00f6derskor \u00e4r v\u00e4lkomna och vi rekommenderar f\u00f6rel\u00e4sningen fr\u00e5n graviditetsvecka 25 och fram\u00e5t &#8211; BOKA F\u00d6R 2 PERSONER OM NI KOMMER B\u00c5DA<\/p><p><strong>F\u00f6rel\u00e4sningen \u00e4ger rum p\u00e5 \u00d6stra M\u00e5rtensgatan 15, 3tr i Lund. OBS avboka vid f\u00f6rkylningssymptom.<\/strong><\/p>\t\t\t\t\t\t\t\t<\/div>\n\t\t\t\t<\/div>\n\t\t\t\t<div class=\"elementor-element elementor-element-8f9e834 elementor-widget elementor-widget-toddlerplay_core_single_image\" data-id=\"8f9e834\" data-element_type=\"widget\" data-e-type=\"widget\" data-widget_type=\"toddlerplay_core_single_image.default\">\n\t\t\t\t<div class=\"elementor-widget-container\">\n\t\t\t\t\t<div class=\"qodef-shortcode qodef-m  qodef-single-image qodef-layout--default   qodef-border-radius--no\">\n\t\t\t<div class=\"qodef-m-image\">\n\t\t\t\t\t\t\t\t<img fetchpriority=\"high\" decoding=\"async\" width=\"1791\" height=\"2369\" src=\"https:\/\/admira.se\/wp-content\/uploads\/2024\/10\/Amning-i-Nod-o-Lust-1.gif\" class=\"attachment-full size-full\" alt=\"\" \/>\t\t\t\t\t\t\t<\/div>\n\t<\/div>\n\t\t\t\t<\/div>\n\t\t\t\t<\/div>\n\t\t\t\t\t<\/div>\n\t\t\t\t<\/div>\n\t\t\t\t<\/div>","protected":false},"excerpt":{"rendered":"<p>F\u00f6rel\u00e4sningen v\u00e4nder sig till er som vill vara v\u00e4l f\u00f6rberedda inf\u00f6r barnets ankomst. Vi rekommenderar f\u00f6rel\u00e4sningen till b\u00e5da f\u00f6r\u00e4ldrarna. Bokning sker via v\u00e5r onlinebokning och boka f\u00f6r 2 personer om ni kommer b\u00e5da tv\u00e5. OBS ange den KOD som ni f\u00e5r av er barnmorska. V\u00e5ren 202 4 feb kl 16-18\u00a0 8 april kl 16-18 17 [&hellip;]<\/p>\n","protected":false},"author":1,"featured_media":0,"parent":7197,"menu_order":0,"comment_status":"closed","ping_status":"closed","template":"","meta":{"footnotes":""},"class_list":["post-7224","page","type-page","status-publish","hentry"],"_links":{"self":[{"href":"https:\/\/admira.se\/en\/wp-json\/wp\/v2\/pages\/7224","targetHints":{"allow":["GET"]}}],"collection":[{"href":"https:\/\/admira.se\/en\/wp-json\/wp\/v2\/pages"}],"about":[{"href":"https:\/\/admira.se\/en\/wp-json\/wp\/v2\/types\/page"}],"author":[{"embeddable":true,"href":"https:\/\/admira.se\/en\/wp-json\/wp\/v2\/users\/1"}],"replies":[{"embeddable":true,"href":"https:\/\/admira.se\/en\/wp-json\/wp\/v2\/comments?post=7224"}],"version-history":[{"count":40,"href":"https:\/\/admira.se\/en\/wp-json\/wp\/v2\/pages\/7224\/revisions"}],"predecessor-version":[{"id":8665,"href":"https:\/\/admira.se\/en\/wp-json\/wp\/v2\/pages\/7224\/revisions\/8665"}],"up":[{"embeddable":true,"href":"https:\/\/admira.se\/en\/wp-json\/wp\/v2\/pages\/7197"}],"wp:attachment":[{"href":"https:\/\/admira.se\/en\/wp-json\/wp\/v2\/media?parent=7224"}],"curies":[{"name":"wp","href":"https:\/\/api.w.org\/{rel}","templated":true}]}}