{"id":7244,"date":"2024-10-09T11:25:20","date_gmt":"2024-10-09T09:25:20","guid":{"rendered":"https:\/\/stage.admira.se\/?page_id=7244"},"modified":"2026-04-23T12:49:06","modified_gmt":"2026-04-23T10:49:06","slug":"ett-par-blir-familj","status":"publish","type":"page","link":"https:\/\/admira.se\/en\/gravid-pa-admira-kvinnohalsa\/ett-par-blir-familj\/","title":{"rendered":"Ett par blir familj &#8211; Online"},"content":{"rendered":"<div data-elementor-type=\"wp-page\" data-elementor-id=\"7244\" class=\"elementor elementor-7244\">\n\t\t\t\t<div class=\"elementor-element elementor-element-7e54692 e-flex e-con-boxed e-con e-parent\" data-id=\"7e54692\" data-element_type=\"container\" data-e-type=\"container\">\n\t\t\t\t\t<div class=\"e-con-inner\">\n\t\t\t\t<div class=\"elementor-element elementor-element-67eef56 elementor-widget elementor-widget-text-editor\" data-id=\"67eef56\" data-element_type=\"widget\" data-e-type=\"widget\" data-widget_type=\"text-editor.default\">\n\t\t\t\t<div class=\"elementor-widget-container\">\n\t\t\t\t\t\t\t\t\t<p class=\"preamble\"><strong>Denna digitala f\u00f6rel\u00e4sning p\u00e5 ZOOM riktar sig till blivande pappor och \u00e4r kostnadsfri f\u00f6r dig vars partner \u00e4r listad hos oss.\u00a0<\/strong><\/p><p class=\"preamble\">Det \u00e4r viktigt att du BOKAR PLATS (via v\u00e5r onlinebokning) f\u00f6r att f\u00e5 l\u00e4nken till f\u00f6rel\u00e4sningen. OBS boka endast f\u00f6r EN person \u00e4ven om ni \u00e4r tv\u00e5 som deltar digitalt.<\/p><p class=\"preamble\"><strong>OBS ange den KOD som ni f\u00e5r av er barnmorska.<\/strong> L\u00e4nken skickas ut i anslutning till det datum ni bokat er, ibland samma dag.\u00a0<\/p><h3>V\u00e5ren 2026<\/h3><ul><li>24 feb kl 17:30-19:45 <span style=\"text-decoration: underline;\">(OBS f\u00f6rel\u00e4sning i Admiras v\u00e4ntrum och d\u00e5 ENDAST f\u00f6r den andra blivande f\u00f6r\u00e4ldern\/pappa!!)<\/span><\/li><li>26 maj kl 17:30-19:45 (digitalt, dvs b\u00e5de den gravida + andra f\u00f6r\u00e4ldern kan lyssna)<\/li><\/ul><h3>H\u00f6sten 2026<\/h3><ul><li>16 sept kl 17:30-19:45 <span style=\"text-decoration: underline;\">(OBS f\u00f6rel\u00e4sning i Admiras v\u00e4ntrum och d\u00e5 ENDAST f\u00f6r den andra blivande f\u00f6r\u00e4ldern\/pappa!!)<\/span><\/li><li>18 nov kl 17:30-19:45 (digitalt, dvs b\u00e5de den gravida + andra f\u00f6r\u00e4ldern kan lyssna)<\/li><\/ul><h3>Inneh\u00e5ll<\/h3><div><div><ul><li>En r\u00f6d tr\u00e5d genom f\u00f6rel\u00e4sningen \u00e4r anknytning och j\u00e4mst\u00e4lldhet.<\/li><li><span lang=\"SV-SE\" xml:lang=\"SV-SE\" data-contrast=\"auto\">F\u00f6rlossningen<\/span><\/li><li><span lang=\"SV-SE\" xml:lang=\"SV-SE\" data-contrast=\"auto\">Parf\u00f6rh\u00e5llandet och hur den kommer att p\u00e5verkas av att bli f\u00f6r\u00e4lder<\/span><\/li><li><span lang=\"SV-SE\" xml:lang=\"SV-SE\" data-contrast=\"auto\">Vad kan man g\u00f6ra f\u00f6r att st\u00e4rka den vuxna relationen?<\/span><\/li><li><span lang=\"SV-SE\" xml:lang=\"SV-SE\" data-contrast=\"auto\">F\u00f6r\u00e4ldrarollen och hur man beh\u00e5ller orken, engagemanget och vara en n\u00e4rvarande och k\u00e4rleksfull f\u00f6r\u00e4lder till sitt barn<\/span><\/li><li><span lang=\"SV-SE\" xml:lang=\"SV-SE\" data-contrast=\"auto\">Ekonomi och fritid<\/span><\/li><\/ul><\/div><\/div><div><div>\u00a0<\/div><\/div><p>F\u00f6rel\u00e4saren Marcus Peterson \u00e4r auktoriserad socionom, leg.psykoterapeut och handledare &amp; l\u00e4rare i psykoterapi. Han har flera \u00e5rs erfarenhet av arbete med familjer och parrelationer. Marcus driver f\u00f6retaget Relationsfokus d\u00e4r han tr\u00e4ffar familjer med fokus p\u00e5 att st\u00e4rka relation mellan f\u00f6r\u00e4lder\/f\u00f6r\u00e4lder och f\u00f6r\u00e4lder\/barn. Ut\u00f6ver detta tr\u00e4ffar han par f\u00f6r att arbeta p\u00e5 den vuxna parrelationen.\u00a0<\/p><p>F\u00f6r mer information om Marcus bes\u00f6k hans hemsida\u00a0<a href=\"http:\/\/www.relationsfokus.se\/\" target=\"_blank\" rel=\"noopener\">www.relationsfokus.se<\/a><\/p>\t\t\t\t\t\t\t\t<\/div>\n\t\t\t\t<\/div>\n\t\t\t\t\t<\/div>\n\t\t\t\t<\/div>\n\t\t<div class=\"elementor-element elementor-element-d5db14d e-flex e-con-boxed e-con e-parent\" data-id=\"d5db14d\" data-element_type=\"container\" data-e-type=\"container\">\n\t\t\t\t\t<div class=\"e-con-inner\">\n\t\t\t\t<div class=\"elementor-element elementor-element-0e2969a elementor-widget elementor-widget-image\" data-id=\"0e2969a\" data-element_type=\"widget\" data-e-type=\"widget\" data-widget_type=\"image.default\">\n\t\t\t\t<div class=\"elementor-widget-container\">\n\t\t\t\t\t\t\t\t\t\t\t\t<figure class=\"wp-caption\">\n\t\t\t\t\t\t\t\t\t\t<img fetchpriority=\"high\" decoding=\"async\" width=\"650\" height=\"650\" src=\"https:\/\/admira.se\/wp-content\/uploads\/2024\/10\/portratt_2_Marcus_copy-1-650x650.jpg\" class=\"attachment-qi_addons_for_elementor_image_size_square size-qi_addons_for_elementor_image_size_square wp-image-7246\" alt=\"\" srcset=\"https:\/\/admira.se\/wp-content\/uploads\/2024\/10\/portratt_2_Marcus_copy-1-650x650.jpg 650w, https:\/\/admira.se\/wp-content\/uploads\/2024\/10\/portratt_2_Marcus_copy-1-300x300.jpg 300w, https:\/\/admira.se\/wp-content\/uploads\/2024\/10\/portratt_2_Marcus_copy-1-1024x1024.jpg 1024w, https:\/\/admira.se\/wp-content\/uploads\/2024\/10\/portratt_2_Marcus_copy-1-150x150.jpg 150w, https:\/\/admira.se\/wp-content\/uploads\/2024\/10\/portratt_2_Marcus_copy-1-768x768.jpg 768w, https:\/\/admira.se\/wp-content\/uploads\/2024\/10\/portratt_2_Marcus_copy-1.jpg 1200w\" sizes=\"(max-width: 650px) 100vw, 650px\" \/>\t\t\t\t\t\t\t\t\t\t\t<figcaption class=\"widget-image-caption wp-caption-text\">Marcus Petersson<\/figcaption>\n\t\t\t\t\t\t\t\t\t\t<\/figure>\n\t\t\t\t\t\t\t\t\t<\/div>\n\t\t\t\t<\/div>\n\t\t\t\t\t<\/div>\n\t\t\t\t<\/div>\n\t\t\t\t<\/div>","protected":false},"excerpt":{"rendered":"<p>Denna digitala f\u00f6rel\u00e4sning p\u00e5 ZOOM riktar sig till blivande pappor och \u00e4r kostnadsfri f\u00f6r dig vars partner \u00e4r listad hos oss.\u00a0 Det \u00e4r viktigt att du BOKAR PLATS (via v\u00e5r onlinebokning) f\u00f6r att f\u00e5 l\u00e4nken till f\u00f6rel\u00e4sningen. OBS boka endast f\u00f6r EN person \u00e4ven om ni \u00e4r tv\u00e5 som deltar digitalt. OBS ange den KOD [&hellip;]<\/p>\n","protected":false},"author":1,"featured_media":0,"parent":7197,"menu_order":0,"comment_status":"closed","ping_status":"closed","template":"","meta":{"footnotes":""},"class_list":["post-7244","page","type-page","status-publish","hentry"],"_links":{"self":[{"href":"https:\/\/admira.se\/en\/wp-json\/wp\/v2\/pages\/7244","targetHints":{"allow":["GET"]}}],"collection":[{"href":"https:\/\/admira.se\/en\/wp-json\/wp\/v2\/pages"}],"about":[{"href":"https:\/\/admira.se\/en\/wp-json\/wp\/v2\/types\/page"}],"author":[{"embeddable":true,"href":"https:\/\/admira.se\/en\/wp-json\/wp\/v2\/users\/1"}],"replies":[{"embeddable":true,"href":"https:\/\/admira.se\/en\/wp-json\/wp\/v2\/comments?post=7244"}],"version-history":[{"count":52,"href":"https:\/\/admira.se\/en\/wp-json\/wp\/v2\/pages\/7244\/revisions"}],"predecessor-version":[{"id":8669,"href":"https:\/\/admira.se\/en\/wp-json\/wp\/v2\/pages\/7244\/revisions\/8669"}],"up":[{"embeddable":true,"href":"https:\/\/admira.se\/en\/wp-json\/wp\/v2\/pages\/7197"}],"wp:attachment":[{"href":"https:\/\/admira.se\/en\/wp-json\/wp\/v2\/media?parent=7244"}],"curies":[{"name":"wp","href":"https:\/\/api.w.org\/{rel}","templated":true}]}}