{"id":7255,"date":"2024-10-09T11:32:15","date_gmt":"2024-10-09T09:32:15","guid":{"rendered":"https:\/\/stage.admira.se\/?page_id=7255"},"modified":"2024-10-09T11:33:46","modified_gmt":"2024-10-09T09:33:46","slug":"packlista-infor-forlossningen","status":"publish","type":"page","link":"https:\/\/admira.se\/en\/gravid-pa-admira-kvinnohalsa\/forlossningsforberedelse\/packlista-infor-forlossningen\/","title":{"rendered":"Hospital Bag checklist"},"content":{"rendered":"<div data-elementor-type=\"wp-page\" data-elementor-id=\"7255\" class=\"elementor elementor-7255\">\n\t\t\t\t<div class=\"elementor-element elementor-element-2e4b930 e-flex e-con-boxed e-con e-parent\" data-id=\"2e4b930\" data-element_type=\"container\" data-e-type=\"container\">\n\t\t\t\t\t<div class=\"e-con-inner\">\n\t\t\t\t<div class=\"elementor-element elementor-element-8044f91 elementor-widget elementor-widget-text-editor\" data-id=\"8044f91\" data-element_type=\"widget\" data-e-type=\"widget\" data-widget_type=\"text-editor.default\">\n\t\t\t\t<div class=\"elementor-widget-container\">\n\t\t\t\t\t\t\t\t\t<p class=\"preamble\"><strong>Your due date is approaching, and it's time to pack your hospital bag. We provide the list to help you pick and choose what items you'll need and help you discover some you might not have considered.<\/strong> Check this out:<\/p><ul><li>ID document\/ID card<br \/><br \/><\/li><li>Birth plan (a birth plan is an outline of your preferences during your labor and delivery, talk to your midwife about it)<br \/><br \/><\/li><li>Energy - bring your favourite easy-to-grab snacks, food, drinks, sweets. There\u00b4s a refridgerator and a micro wave oven available. Don\u00b4t forget to bring some for the support personal as well\u00a0<br \/><br \/><\/li><li>Water bottle (drinking from a glass might be difficult depending on the position you are in)<br \/><br \/><\/li><li>Loose and comfortable clothes to wear during labour that does not restrict you from moving around or make you too hot\u00a0<br \/><br \/><\/li><li>dressing gown \/ kimono and slippers<br \/><br \/><\/li><li>your own blanket and\/or pillow with your favourite pillow case from home (to create the feeling of coziness and safety)<br \/><br \/><\/li><li>Light string, LED lanterns to create that cozy feeling<br \/><br \/><\/li><li>washbag with a toothbrush, hairbrush, flannel, soap, lip balm, deodorant, hair ties and other toiletries (super-absorbent sanitary or maternity pads and mesh panties are available at the maternity hospital\/postnatal ward\/patient hotel)\u00a0<br \/><br \/><\/li><li>cell phone, charger, extension cord, bluetooth speaker, play list<br \/><br \/><\/li><li>Baby carrier or wrap<br \/><br \/><\/li><li>Compression socks for comfort and reduce swelling<br \/><br \/><\/li><li>Nursing bras if you're planning to breastfeed (remember, your breasts will be much larger than usual), nursing cream, nursing pads<br \/><br \/><\/li><li>For you who isn\u00b4t not going to breastfeed: supportive bras, 2 baby bottles, baby formula if you wish to use a specific type (otherwise available at the Maternity clinic)\u00a0<br \/><br \/><\/li><li>Blanket for the baby<br \/><br \/><\/li><li>2-3 changes of clothes for the baby, Kimono wrap shirts or bodysuits. The best way to care for the newborn is SKIN-TO-SKIN during the first day or two, just wearing a diaper and a blanket lying on top of you or your partner.<br \/><br \/><\/li><li>a car seat for the trip home\u00a0<\/li><\/ul>\t\t\t\t\t\t\t\t<\/div>\n\t\t\t\t<\/div>\n\t\t\t\t\t<\/div>\n\t\t\t\t<\/div>\n\t\t\t\t<\/div>","protected":false},"excerpt":{"rendered":"<p>Snart n\u00e4rmar sig f\u00f6rlossningen &#8211; s\u00e5 pirrigt, nerv\u00f6st, sp\u00e4nnande och f\u00f6rv\u00e4ntansfullt p\u00e5 en och samma g\u00e5ng! N\u00e4r det \u00e4r ungef\u00e4r en m\u00e5nad kvar innan BF kan det vara dags att f\u00f6rbereda och packa din F\u00f6rlossnings\/BB-v\u00e4ska. H\u00e4r kommer lite tips och inspiration fr\u00e5n oss. ID-handling F\u00f6rlossningsbrev om du har (oftast har vi skrivit en sammanfattning av [&hellip;]<\/p>\n","protected":false},"author":1,"featured_media":0,"parent":7250,"menu_order":0,"comment_status":"closed","ping_status":"closed","template":"","meta":{"footnotes":""},"class_list":["post-7255","page","type-page","status-publish","hentry"],"_links":{"self":[{"href":"https:\/\/admira.se\/en\/wp-json\/wp\/v2\/pages\/7255","targetHints":{"allow":["GET"]}}],"collection":[{"href":"https:\/\/admira.se\/en\/wp-json\/wp\/v2\/pages"}],"about":[{"href":"https:\/\/admira.se\/en\/wp-json\/wp\/v2\/types\/page"}],"author":[{"embeddable":true,"href":"https:\/\/admira.se\/en\/wp-json\/wp\/v2\/users\/1"}],"replies":[{"embeddable":true,"href":"https:\/\/admira.se\/en\/wp-json\/wp\/v2\/comments?post=7255"}],"version-history":[{"count":4,"href":"https:\/\/admira.se\/en\/wp-json\/wp\/v2\/pages\/7255\/revisions"}],"predecessor-version":[{"id":7259,"href":"https:\/\/admira.se\/en\/wp-json\/wp\/v2\/pages\/7255\/revisions\/7259"}],"up":[{"embeddable":true,"href":"https:\/\/admira.se\/en\/wp-json\/wp\/v2\/pages\/7250"}],"wp:attachment":[{"href":"https:\/\/admira.se\/en\/wp-json\/wp\/v2\/media?parent=7255"}],"curies":[{"name":"wp","href":"https:\/\/api.w.org\/{rel}","templated":true}]}}