{"id":7260,"date":"2024-10-09T11:34:27","date_gmt":"2024-10-09T09:34:27","guid":{"rendered":"https:\/\/stage.admira.se\/?page_id=7260"},"modified":"2024-12-03T00:07:09","modified_gmt":"2024-12-02T23:07:09","slug":"forlossningsbrev","status":"publish","type":"page","link":"https:\/\/admira.se\/en\/gravid-pa-admira-kvinnohalsa\/forlossningsforberedelse\/forlossningsbrev\/","title":{"rendered":"Birthplan"},"content":{"rendered":"<div data-elementor-type=\"wp-page\" data-elementor-id=\"7260\" class=\"elementor elementor-7260\">\n\t\t\t\t<div class=\"elementor-element elementor-element-79136c3 e-flex e-con-boxed e-con e-parent\" data-id=\"79136c3\" data-element_type=\"container\" data-e-type=\"container\">\n\t\t\t\t\t<div class=\"e-con-inner\">\n\t\t\t\t<div class=\"elementor-element elementor-element-520a3d1 elementor-widget elementor-widget-text-editor\" data-id=\"520a3d1\" data-element_type=\"widget\" data-e-type=\"widget\" data-widget_type=\"text-editor.default\">\n\t\t\t\t<div class=\"elementor-widget-container\">\n\t\t\t\t\t\t\t\t\t<p class=\"preamble\"><strong>Birth plans help to give a sense of control and assist maternity care providers in understanding what matters for you as the labouring mother. While birth plans are not a guarantee of outcome, they clearly outline your preferences about how you would like your labour and birth to take place.<\/strong> A birth plan is a written record of what you would like to happen when you are having your baby. Birth plans can be simple or complex \u2014 there is no one right format to suit every woman. One of the main advantages of a birth plan is that it helps you prepare for having a baby. Sitting down and making a written record can help you focus attention on what\u2019s really important. Making a birth plan can also be a good way to initiate conversations between you and your partner\/support persons as part or preparing for birth.<\/p><p>What\u2019s valuable about birth plans is that they give the expectant mother a 'voice' for her body and a say in the decisions that are made. Talk to your birth partner about the type of birth you'd like and the things you prefer not to do, so he or she can help support your decisions. It can help to go through your birth plan together, so that your birth partner\/support persons can play an advocacy role for you if you cannot communicate clearly for yourself during labour and birth.\n\nBirth plans often change over the course of a pregnancy. It\u2019s fine to change your mind about what you\u2019d like to happen when you\u2019re having your baby. Even when you\u2019re in labour and your baby is close to being born, you\u2019re entitled to vary from your original plan.<\/p><p>Birth plans aren\u2019t essential, so don\u2019t think you have to have one. Speak to your midwife at Admira Kvinnoh\u00e4lsa about what\u2019s important to you and we can make notes in your records. Most women are asked during labour how they can be supported to have the type of birth they\u2019d like. Conversations between you and your midwife give insights into the labour and birth which is important to you.\u00a0<\/p><p>What to include in my birthplan\u00a0<\/p><p><a href=\"https:\/\/www.gravidcoach.se\/single-post\/2019\/09\/06\/checklista-inf%C3%B6r-f%C3%B6rlossningen\" target=\"_blank\" rel=\"noopener\">Checklista inf\u00f6r f\u00f6rlossningen<\/a><\/p><p><a href=\"https:\/\/www.gravidcoach.se\/single-post\/partnerns-roll-vid-f%C3%B6rlossning-%C3%A5tta-handfasta-tips\" target=\"_blank\" rel=\"noopener\">Partnerns roll &#8211; \u00e5tta handfasta tips<\/a><\/p><p><a href=\"https:\/\/www.gravidcoach.se\/f%C3%B6rlossningsbrev\" target=\"_blank\" rel=\"noopener\">Mall till f\u00f6rlossningsbrev<\/a><\/p><p><a href=\"https:\/\/xn--fdamedstd-07ah.se\/din-guide-till-rutiner-i-forlossningsvarden\/\" target=\"_blank\" rel=\"noopener\">Guide till rutiner i f\u00f6rlossningsv\u00e5rden<\/a><\/p><p><a href=\"https:\/\/www.birthrightssweden.se\/vanta-barn\" target=\"_blank\" rel=\"noopener\">Birth Rights Sweden: om r\u00e4ttigheter, tips o inspiration inf\u00f6r f\u00f6dandet<\/a><\/p>\t\t\t\t\t\t\t\t<\/div>\n\t\t\t\t<\/div>\n\t\t\t\t\t<\/div>\n\t\t\t\t<\/div>\n\t\t\t\t<\/div>","protected":false},"excerpt":{"rendered":"<p>Att ta sig tid och fokusera p\u00e5 den stundande f\u00f6dseln kan b\u00e5de vara lite mysigt men ocks\u00e5 skr\u00e4mmande och sv\u00e5rt. Vi vet att det \u00e4r ett s\u00e4tt att f\u00e5 f\u00f6rst\u00e5else f\u00f6r hur f\u00f6dandet kan g\u00e5 till och vad man kan f\u00f6rv\u00e4nta sig av v\u00e5rden. Men ocks\u00e5 ett s\u00e4tt att ta reda p\u00e5 vad som f\u00e5r [&hellip;]<\/p>\n","protected":false},"author":1,"featured_media":0,"parent":7250,"menu_order":0,"comment_status":"closed","ping_status":"closed","template":"","meta":{"footnotes":""},"class_list":["post-7260","page","type-page","status-publish","hentry"],"_links":{"self":[{"href":"https:\/\/admira.se\/en\/wp-json\/wp\/v2\/pages\/7260","targetHints":{"allow":["GET"]}}],"collection":[{"href":"https:\/\/admira.se\/en\/wp-json\/wp\/v2\/pages"}],"about":[{"href":"https:\/\/admira.se\/en\/wp-json\/wp\/v2\/types\/page"}],"author":[{"embeddable":true,"href":"https:\/\/admira.se\/en\/wp-json\/wp\/v2\/users\/1"}],"replies":[{"embeddable":true,"href":"https:\/\/admira.se\/en\/wp-json\/wp\/v2\/comments?post=7260"}],"version-history":[{"count":4,"href":"https:\/\/admira.se\/en\/wp-json\/wp\/v2\/pages\/7260\/revisions"}],"predecessor-version":[{"id":7267,"href":"https:\/\/admira.se\/en\/wp-json\/wp\/v2\/pages\/7260\/revisions\/7267"}],"up":[{"embeddable":true,"href":"https:\/\/admira.se\/en\/wp-json\/wp\/v2\/pages\/7250"}],"wp:attachment":[{"href":"https:\/\/admira.se\/en\/wp-json\/wp\/v2\/media?parent=7260"}],"curies":[{"name":"wp","href":"https:\/\/api.w.org\/{rel}","templated":true}]}}