{"id":7268,"date":"2024-10-09T11:42:07","date_gmt":"2024-10-09T09:42:07","guid":{"rendered":"https:\/\/stage.admira.se\/?page_id=7268"},"modified":"2024-10-09T11:42:33","modified_gmt":"2024-10-09T09:42:33","slug":"for-dig-som-hbtqi-person","status":"publish","type":"page","link":"https:\/\/admira.se\/en\/gravid-pa-admira-kvinnohalsa\/for-dig-som-hbtqi-person\/","title":{"rendered":"For you as an LGBTQI person"},"content":{"rendered":"<div data-elementor-type=\"wp-page\" data-elementor-id=\"7268\" class=\"elementor elementor-7268\">\n\t\t\t\t<div class=\"elementor-element elementor-element-371ed63 e-flex e-con-boxed e-con e-parent\" data-id=\"371ed63\" data-element_type=\"container\" data-e-type=\"container\">\n\t\t\t\t\t<div class=\"e-con-inner\">\n\t\t\t\t<div class=\"elementor-element elementor-element-c1ea32a elementor-widget elementor-widget-text-editor\" data-id=\"c1ea32a\" data-element_type=\"widget\" data-e-type=\"widget\" data-widget_type=\"text-editor.default\">\n\t\t\t\t<div class=\"elementor-widget-container\">\n\t\t\t\t\t\t\t\t\t<p class=\"preamble\">V\u00e4garna till ett f\u00f6r\u00e4ldraskap kan se ut p\u00e5 m\u00e5nga olika s\u00e4tt, speciellt f\u00f6r dig som HBTQI-person. En del blir f\u00f6r\u00e4ldrar p\u00e5 egen hand, medan andra familjer har mer \u00e4n tv\u00e5 f\u00f6r\u00e4ldrar. Vi v\u00e4lkomnar naturligtvis alla oavsett k\u00f6nsidentitet. Men n\u00e4r du tr\u00e4ffar barnmorskan vid det f\u00f6rsta bes\u00f6ket under graviditeten f\u00e5r du g\u00e4rna informera om din k\u00f6nsidentitet, sexuella l\u00e4ggning, ditt pronomen eller annat. P\u00e5 det s\u00e4ttet kan vi skriva i journalen f\u00f6r att minska risken f\u00f6r att n\u00e5got blir fel under resten av graviditeten\/v\u00e5rdtiden.<\/p><p>H\u00e4r har vi samlat l\u00e4nkar speciellt framtagna f\u00f6r dig som HBTQI-person:\u00a0<\/p><p><a href=\"https:\/\/www.rfsl.se\/verksamhet\/foralder\/att-bli-och-vara-foralder\/forlossningsforberedelser\/\" target=\"_blank\" rel=\"noopener\">Inf\u00f6r f\u00f6rlossningen<\/a><\/p><p><a href=\"https:\/\/bliforalder.rfsl.se\/\" target=\"_blank\" rel=\"noopener\">Filmmaterial kring f\u00f6rlossning, amning, matning, n\u00e4rhet<\/a><\/p><p><a href=\"https:\/\/www.rfsl.se\/verksamhet\/foralder\/att-bli-och-vara-foralder\/ensamstaende-foralder\/\" target=\"_blank\" rel=\"noopener\">Ensamst\u00e5ende f\u00f6r\u00e4lder<\/a><\/p>\t\t\t\t\t\t\t\t<\/div>\n\t\t\t\t<\/div>\n\t\t\t\t\t<\/div>\n\t\t\t\t<\/div>\n\t\t\t\t<\/div>","protected":false},"excerpt":{"rendered":"<p>V\u00e4garna till ett f\u00f6r\u00e4ldraskap kan se ut p\u00e5 m\u00e5nga olika s\u00e4tt, speciellt f\u00f6r dig som HBTQI-person. En del blir f\u00f6r\u00e4ldrar p\u00e5 egen hand, medan andra familjer har mer \u00e4n tv\u00e5 f\u00f6r\u00e4ldrar. Vi v\u00e4lkomnar naturligtvis alla oavsett k\u00f6nsidentitet. Men n\u00e4r du tr\u00e4ffar barnmorskan vid det f\u00f6rsta bes\u00f6ket under graviditeten f\u00e5r du g\u00e4rna informera om din k\u00f6nsidentitet, [&hellip;]<\/p>\n","protected":false},"author":1,"featured_media":0,"parent":7197,"menu_order":0,"comment_status":"closed","ping_status":"closed","template":"","meta":{"footnotes":""},"class_list":["post-7268","page","type-page","status-publish","hentry"],"_links":{"self":[{"href":"https:\/\/admira.se\/en\/wp-json\/wp\/v2\/pages\/7268","targetHints":{"allow":["GET"]}}],"collection":[{"href":"https:\/\/admira.se\/en\/wp-json\/wp\/v2\/pages"}],"about":[{"href":"https:\/\/admira.se\/en\/wp-json\/wp\/v2\/types\/page"}],"author":[{"embeddable":true,"href":"https:\/\/admira.se\/en\/wp-json\/wp\/v2\/users\/1"}],"replies":[{"embeddable":true,"href":"https:\/\/admira.se\/en\/wp-json\/wp\/v2\/comments?post=7268"}],"version-history":[{"count":4,"href":"https:\/\/admira.se\/en\/wp-json\/wp\/v2\/pages\/7268\/revisions"}],"predecessor-version":[{"id":7272,"href":"https:\/\/admira.se\/en\/wp-json\/wp\/v2\/pages\/7268\/revisions\/7272"}],"up":[{"embeddable":true,"href":"https:\/\/admira.se\/en\/wp-json\/wp\/v2\/pages\/7197"}],"wp:attachment":[{"href":"https:\/\/admira.se\/en\/wp-json\/wp\/v2\/media?parent=7268"}],"curies":[{"name":"wp","href":"https:\/\/api.w.org\/{rel}","templated":true}]}}