{"id":7273,"date":"2024-10-09T11:43:29","date_gmt":"2024-10-09T09:43:29","guid":{"rendered":"https:\/\/stage.admira.se\/?page_id=7273"},"modified":"2025-05-02T18:15:48","modified_gmt":"2025-05-02T16:15:48","slug":"preventivmedel-i-lund","status":"publish","type":"page","link":"https:\/\/admira.se\/en\/preventivmedel-i-lund\/","title":{"rendered":"Birth Control"},"content":{"rendered":"<div data-elementor-type=\"wp-page\" data-elementor-id=\"7273\" class=\"elementor elementor-7273\">\n\t\t\t\t<div class=\"elementor-element elementor-element-23d650d e-flex e-con-boxed e-con e-parent\" data-id=\"23d650d\" data-element_type=\"container\" data-e-type=\"container\">\n\t\t\t\t\t<div class=\"e-con-inner\">\n\t\t\t\t<div class=\"elementor-element elementor-element-1626788 elementor-widget elementor-widget-text-editor\" data-id=\"1626788\" data-element_type=\"widget\" data-e-type=\"widget\" data-widget_type=\"text-editor.default\">\n\t\t\t\t<div class=\"elementor-widget-container\">\n\t\t\t\t\t\t\t\t\t<p class=\"preamble\">Ett preventivmedel ska k\u00e4nnas tryggt och passa b\u00e5de ens kropp och livssituation, men valet \u00e4r inte alltid enkelt. Ibland kan det ocks\u00e5 finnas andra fr\u00e5gor kring sexualitet som man vill prata med en professionell r\u00e5dgivare om. V\u00e4lkommen till v\u00e5r mottagning mitt i Lund f\u00f6r samtal, r\u00e5dgivning och receptf\u00f6rskrivning. Samtliga bes\u00f6k g\u00e4llande preventivmedel och provtagning \u00e4r kostnadsfria.<\/p><h2>Check our services below:<\/h2><div><ul><li>Contraceptive advice and counseling<\/li><li>Prescription of contraceptives and insertion\/removal of implant, IUD<\/li><li>Diaphragm fitting and information<\/li><li>Pregnancy test<\/li><li>condoms for free<\/li><li>Testing for STI<\/li><\/ul><h3>Boka r\u00e5dgivning inf\u00f6r graviditet<\/h3><p>Planerar du att bli gravid? \u00c5lder, h\u00e4lsa och levnadsvanor har betydelse f\u00f6r fertiliteten. V\u00e4lkommen att tr\u00e4ffa v\u00e5ra barnmorskor f\u00f6r r\u00e5dgivning kring hur du och din partner kan optimera chanserna att bli gravida. Bes\u00f6ket \u00e4r kostnadsfritt men omfattar INTE fertilitetsutredning\/blodprover\/ultraljud.\u00a0<\/p><p>\u00a0<\/p><\/div>\t\t\t\t\t\t\t\t<\/div>\n\t\t\t\t<\/div>\n\t\t\t\t\t<\/div>\n\t\t\t\t<\/div>\n\t\t\t\t<\/div>","protected":false},"excerpt":{"rendered":"<p>Ett preventivmedel ska k\u00e4nnas tryggt och passa b\u00e5de ens kropp och livssituation, men valet \u00e4r inte alltid enkelt. Ibland kan det ocks\u00e5 finnas andra fr\u00e5gor kring sexualitet som man vill prata med en professionell r\u00e5dgivare om. V\u00e4lkommen till v\u00e5r mottagning mitt i Lund f\u00f6r samtal, r\u00e5dgivning och receptf\u00f6rskrivning. Samtliga bes\u00f6k g\u00e4llande preventivmedel och provtagning \u00e4r [&hellip;]<\/p>\n","protected":false},"author":1,"featured_media":0,"parent":0,"menu_order":0,"comment_status":"closed","ping_status":"closed","template":"","meta":{"footnotes":""},"class_list":["post-7273","page","type-page","status-publish","hentry"],"_links":{"self":[{"href":"https:\/\/admira.se\/en\/wp-json\/wp\/v2\/pages\/7273","targetHints":{"allow":["GET"]}}],"collection":[{"href":"https:\/\/admira.se\/en\/wp-json\/wp\/v2\/pages"}],"about":[{"href":"https:\/\/admira.se\/en\/wp-json\/wp\/v2\/types\/page"}],"author":[{"embeddable":true,"href":"https:\/\/admira.se\/en\/wp-json\/wp\/v2\/users\/1"}],"replies":[{"embeddable":true,"href":"https:\/\/admira.se\/en\/wp-json\/wp\/v2\/comments?post=7273"}],"version-history":[{"count":8,"href":"https:\/\/admira.se\/en\/wp-json\/wp\/v2\/pages\/7273\/revisions"}],"predecessor-version":[{"id":8039,"href":"https:\/\/admira.se\/en\/wp-json\/wp\/v2\/pages\/7273\/revisions\/8039"}],"wp:attachment":[{"href":"https:\/\/admira.se\/en\/wp-json\/wp\/v2\/media?parent=7273"}],"curies":[{"name":"wp","href":"https:\/\/api.w.org\/{rel}","templated":true}]}}