{"id":7278,"date":"2024-10-09T11:52:03","date_gmt":"2024-10-09T09:52:03","guid":{"rendered":"https:\/\/stage.admira.se\/?page_id=7278"},"modified":"2026-02-15T13:06:44","modified_gmt":"2026-02-15T12:06:44","slug":"cellprov-och-hpv-vaccin-i-lund","status":"publish","type":"page","link":"https:\/\/admira.se\/en\/cellprov-och-hpv-vaccin-i-lund\/","title":{"rendered":"Papsmear\/HPV-test"},"content":{"rendered":"<div data-elementor-type=\"wp-page\" data-elementor-id=\"7278\" class=\"elementor elementor-7278\">\n\t\t\t\t<div class=\"elementor-element elementor-element-1eb5321 e-flex e-con-boxed e-con e-parent\" data-id=\"1eb5321\" data-element_type=\"container\" data-e-type=\"container\">\n\t\t\t\t\t<div class=\"e-con-inner\">\n\t\t\t\t<div class=\"elementor-element elementor-element-976928e elementor-widget elementor-widget-text-editor\" data-id=\"976928e\" data-element_type=\"widget\" data-e-type=\"widget\" data-widget_type=\"text-editor.default\">\n\t\t\t\t<div class=\"elementor-widget-container\">\n\t\t\t\t\t\t\t\t\t<p class=\"preamble\">Du som \u00e4r kvinna och i \u00e5ldersgruppen 23-70 \u00e5r kallas regelbundet f\u00f6r att l\u00e4mna ett prov, antingen genom egenprovtagning eller en gynekologisk unders\u00f6kning hos barnmorska. Idag vet vi att det \u00e4r HPV som orsakar livmoderhalscancer och regelbunden provtagning f\u00f6r HPV ger ett starkt skydd mot denna typen av cancer. Ca 450 individer i Sverige drabbas av livmoderhalscancer per \u00e5r &#8211; de flesta av dem har inte l\u00e4mnat cellprov\/HPV-test.<\/p><div id=\"content\"><div id=\"component\"><p>Du som bor i Sk\u00e5ne blir erbjuden att testa dig regelbundet f\u00f6r HPV genom egenprovtagning. Den generella rekommendationen \u00e4r att alla som har livmoderhals kvar och n\u00e5gon g\u00e5ng i livet haft kontakt med en annan persons k\u00f6n i sexuellt syfte b\u00f6r delta i screeningen. Rekommendationen g\u00e4ller oavsett sexuellt praktik och k\u00f6n p\u00e5 partner.\u00a0<\/p><p>Du testar dig sj\u00e4lv hemma och skickar in provet f\u00f6r analys. Egenprovtagning \u00e4r precis lika s\u00e4kert som att l\u00e5ta en barnmorska utf\u00f6ra testet n\u00e4r det g\u00e4ller att uppt\u00e4cka HPV-virus, som kan orsaka livmoderhalscancer. Om provet visar f\u00f6rekomst av HPV, f\u00e5r du en tid hos en barnmorska f\u00f6r en gynekologisk cellprovtagning.\u00a0<a href=\"https:\/\/www.1177.se\/Skane\/behandling--hjalpmedel\/undersokningar-och-provtagning\/undersokningar-du-kan-gora-sjalv\/gynekologisk-egenprovtagning-for-hpv-i-skane\/\" target=\"_blank\" rel=\"noopener\">L\u00e4s mer h\u00e4r<\/a><\/p><p>Om du har f\u00e5tt en kallelse till barnmorska (via 1177 eller per post) f\u00f6r uppf\u00f6ljande cellprov och \u00f6nskar boka om &#8211; men inte hittar passande tid via bokning p\u00e5 1177 &#8211; d\u00e5 \u00e4r du v\u00e4lkommen att kontakta oss f\u00f6r bokning. Detta g\u00e4ller \u00e4ven om du f\u00e5tt ett egentest f\u00f6r HPV hemskickat, men \u00f6nskar att barnmorskan tar provet ist\u00e4llet. <strong>Tillsvidare g\u00e5r det allts\u00e5 inte att boka uppf\u00f6ljande cellprov via v\u00e5r onlinebokning.<\/strong><\/p><p>V\u00e4nligen notera att vi INTE tar\u00a0 uppf\u00f6ljningsprov efter cellf\u00f6r\u00e4ndringar eller p\u00e5 medicinsk indikation.\u00a0<\/p><p><strong>Har du till exempel inte f\u00e5tt hem ett egenprov f\u00f6r HPV, eller \u00f6nskar avregistrera dig fr\u00e5n screeningen &#8211; <a href=\"https:\/\/www.1177.se\/Skane\/hitta-vard\/kontaktkort\/Radgivning-egenprovtagning-HPV\/\">kontakta kallelsekansliet<\/a><\/strong><\/p><p>\u00a0<\/p><\/div><\/div>\t\t\t\t\t\t\t\t<\/div>\n\t\t\t\t<\/div>\n\t\t\t\t\t<\/div>\n\t\t\t\t<\/div>\n\t\t\t\t<\/div>","protected":false},"excerpt":{"rendered":"<p>Du som \u00e4r kvinna och i \u00e5ldersgruppen 23-70 \u00e5r kallas regelbundet f\u00f6r att l\u00e4mna ett prov, antingen genom egenprovtagning eller en gynekologisk unders\u00f6kning hos barnmorska. Idag vet vi att det \u00e4r HPV som orsakar livmoderhalscancer och regelbunden provtagning f\u00f6r HPV ger ett starkt skydd mot denna typen av cancer. Ca 450 individer i Sverige drabbas [&hellip;]<\/p>\n","protected":false},"author":1,"featured_media":0,"parent":0,"menu_order":0,"comment_status":"closed","ping_status":"closed","template":"","meta":{"footnotes":""},"class_list":["post-7278","page","type-page","status-publish","hentry"],"_links":{"self":[{"href":"https:\/\/admira.se\/en\/wp-json\/wp\/v2\/pages\/7278","targetHints":{"allow":["GET"]}}],"collection":[{"href":"https:\/\/admira.se\/en\/wp-json\/wp\/v2\/pages"}],"about":[{"href":"https:\/\/admira.se\/en\/wp-json\/wp\/v2\/types\/page"}],"author":[{"embeddable":true,"href":"https:\/\/admira.se\/en\/wp-json\/wp\/v2\/users\/1"}],"replies":[{"embeddable":true,"href":"https:\/\/admira.se\/en\/wp-json\/wp\/v2\/comments?post=7278"}],"version-history":[{"count":39,"href":"https:\/\/admira.se\/en\/wp-json\/wp\/v2\/pages\/7278\/revisions"}],"predecessor-version":[{"id":8569,"href":"https:\/\/admira.se\/en\/wp-json\/wp\/v2\/pages\/7278\/revisions\/8569"}],"wp:attachment":[{"href":"https:\/\/admira.se\/en\/wp-json\/wp\/v2\/media?parent=7278"}],"curies":[{"name":"wp","href":"https:\/\/api.w.org\/{rel}","templated":true}]}}