{"id":7283,"date":"2024-10-09T11:53:25","date_gmt":"2024-10-09T09:53:25","guid":{"rendered":"https:\/\/stage.admira.se\/?page_id=7283"},"modified":"2025-05-29T08:52:04","modified_gmt":"2025-05-29T06:52:04","slug":"klimakterieradgivning-i-lund","status":"publish","type":"page","link":"https:\/\/admira.se\/en\/klimakterieradgivning-i-lund\/","title":{"rendered":"Menopause counseling"},"content":{"rendered":"<div data-elementor-type=\"wp-page\" data-elementor-id=\"7283\" class=\"elementor elementor-7283\">\n\t\t\t\t<div class=\"elementor-element elementor-element-d26934c e-flex e-con-boxed e-con e-parent\" data-id=\"d26934c\" data-element_type=\"container\" data-e-type=\"container\">\n\t\t\t\t\t<div class=\"e-con-inner\">\n\t\t\t\t<div class=\"elementor-element elementor-element-85c5e11 elementor-widget elementor-widget-text-editor\" data-id=\"85c5e11\" data-element_type=\"widget\" data-e-type=\"widget\" data-widget_type=\"text-editor.default\">\n\t\t\t\t<div class=\"elementor-widget-container\">\n\t\t\t\t\t\t\t\t\t<p class=\"preamble\">\u00d6verg\u00e5ngs\u00e5ldern &#8211; eller klimakteriet- utg\u00f6r en period i en kvinnas liv som kan variera i l\u00e4ngd fr\u00e5n n\u00e5gra m\u00e5nader upp till flera \u00e5r och intr\u00e4ffar vanligen kring 50-\u00e5rs \u00e5ldern.<\/p><div id=\"content\"><div id=\"component\"><p>F\u00f6r\u00e4ndringar sker i kvinnans kropp och detta sammanfaller ofta i tid med m\u00e5nga andra f\u00f6r\u00e4ndringar i kvinnors liv. Hur du upplever denna period \u00e4r individuellt och faktorer som \u00e4rftlighet och livsstil har betydelse.<\/p><p>Med v\u00e5ra barnmorskor kan du prata om din h\u00e4lsa, livsstil och sexualitet i \u00f6verg\u00e5ngs\u00e5ldern. Vi kan \u00e4ven g\u00f6ra en bed\u00f6mning och ge r\u00e5d kring underlivsbesv\u00e4r p\u00e5 grund av torra\/sk\u00f6ra slemhinnor.<\/p><p>V\u00e4lkommen att boka tid f\u00f6r r\u00e5dgivning hos barnmorska. OBS bes\u00f6ket \u00e4r f\u00f6renat med en patientavgift p\u00e5 200 kr, frikort g\u00e4ller.\u00a0<a href=\"https:\/\/www.1177.se\/Skane\/sa-fungerar-varden\/kostnader-och-ersattningar\/patientavgifter-i-skane\/\" target=\"_blank\" rel=\"noopener\">L\u00e4s mer h\u00e4r<\/a><\/p><p><strong>OBS! Vi f\u00f6rskriver inte \u00f6strogen\/MHT p\u00e5 recept, f\u00f6r detta m\u00e5ste man boka separat bes\u00f6k hos en gynekolog eller v\u00e5rdcentral. Vi har heller ingen egen gynekolog och utf\u00f6r inga ultraljudsunders\u00f6kningar.\u00a0<\/strong><\/p><\/div><\/div>\t\t\t\t\t\t\t\t<\/div>\n\t\t\t\t<\/div>\n\t\t\t\t\t<\/div>\n\t\t\t\t<\/div>\n\t\t\t\t<\/div>","protected":false},"excerpt":{"rendered":"<p>\u00d6verg\u00e5ngs\u00e5ldern &#8211; eller klimakteriet- utg\u00f6r en period i en kvinnas liv som kan variera i l\u00e4ngd fr\u00e5n n\u00e5gra m\u00e5nader upp till flera \u00e5r och intr\u00e4ffar vanligen kring 50-\u00e5rs \u00e5ldern. F\u00f6r\u00e4ndringar sker i kvinnans kropp och detta sammanfaller ofta i tid med m\u00e5nga andra f\u00f6r\u00e4ndringar i kvinnors liv. Hur du upplever denna period \u00e4r individuellt och [&hellip;]<\/p>\n","protected":false},"author":1,"featured_media":0,"parent":0,"menu_order":0,"comment_status":"closed","ping_status":"closed","template":"","meta":{"footnotes":""},"class_list":["post-7283","page","type-page","status-publish","hentry"],"_links":{"self":[{"href":"https:\/\/admira.se\/en\/wp-json\/wp\/v2\/pages\/7283","targetHints":{"allow":["GET"]}}],"collection":[{"href":"https:\/\/admira.se\/en\/wp-json\/wp\/v2\/pages"}],"about":[{"href":"https:\/\/admira.se\/en\/wp-json\/wp\/v2\/types\/page"}],"author":[{"embeddable":true,"href":"https:\/\/admira.se\/en\/wp-json\/wp\/v2\/users\/1"}],"replies":[{"embeddable":true,"href":"https:\/\/admira.se\/en\/wp-json\/wp\/v2\/comments?post=7283"}],"version-history":[{"count":14,"href":"https:\/\/admira.se\/en\/wp-json\/wp\/v2\/pages\/7283\/revisions"}],"predecessor-version":[{"id":8182,"href":"https:\/\/admira.se\/en\/wp-json\/wp\/v2\/pages\/7283\/revisions\/8182"}],"wp:attachment":[{"href":"https:\/\/admira.se\/en\/wp-json\/wp\/v2\/media?parent=7283"}],"curies":[{"name":"wp","href":"https:\/\/api.w.org\/{rel}","templated":true}]}}