{"id":7293,"date":"2024-10-09T11:57:59","date_gmt":"2024-10-09T09:57:59","guid":{"rendered":"https:\/\/stage.admira.se\/?page_id=7293"},"modified":"2025-02-14T04:02:37","modified_gmt":"2025-02-14T03:02:37","slug":"lattgynekologi","status":"publish","type":"page","link":"https:\/\/admira.se\/en\/lattgynekologi\/","title":{"rendered":"Gynecological problems"},"content":{"rendered":"<div data-elementor-type=\"wp-page\" data-elementor-id=\"7293\" class=\"elementor elementor-7293\">\n\t\t\t\t<div class=\"elementor-element elementor-element-9d5febf e-flex e-con-boxed e-con e-parent\" data-id=\"9d5febf\" data-element_type=\"container\" data-e-type=\"container\">\n\t\t\t\t\t<div class=\"e-con-inner\">\n\t\t\t\t<div class=\"elementor-element elementor-element-e3caf28 elementor-widget elementor-widget-text-editor\" data-id=\"e3caf28\" data-element_type=\"widget\" data-e-type=\"widget\" data-widget_type=\"text-editor.default\">\n\t\t\t\t<div class=\"elementor-widget-container\">\n\t\t\t\t\t\t\t\t\t<p class=\"preamble\">V\u00e5rt basuppdrag ut\u00f6kas vilket inneb\u00e4r att du kan boka tid hos oss f\u00f6r l\u00e4ttare gynekologiska besv\u00e4r. Bes\u00f6ket kostar 200 kr i enlighet med Region Sk\u00e5nes patientavgifter.<\/p><p>Nu kan man v\u00e4lja mellan att g\u00e5 till v\u00e5rdcentralen eller barnmorskemottagningen vid vanliga symptom som f\u00f6r\u00e4ndrade flytningar eller kl\u00e5da i underlivet. V\u00e5rt nya uppdrag\u00a0fungerar som ett komplement till v\u00e5rdcentralerna som f\u00f6rsta ing\u00e5ng f\u00f6r vanliga gynekologiska besv\u00e4r.<\/p><h3>F\u00f6ljande kan du boka tid f\u00f6r hos v\u00e5ra barnmorskor:\u00a0<\/h3><ul><li>Kl\u00e5da, sveda i underlivet<\/li><li>Illaluktande flytningar<\/li><li>Sm\u00e4rtsam menstruation<\/li><li>Behov av mensf\u00f6rskjutning<\/li><li>Byte av \u00f6strogenring<\/li><li>allm\u00e4n vaginal unders\u00f6kning (ej ultraljud, ingen bed\u00f6mning av livmoder, \u00e4ggstockar, \u00e4ggledare, ingen utredning av framfall, inkontinens, endometrios etc)<\/li><\/ul><p>Bes\u00f6ket kostar 200 kronor och du betalar enkelt via swish eller betalkort (avgiftsfritt f\u00f6r dig under 20 \u00e5r). Ing\u00e5r i h\u00f6gkostnadsskyddet, dvs har du frikort \u00e4r bes\u00f6ket gratis.\u00a0\u00a0<\/p>\t\t\t\t\t\t\t\t<\/div>\n\t\t\t\t<\/div>\n\t\t\t\t\t<\/div>\n\t\t\t\t<\/div>\n\t\t\t\t<\/div>","protected":false},"excerpt":{"rendered":"<p>V\u00e5rt basuppdrag ut\u00f6kas vilket inneb\u00e4r att du kan boka tid hos oss f\u00f6r l\u00e4ttare gynekologiska besv\u00e4r. Bes\u00f6ket kostar 200 kr i enlighet med Region Sk\u00e5nes patientavgifter. Nu kan man v\u00e4lja mellan att g\u00e5 till v\u00e5rdcentralen eller barnmorskemottagningen vid vanliga symptom som f\u00f6r\u00e4ndrade flytningar eller kl\u00e5da i underlivet. V\u00e5rt nya uppdrag\u00a0fungerar som ett komplement till v\u00e5rdcentralerna [&hellip;]<\/p>\n","protected":false},"author":1,"featured_media":0,"parent":0,"menu_order":0,"comment_status":"closed","ping_status":"closed","template":"","meta":{"footnotes":""},"class_list":["post-7293","page","type-page","status-publish","hentry"],"_links":{"self":[{"href":"https:\/\/admira.se\/en\/wp-json\/wp\/v2\/pages\/7293","targetHints":{"allow":["GET"]}}],"collection":[{"href":"https:\/\/admira.se\/en\/wp-json\/wp\/v2\/pages"}],"about":[{"href":"https:\/\/admira.se\/en\/wp-json\/wp\/v2\/types\/page"}],"author":[{"embeddable":true,"href":"https:\/\/admira.se\/en\/wp-json\/wp\/v2\/users\/1"}],"replies":[{"embeddable":true,"href":"https:\/\/admira.se\/en\/wp-json\/wp\/v2\/comments?post=7293"}],"version-history":[{"count":17,"href":"https:\/\/admira.se\/en\/wp-json\/wp\/v2\/pages\/7293\/revisions"}],"predecessor-version":[{"id":7937,"href":"https:\/\/admira.se\/en\/wp-json\/wp\/v2\/pages\/7293\/revisions\/7937"}],"wp:attachment":[{"href":"https:\/\/admira.se\/en\/wp-json\/wp\/v2\/media?parent=7293"}],"curies":[{"name":"wp","href":"https:\/\/api.w.org\/{rel}","templated":true}]}}