{"id":7348,"date":"2024-10-09T12:47:24","date_gmt":"2024-10-09T10:47:24","guid":{"rendered":"https:\/\/stage.admira.se\/?page_id=7348"},"modified":"2025-05-16T08:34:16","modified_gmt":"2025-05-16T06:34:16","slug":"kontakt","status":"publish","type":"page","link":"https:\/\/admira.se\/en\/kontakt\/","title":{"rendered":"Contact us"},"content":{"rendered":"<div data-elementor-type=\"wp-page\" data-elementor-id=\"7348\" class=\"elementor elementor-7348\">\n\t\t\t\t<div class=\"elementor-element elementor-element-4fabaa2 e-flex e-con-boxed e-con e-parent\" data-id=\"4fabaa2\" data-element_type=\"container\" data-e-type=\"container\">\n\t\t\t\t\t<div class=\"e-con-inner\">\n\t\t\t\t<div class=\"elementor-element elementor-element-fbb679e elementor-widget elementor-widget-text-editor\" data-id=\"fbb679e\" data-element_type=\"widget\" data-e-type=\"widget\" data-widget_type=\"text-editor.default\">\n\t\t\t\t<div class=\"elementor-widget-container\">\n\t\t\t\t\t\t\t\t\t<h3>Our midwives look forward to welcoming you<\/h3><p>We strive for a high level of accessibility<\/p>\t\t\t\t\t\t\t\t<\/div>\n\t\t\t\t<\/div>\n\t\t\t\t\t<\/div>\n\t\t\t\t<\/div>\n\t\t<div class=\"elementor-element elementor-element-1088c77 e-flex e-con-boxed e-con e-parent\" data-id=\"1088c77\" data-element_type=\"container\" data-e-type=\"container\">\n\t\t\t\t\t<div class=\"e-con-inner\">\n\t\t<div class=\"elementor-element elementor-element-922572f e-con-full e-flex e-con e-child\" data-id=\"922572f\" data-element_type=\"container\" data-e-type=\"container\">\n\t\t<div class=\"elementor-element elementor-element-4de1838 e-con-full e-flex elementor-invisible e-con e-child\" data-id=\"4de1838\" data-element_type=\"container\" data-e-type=\"container\" data-settings=\"{&quot;background_background&quot;:&quot;classic&quot;,&quot;animation&quot;:&quot;fadeIn&quot;}\">\n\t\t\t\t<div class=\"elementor-element elementor-element-5a29829 elementor-widget elementor-widget-text-editor\" data-id=\"5a29829\" data-element_type=\"widget\" data-e-type=\"widget\" data-widget_type=\"text-editor.default\">\n\t\t\t\t<div class=\"elementor-widget-container\">\n\t\t\t\t\t\t\t\t\t<h4><a href=\"mailto:info@admira.se\">info@admira.se<\/a><\/h4><p>Send an email to our midwives<\/p><h4><a href=\"tel:046303090\">046-303090<\/a><\/h4><p>Please leave your name and telephone number, and we will call you back during the next few hours<\/p><h4>V\u00e5rdguidens e-tj\u00e4nst<\/h4><p>Log in at <a href=\"https:\/\/e-tjanster.1177.se\/mvk\/login\/login.xhtml\">1177.se<\/a> using your BankID and send us a message\u00a0\u00a0<\/p>\t\t\t\t\t\t\t\t<\/div>\n\t\t\t\t<\/div>\n\t\t\t\t<\/div>\n\t\t\t\t<\/div>\n\t\t<div class=\"elementor-element elementor-element-12cbe78 e-con-full e-flex e-con e-child\" data-id=\"12cbe78\" data-element_type=\"container\" data-e-type=\"container\">\n\t\t<div class=\"elementor-element elementor-element-f86577f e-con-full e-flex elementor-invisible e-con e-child\" data-id=\"f86577f\" data-element_type=\"container\" data-e-type=\"container\" data-settings=\"{&quot;background_background&quot;:&quot;classic&quot;,&quot;animation&quot;:&quot;fadeIn&quot;,&quot;animation_delay&quot;:200}\">\n\t\t\t\t<div class=\"elementor-element elementor-element-e1dd141 elementor-widget elementor-widget-text-editor\" data-id=\"e1dd141\" data-element_type=\"widget\" data-e-type=\"widget\" data-widget_type=\"text-editor.default\">\n\t\t\t\t<div class=\"elementor-widget-container\">\n\t\t\t\t\t\t\t\t\t<h4>For urgent matters when we are closed:<\/h4><p><strong>Maternity Clinic Lund and Malm\u00f6<\/strong>\u00a0<strong>&amp; Lund<\/strong><br \/>Tel\u00a00771-111 888<\/p><p><strong>V\u00e5rdguidens e-tj\u00e4nster<\/strong><br \/>Tel 1177<br \/><a href=\"https:\/\/www.1177.se\/Skane\/\">1177.se<\/a><\/p><p><strong>For emergency situations call 112<\/strong><\/p><h4>If you are not satisfied with your care<\/h4><p data-olk-copy-source=\"MessageBody\">Are you or a relative dissatisfied with health that you have received? If so, the patient advisory committee can help you. Your opinion can help prevent others from having the same experience.<\/p><p>Find out more here\u00a0<a title=\"https:\/\/www.1177.se\/Skane\/sa-fungerar-varden\/om-du-inte-ar-nojd\/om-du-inte-ar-nojd-med-varden\/#section-18272\" href=\"https:\/\/www.1177.se\/Skane\/sa-fungerar-varden\/om-du-inte-ar-nojd\/om-du-inte-ar-nojd-med-varden\/#section-18272\" target=\"_blank\" rel=\"noopener noreferrer\" data-auth=\"NotApplicable\" data-linkindex=\"0\" data-olk-copy-source=\"MessageBody\">Om du inte \u00e4r n\u00f6jd med v\u00e5rden &#8211; 1177<\/a><\/p><p>\u00a0<\/p>\t\t\t\t\t\t\t\t<\/div>\n\t\t\t\t<\/div>\n\t\t\t\t<\/div>\n\t\t\t\t<\/div>\n\t\t\t\t\t<\/div>\n\t\t\t\t<\/div>\n\t\t\t\t<\/div>","protected":false},"excerpt":{"rendered":"<p>Vi finns h\u00e4r f\u00f6r dig Det ska vara l\u00e4tt att komma i kontakt med v\u00e5ra barnmorskor info@admira.se V\u00e5r epost bemannas av barnmorska och vi svarar oftast samma dag. 046-303090 L\u00e4mna ditt namn och telefonnummer p\u00e5 r\u00f6stbrevl\u00e5dan s\u00e5 blir du kontaktad under dagen V\u00e5rdguidens e-tj\u00e4nst P\u00e5 1177.se loggar du in med BankID och v\u00e4ljer Admira Kvinnoh\u00e4lsa. [&hellip;]<\/p>\n","protected":false},"author":1,"featured_media":0,"parent":0,"menu_order":0,"comment_status":"closed","ping_status":"closed","template":"","meta":{"footnotes":""},"class_list":["post-7348","page","type-page","status-publish","hentry"],"_links":{"self":[{"href":"https:\/\/admira.se\/en\/wp-json\/wp\/v2\/pages\/7348","targetHints":{"allow":["GET"]}}],"collection":[{"href":"https:\/\/admira.se\/en\/wp-json\/wp\/v2\/pages"}],"about":[{"href":"https:\/\/admira.se\/en\/wp-json\/wp\/v2\/types\/page"}],"author":[{"embeddable":true,"href":"https:\/\/admira.se\/en\/wp-json\/wp\/v2\/users\/1"}],"replies":[{"embeddable":true,"href":"https:\/\/admira.se\/en\/wp-json\/wp\/v2\/comments?post=7348"}],"version-history":[{"count":36,"href":"https:\/\/admira.se\/en\/wp-json\/wp\/v2\/pages\/7348\/revisions"}],"predecessor-version":[{"id":8141,"href":"https:\/\/admira.se\/en\/wp-json\/wp\/v2\/pages\/7348\/revisions\/8141"}],"wp:attachment":[{"href":"https:\/\/admira.se\/en\/wp-json\/wp\/v2\/media?parent=7348"}],"curies":[{"name":"wp","href":"https:\/\/api.w.org\/{rel}","templated":true}]}}