{"id":7394,"date":"2024-10-09T17:32:29","date_gmt":"2024-10-09T15:32:29","guid":{"rendered":"https:\/\/stage.admira.se\/?page_id=7394"},"modified":"2026-01-12T00:05:37","modified_gmt":"2026-01-11T23:05:37","slug":"samarbetspartners","status":"publish","type":"page","link":"https:\/\/admira.se\/en\/samarbetspartners\/","title":{"rendered":"Partners"},"content":{"rendered":"<div data-elementor-type=\"wp-page\" data-elementor-id=\"7394\" class=\"elementor elementor-7394\">\n\t\t\t\t<div class=\"elementor-element elementor-element-a06153c e-flex e-con-boxed e-con e-parent\" data-id=\"a06153c\" data-element_type=\"container\" data-e-type=\"container\">\n\t\t\t\t\t<div class=\"e-con-inner\">\n\t\t\t\t<div class=\"elementor-element elementor-element-3a475b5 elementor-widget elementor-widget-text-editor\" data-id=\"3a475b5\" data-element_type=\"widget\" data-e-type=\"widget\" data-widget_type=\"text-editor.default\">\n\t\t\t\t<div class=\"elementor-widget-container\">\n\t\t\t\t\t\t\t\t\t<p><a href=\"https:\/\/emmaultraljud.se\/\" target=\"_blank\" rel=\"noopener\"><img decoding=\"async\" class=\"alignnone size-medium wp-image-6916\" src=\"https:\/\/admira.se\/wp-content\/uploads\/2024\/10\/Emma_ultra-300x96.png\" alt=\"\" width=\"300\" height=\"96\" srcset=\"https:\/\/admira.se\/wp-content\/uploads\/2024\/10\/Emma_ultra-300x96.png 300w, https:\/\/admira.se\/wp-content\/uploads\/2024\/10\/Emma_ultra.png 526w\" sizes=\"(max-width: 300px) 100vw, 300px\" \/><\/a><\/p><p>Emma ultraljud \u00e4r en privat mottagning specialiserad inom fosterdiagnostik och obstetriskt ultraljud av gravida. Emma Ultraljud har varit verksam i Malm\u00f6 sedan 2008 samt i Lund fr\u00e5n 2019 och \u00e4r med +10.000 unders\u00f6kningar per \u00e5r den st\u00f6rsta ultraljudsmottagning i S\u00f6dra Sverige.\u00a0<a href=\"https:\/\/emmaultraljud.se\/\" target=\"_blank\" rel=\"noopener\">emmaultraljud.se\/boka-ultraljud<\/a><\/p><p>\u00a0<\/p><p><a href=\"https:\/\/amnionkliniken.se\/\" target=\"_blank\" rel=\"noopener\"><img decoding=\"async\" class=\"alignnone wp-image-6967 size-thumbnail\" src=\"https:\/\/admira.se\/wp-content\/uploads\/2024\/10\/logga_Amnionkliniken-150x150.jpg\" alt=\"\" width=\"150\" height=\"150\" srcset=\"https:\/\/admira.se\/wp-content\/uploads\/2024\/10\/logga_Amnionkliniken-150x150.jpg 150w, https:\/\/admira.se\/wp-content\/uploads\/2024\/10\/logga_Amnionkliniken.jpg 259w\" sizes=\"(max-width: 150px) 100vw, 150px\" \/><\/a><\/p><p>Amnionkliniken \u00e4r en privat ultraljudsmottagning i centrala Lund. Hos oss ska alla k\u00e4nna sig v\u00e4lkomna och v\u00e4nligt bem\u00f6tta. Vi v\u00e4rdes\u00e4tter m\u00e5ngfald och brinner f\u00f6r v\u00e5rt arbete med m\u00e4nniskor. P\u00e5 Amnionkliniken kan du\/ni g\u00f6ra graviditetsultraljud eller f\u00e5 hj\u00e4lp med att f\u00f6rbereda er inf\u00f6r f\u00f6rlossningen. Vi som arbetar h\u00e4r \u00e4r legitimerade barnmorskor med l\u00e5ngvarig f\u00f6rlossningserfarenhet samt specialistutbildning i graviditetsultraljud. V\u00e5r medicinskt ansvarige l\u00e4kare \u00e4r specialistl\u00e4kare i obstetrik\/gynekologi samt ultraljud. Du kan antingen komma till oss p\u00e5 remiss fr\u00e5n din barnmorska eller boka en tid privat.\u00a0<\/p><p><a href=\"https:\/\/amnionkliniken.se\/\" target=\"_blank\" rel=\"noopener\">L\u00e4s mer p\u00e5 v\u00e5r hemsida<\/a><\/p><p>\u00a0<\/p><p><a href=\"https:\/\/www.gravidcoach.se\/\" target=\"_blank\" rel=\"noopener\"><img decoding=\"async\" class=\"alignnone size-medium wp-image-6973\" src=\"https:\/\/admira.se\/wp-content\/uploads\/2024\/10\/loggapng-300x104.png\" alt=\"\" width=\"300\" height=\"104\" srcset=\"https:\/\/admira.se\/wp-content\/uploads\/2024\/10\/loggapng-300x104.png 300w, https:\/\/admira.se\/wp-content\/uploads\/2024\/10\/loggapng.png 550w\" sizes=\"(max-width: 300px) 100vw, 300px\" \/><\/a><\/p><p>Din Gravidcoach hj\u00e4lper dig att f\u00e5 en lugn och trygg f\u00f6rlossning, d\u00e4rmed en positiv start p\u00e5 det nya livet f\u00f6r er alla. Vi erbjuder profylaxkursen &#8221;F\u00f6da utan r\u00e4dsla&#8221;, Doulast\u00f6d och olika Gravidprogram som anpassas helt utifr\u00e5n dina\/era behov. <a href=\"http:\/\/www.gravidcoach.se\/\" target=\"_blank\" rel=\"noopener\">www.gravidcoach.se\/<\/a><\/p><p>\u00a0<\/p><p><a href=\"https:\/\/sagogrynet.wordpress.com\/\" target=\"_blank\" rel=\"noopener\"><img loading=\"lazy\" decoding=\"async\" class=\"alignnone wp-image-6912 size-thumbnail\" src=\"https:\/\/admira.se\/wp-content\/uploads\/2024\/10\/cropped-sagogrynet-hallon-1-150x150.png\" alt=\"\" width=\"150\" height=\"150\" srcset=\"https:\/\/admira.se\/wp-content\/uploads\/2024\/10\/cropped-sagogrynet-hallon-1-150x150.png 150w, https:\/\/admira.se\/wp-content\/uploads\/2024\/10\/cropped-sagogrynet-hallon-1.png 200w\" sizes=\"(max-width: 150px) 100vw, 150px\" \/><\/a><\/p><p>Jag heter Lin Dal\u00e9n och \u00e4r amningsr\u00e5dgivare och hj\u00e4lpmamma i Amningshj\u00e4lpen. Jag \u00e4r mamma och har sedan 2005 engagerat mig i f\u00f6r\u00e4ldraskap och livet med barn i allm\u00e4nhet, och amningsfr\u00e5gor i synnerhet.<\/p><p>Jag \u00e4r f\u00f6rfattare, jag bloggar och skriver om amning, skriver amningstexter f\u00f6r tidningar och utbildar hj\u00e4lpmammor inom Amningshj\u00e4lpen. F\u00f6rel\u00e4ser och h\u00e5ller amningskurser, och utbildar b\u00e5de f\u00f6r\u00e4ldrar och v\u00e5rdpersonal samt studenter \u2013 blivande barnsjuksk\u00f6terskor\/barnmorskor mfl. i amning och amningsr\u00e5dgivning.<\/p><div><a href=\"https:\/\/sagogrynet.wordpress.com\/\" target=\"_blank\" rel=\"noopener\">Sagogrynet blogg<\/a><\/div><div>\u00a0<\/div><div><p><a href=\"https:\/\/www.kry.se\/vardcentraler\/skane\/laurentii\/bvc\/\" target=\"_blank\" rel=\"noopener\"><img loading=\"lazy\" decoding=\"async\" class=\"alignnone wp-image-6962\" src=\"https:\/\/admira.se\/wp-content\/uploads\/2024\/10\/kry_logo_blue900_RGB-300x162.jpg\" alt=\"\" width=\"159\" height=\"86\" srcset=\"https:\/\/admira.se\/wp-content\/uploads\/2024\/10\/kry_logo_blue900_RGB-300x162.jpg 300w, https:\/\/admira.se\/wp-content\/uploads\/2024\/10\/kry_logo_blue900_RGB-1024x553.jpg 1024w, https:\/\/admira.se\/wp-content\/uploads\/2024\/10\/kry_logo_blue900_RGB-768x415.jpg 768w, https:\/\/admira.se\/wp-content\/uploads\/2024\/10\/kry_logo_blue900_RGB-1536x830.jpg 1536w, https:\/\/admira.se\/wp-content\/uploads\/2024\/10\/kry_logo_blue900_RGB-2048x1106.jpg 2048w\" sizes=\"(max-width: 159px) 100vw, 159px\" \/><\/a><\/p><p>Kry Barnav\u00e5rdscentral (BVC) Laurentii ansvarar f\u00f6r kontroller av nyf\u00f6dda och yngre barns h\u00e4lsa samt ger r\u00e5d om allt som r\u00f6r barnets utveckling. Vi f\u00f6ljer barnets utveckling tillsammans med er f\u00f6r\u00e4ldrar fram till skolstart. Till oss kan ni \u00e4ven v\u00e4nda er f\u00f6r att prata om funderingar, oro eller gl\u00e4dje\u00e4mnen som ni upplever med ert barn. Alla bes\u00f6k hos oss \u00e4r givetvis kostnadsfria. L\u00e4s mer om\u00a0<a href=\"https:\/\/www.kry.se\/vardcentraler\/skane\/laurentii\/bvc\/\" target=\"_blank\" rel=\"noopener\">Kry BVC Laurentii<\/a><\/p><p>\u00a0<\/p><\/div><div><p><a href=\"http:\/\/www.sexosam.se\/\" target=\"_blank\" rel=\"noopener\"><img loading=\"lazy\" decoding=\"async\" class=\"wp-image-6974\" src=\"https:\/\/admira.se\/wp-content\/uploads\/2024\/10\/logga_Sex_o_sam-300x212.jpg\" alt=\"\" width=\"178\" height=\"125\" srcset=\"https:\/\/admira.se\/wp-content\/uploads\/2024\/10\/logga_Sex_o_sam-300x212.jpg 300w, https:\/\/admira.se\/wp-content\/uploads\/2024\/10\/logga_Sex_o_sam-1024x724.jpg 1024w, https:\/\/admira.se\/wp-content\/uploads\/2024\/10\/logga_Sex_o_sam-768x543.jpg 768w, https:\/\/admira.se\/wp-content\/uploads\/2024\/10\/logga_Sex_o_sam-1536x1086.jpg 1536w, https:\/\/admira.se\/wp-content\/uploads\/2024\/10\/logga_Sex_o_sam.jpg 2000w\" sizes=\"(max-width: 178px) 100vw, 178px\" \/><\/a><\/p><\/div><p>St\u00f6d- och behandlingssamtal f\u00f6r par eller enskilda personer, homo-, bi- trans eller heterosexuella, som handlar om sexualitet eller sexuella problem. Jag \u00e4r barnmorska, sexolog och steg 1-terapeut i KBT sedan flera \u00e5r \u00e5r. Ett bes\u00f6k kostar 200 kr per person, h\u00f6gkostnads- och frikort g\u00e4ller.\u00a0Magle lilla Kyrkogata 1C, tisdagar och torsdagar.<br \/>Du bokar tid direkt via telefon: 0739-82 44 58, eller via mail:\u00a0<span id=\"cloak1b211d40cb6ac8b9e3314554aafdaf18\"><a href=\"mailto:margit@sexosam.se\">margit@sexosam.se<\/a><\/span><br \/><a href=\"http:\/\/www.sexosam.se\/\" target=\"_blank\" rel=\"noopener\">www.sexosam.se<\/a><\/p><p>\u00a0<\/p><p><a href=\"https:\/\/www.iklinik.se\/mammagravid\" target=\"_blank\" rel=\"noopener\"><img loading=\"lazy\" decoding=\"async\" class=\"alignnone wp-image-6970 size-thumbnail\" src=\"https:\/\/admira.se\/wp-content\/uploads\/2024\/10\/loggaiklinik2023-150x150.png\" alt=\"\" width=\"150\" height=\"150\" srcset=\"https:\/\/admira.se\/wp-content\/uploads\/2024\/10\/loggaiklinik2023-150x150.png 150w, https:\/\/admira.se\/wp-content\/uploads\/2024\/10\/loggaiklinik2023-300x300.png 300w, https:\/\/admira.se\/wp-content\/uploads\/2024\/10\/loggaiklinik2023.png 600w\" sizes=\"(max-width: 150px) 100vw, 150px\" \/><\/a><\/p><p>P\u00e5 IKLINIK kan du av utbildad fysioterapeut (fd sjukgymnast) f\u00e5 hj\u00e4lp b\u00e5de under och efter graviditet. Under graviditeten erbjuds v\u00e4gledning kring tr\u00e4ning och fysisk aktivitet &#8211; vi kan \u00e4ven hj\u00e4lpa till med utprovning av b\u00e4ckenledsb\u00e4lte och sm\u00e4rtlindring i form av akupunktur vid graviditetsrelaterad b\u00e4ckenledssm\u00e4rta. Efter f\u00f6rlossning hj\u00e4lper vi dig ig\u00e5ng med tr\u00e4ning &#8211; b\u00e5de individuellt och i grupp. L\u00e4s mer p\u00e5\u00a0<a href=\"https:\/\/www.iklinik.se\/mammagravid\" target=\"_blank\" rel=\"noopener\">www.iklinik.se\/mammagravid<\/a><\/p><p>\u00a0<\/p><p><img loading=\"lazy\" decoding=\"async\" class=\"alignnone  wp-image-8519\" src=\"https:\/\/admira.se\/wp-content\/uploads\/2026\/01\/Skarmbild-2026-01-11-235513-300x107.png\" alt=\"\" width=\"181\" height=\"65\" srcset=\"https:\/\/admira.se\/wp-content\/uploads\/2026\/01\/Skarmbild-2026-01-11-235513-300x107.png 300w, https:\/\/admira.se\/wp-content\/uploads\/2026\/01\/Skarmbild-2026-01-11-235513-1024x364.png 1024w, https:\/\/admira.se\/wp-content\/uploads\/2026\/01\/Skarmbild-2026-01-11-235513-768x273.png 768w, https:\/\/admira.se\/wp-content\/uploads\/2026\/01\/Skarmbild-2026-01-11-235513-18x6.png 18w, https:\/\/admira.se\/wp-content\/uploads\/2026\/01\/Skarmbild-2026-01-11-235513.png 1069w\" sizes=\"(max-width: 181px) 100vw, 181px\" \/><\/p><p><span data-olk-copy-source=\"MessageBody\">P\u00e5 Dalbyv\u00e4gen i Lund finns Viklinik v\u00e5rdcentral och BVC. Viklinik har av patienterna (SKR) blivit utsedd till Lunds b\u00e4sta v\u00e5rdcentral tre \u00e5r i rad, och h\u00e4r finns v\u00e5rd f\u00f6r hela familjens h\u00e4lsa. Genom att kombinera den medicinska mottagningen med barnav\u00e5rdscentralen skapas en sammanh\u00e5llen v\u00e5rdkedja f\u00f6r b\u00e5de vuxna och barn. L\u00e4s g\u00e4rna mer p\u00e5 <a href=\"https:\/\/www.viklinik.se\/\">viklinik.se<\/a><\/span><\/p><p>\u00a0<\/p><p><a href=\"https:\/\/gerdahallen.com\/gravidtraning-lund\/\" target=\"_blank\" rel=\"noopener\"><img loading=\"lazy\" decoding=\"async\" class=\"alignnone wp-image-6921\" src=\"https:\/\/admira.se\/wp-content\/uploads\/2024\/10\/Gerdahallen_logga_svart_transperent-300x58.png\" alt=\"\" width=\"300\" height=\"58\" srcset=\"https:\/\/admira.se\/wp-content\/uploads\/2024\/10\/Gerdahallen_logga_svart_transperent-300x58.png 300w, https:\/\/admira.se\/wp-content\/uploads\/2024\/10\/Gerdahallen_logga_svart_transperent-768x148.png 768w, https:\/\/admira.se\/wp-content\/uploads\/2024\/10\/Gerdahallen_logga_svart_transperent.png 1000w\" sizes=\"(max-width: 300px) 100vw, 300px\" \/><\/a><\/p><p><strong>MammaMage<\/strong><\/p><p>\u00c4r du nyf\u00f6rl\u00f6st eller har du problem med dina magmuskler? Vet du kanske om att du har en diastas? \u00c5sa Rippe, leg. fysioterapeut p\u00e5 Gerdahallen och certifierad MammaMage tr\u00e4nare, erbjuder bed\u00f6mning av magmuskler och m\u00e4tning av ev diastas. Individuell rehabilitering och tr\u00e4ning erbjuds och planeras tillsammans med patienten. Vi tr\u00e4nar individuellt eller i grupp och bebisen f\u00e5r g\u00e4rna f\u00f6lja med.\u00a0<a href=\"https:\/\/gerdahallen.com\/gravidtraning-lund\/\" target=\"_blank\" rel=\"noopener\">Se hemsida f\u00f6r mer information.<\/a><\/p><p>\u00a0<\/p><div data-olk-copy-source=\"MessageBody\"><img loading=\"lazy\" decoding=\"async\" class=\"alignnone size-medium wp-image-7001\" src=\"https:\/\/admira.se\/wp-content\/uploads\/2024\/10\/relationsfokus_stor-300x51.jpg\" alt=\"\" width=\"300\" height=\"51\" srcset=\"https:\/\/admira.se\/wp-content\/uploads\/2024\/10\/relationsfokus_stor-300x51.jpg 300w, https:\/\/admira.se\/wp-content\/uploads\/2024\/10\/relationsfokus_stor-1024x173.jpg 1024w, https:\/\/admira.se\/wp-content\/uploads\/2024\/10\/relationsfokus_stor-768x130.jpg 768w, https:\/\/admira.se\/wp-content\/uploads\/2024\/10\/relationsfokus_stor-1536x259.jpg 1536w, https:\/\/admira.se\/wp-content\/uploads\/2024\/10\/relationsfokus_stor-2048x346.jpg 2048w\" sizes=\"(max-width: 300px) 100vw, 300px\" \/><\/div><div data-olk-copy-source=\"MessageBody\"><p><strong>Relationsfokus<\/strong><\/p><p>Marcus Peterson \u00e4r auktoriserad socionom, leg.psykoterapeut och handledare &amp; l\u00e4rare i psykoterapi. Han har flera \u00e5rs erfarenhet av arbete med familjer och parrelationer. Marcus driver f\u00f6retaget Relationsfokus d\u00e4r han tr\u00e4ffar familjer med fokus p\u00e5 att st\u00e4rka relation mellan f\u00f6r\u00e4lder\/f\u00f6r\u00e4lder och f\u00f6r\u00e4lder\/barn. Ut\u00f6ver detta tr\u00e4ffar han par f\u00f6r att arbeta p\u00e5 den vuxna parrelationen. F\u00f6r mer information om Marcus bes\u00f6k hans hemsida\u00a0<a href=\"http:\/\/www.relationsfokus.se\/\" target=\"_blank\" rel=\"noopener\">www.relationsfokus.se<\/a><\/p><p>\u00a0<\/p><\/div><div data-olk-copy-source=\"MessageBody\">\u00a0<\/div><div data-olk-copy-source=\"MessageBody\"><img loading=\"lazy\" decoding=\"async\" class=\"alignnone wp-image-8459\" src=\"https:\/\/admira.se\/wp-content\/uploads\/2025\/11\/Rutin-logo-RGB-300x119.jpg\" alt=\"Rutin logga\" width=\"195\" height=\"77\" srcset=\"https:\/\/admira.se\/wp-content\/uploads\/2025\/11\/Rutin-logo-RGB-300x119.jpg 300w, https:\/\/admira.se\/wp-content\/uploads\/2025\/11\/Rutin-logo-RGB-1024x408.jpg 1024w, https:\/\/admira.se\/wp-content\/uploads\/2025\/11\/Rutin-logo-RGB-768x306.jpg 768w, https:\/\/admira.se\/wp-content\/uploads\/2025\/11\/Rutin-logo-RGB-1536x611.jpg 1536w, https:\/\/admira.se\/wp-content\/uploads\/2025\/11\/Rutin-logo-RGB-2048x815.jpg 2048w, https:\/\/admira.se\/wp-content\/uploads\/2025\/11\/Rutin-logo-RGB-18x7.jpg 18w\" sizes=\"(max-width: 195px) 100vw, 195px\" \/><\/div><div data-olk-copy-source=\"MessageBody\"><strong>Rutin &#8211; Din personliga tr\u00e4ningsstudio i centrala Lund<\/strong><\/div><div>Vi finns f\u00f6r dig som vill mer.<\/div><div>Vi \u00e4r medvetna om, b\u00e5de genom vetenskap och v\u00e5r gemensamma erfarenhet, att ett h\u00e4lsosamt liv bygger p\u00e5 h\u00e4lsosamma rutiner. Det finns inget enskilt tr\u00e4ningspass, m\u00e5ltid eller verktyg som i sig sj\u00e4lvt \u00e4r tillr\u00e4ckligt f\u00f6r att uppn\u00e5 varaktig h\u00e4lsa. Ist\u00e4llet kr\u00e4vs det att du skapar och uppr\u00e4tth\u00e5ller en h\u00e4lsosam Rutin. <a href=\"https:\/\/www.rutinilund.se\/\" target=\"_blank\" rel=\"noopener\">L\u00e4s mer h\u00e4r<\/a><\/div><div>\u00a0<\/div><p><img loading=\"lazy\" decoding=\"async\" class=\"alignnone  wp-image-8221\" src=\"https:\/\/admira.se\/wp-content\/uploads\/2025\/06\/connected-mammas-300x200.png\" alt=\"\" width=\"171\" height=\"114\" srcset=\"https:\/\/admira.se\/wp-content\/uploads\/2025\/06\/connected-mammas-300x200.png 300w, https:\/\/admira.se\/wp-content\/uploads\/2025\/06\/connected-mammas.png 1200w\" sizes=\"(max-width: 171px) 100vw, 171px\" \/><\/p><p><span data-olk-copy-source=\"MessageBody\">Bethany is a mother of two young children (ages 5 &amp; 2), with a passion for pre and postnatal wellness. She grew up in the US, and moved to Sweden over 10 years ago. Bethany is a registered E-RYT 200 yoga teacher, with special education in pre and postnatal yoga. She has taught yoga full time for 10 years, and led her programs for mothers since 2018. During this time she\u2019s worked in-person with hundreds of women in the pregnancy and mamma baby yoga programs, and even more with her community for local moms &#8211; Connected Mammas.<a href=\"https:\/\/linktr.ee\/bethanyyoga\"> You can read more about Bethany and her programs here<\/a> <\/span><\/p><p>\u00a0<\/p><p><a href=\"https:\/\/www.lundsivfcenter.se\/\" target=\"_blank\" rel=\"noopener\"><img loading=\"lazy\" decoding=\"async\" class=\"alignnone wp-image-6976\" src=\"https:\/\/admira.se\/wp-content\/uploads\/2024\/10\/Lunds_IVF_center_logga-300x218.png\" alt=\"\" width=\"157\" height=\"114\" srcset=\"https:\/\/admira.se\/wp-content\/uploads\/2024\/10\/Lunds_IVF_center_logga-300x218.png 300w, https:\/\/admira.se\/wp-content\/uploads\/2024\/10\/Lunds_IVF_center_logga.png 749w\" sizes=\"(max-width: 157px) 100vw, 157px\" \/><\/a><\/p><p>Lunds IVF Center \u00e4r bel\u00e4gen mitt i centrala Lund.\u00a0Hos oss m\u00f6ter du engagerad personal med m\u00e5ng\u00e5rig kompetens inom omr\u00e5det.\u00a0Vi erbjuder fertilitetsr\u00e5dgivning och utf\u00f6r infertilitetsutredningar och behandlingar. Du kan \u00e4ven f\u00e5 hj\u00e4lp med frysning av \u00e4gg\/spermier i fertilitetsbevarande syfte.\u00a0V\u00e4lkommen att l\u00e4sa mer och boka tid p\u00e5\u00a0<a href=\"https:\/\/www.lundsivfcenter.se\/\" target=\"_blank\" rel=\"noopener\">https:\/\/www.lundsivfcenter.se\/<\/a><\/p>\t\t\t\t\t\t\t\t<\/div>\n\t\t\t\t<\/div>\n\t\t\t\t\t<\/div>\n\t\t\t\t<\/div>\n\t\t\t\t<\/div>","protected":false},"excerpt":{"rendered":"<p>Emma ultraljud \u00e4r en privat mottagning specialiserad inom fosterdiagnostik och obstetriskt ultraljud av gravida. Emma Ultraljud har varit verksam i Malm\u00f6 sedan 2008 samt i Lund fr\u00e5n 2019 och \u00e4r med +10.000 unders\u00f6kningar per \u00e5r den st\u00f6rsta ultraljudsmottagning i S\u00f6dra Sverige.\u00a0emmaultraljud.se\/boka-ultraljud \u00a0 Amnionkliniken \u00e4r en privat ultraljudsmottagning i centrala Lund. Hos oss ska alla k\u00e4nna [&hellip;]<\/p>\n","protected":false},"author":1,"featured_media":0,"parent":0,"menu_order":0,"comment_status":"closed","ping_status":"closed","template":"","meta":{"footnotes":""},"class_list":["post-7394","page","type-page","status-publish","hentry"],"_links":{"self":[{"href":"https:\/\/admira.se\/en\/wp-json\/wp\/v2\/pages\/7394","targetHints":{"allow":["GET"]}}],"collection":[{"href":"https:\/\/admira.se\/en\/wp-json\/wp\/v2\/pages"}],"about":[{"href":"https:\/\/admira.se\/en\/wp-json\/wp\/v2\/types\/page"}],"author":[{"embeddable":true,"href":"https:\/\/admira.se\/en\/wp-json\/wp\/v2\/users\/1"}],"replies":[{"embeddable":true,"href":"https:\/\/admira.se\/en\/wp-json\/wp\/v2\/comments?post=7394"}],"version-history":[{"count":22,"href":"https:\/\/admira.se\/en\/wp-json\/wp\/v2\/pages\/7394\/revisions"}],"predecessor-version":[{"id":8522,"href":"https:\/\/admira.se\/en\/wp-json\/wp\/v2\/pages\/7394\/revisions\/8522"}],"wp:attachment":[{"href":"https:\/\/admira.se\/en\/wp-json\/wp\/v2\/media?parent=7394"}],"curies":[{"name":"wp","href":"https:\/\/api.w.org\/{rel}","templated":true}]}}