{"id":7401,"date":"2024-10-09T17:36:19","date_gmt":"2024-10-09T15:36:19","guid":{"rendered":"https:\/\/stage.admira.se\/?page_id=7401"},"modified":"2024-10-09T17:36:58","modified_gmt":"2024-10-09T15:36:58","slug":"var-vision","status":"publish","type":"page","link":"https:\/\/admira.se\/en\/om-oss\/var-vision\/","title":{"rendered":"Our vision"},"content":{"rendered":"<div data-elementor-type=\"wp-page\" data-elementor-id=\"7401\" class=\"elementor elementor-7401\">\n\t\t\t\t<div class=\"elementor-element elementor-element-2b1e809 e-flex e-con-boxed e-con e-parent\" data-id=\"2b1e809\" data-element_type=\"container\" data-e-type=\"container\">\n\t\t\t\t\t<div class=\"e-con-inner\">\n\t\t\t\t<div class=\"elementor-element elementor-element-ef7dddb elementor-widget elementor-widget-text-editor\" data-id=\"ef7dddb\" data-element_type=\"widget\" data-e-type=\"widget\" data-widget_type=\"text-editor.default\">\n\t\t\t\t<div class=\"elementor-widget-container\">\n\t\t\t\t\t\t\t\t\t<p class=\"preamble\">Vi vill skapa TILLIT och TRYGGHET<\/p><div><div><h2><span lang=\"SV-SE\" xml:lang=\"SV-SE\" data-contrast=\"none\">TILLIT<\/span><\/h2><\/div><div><p><span lang=\"SV-SE\" xml:lang=\"SV-SE\" data-contrast=\"none\">Din barnmorska \u00e4r engagerad och hon respekterar Dig. Hon lyssnar p\u00e5 Dig och r\u00e5dgivningen\/v\u00e5rden utformas utifr\u00e5n Din situation och Dina f\u00f6ruts\u00e4ttningar.\u00a0<\/span><span lang=\"SV-SE\" xml:lang=\"SV-SE\" data-contrast=\"none\">Det \u00e4r viktigt f\u00f6r att du ska kunna f\u00f6rst\u00e5 och vara delaktig i din v\u00e5rd. Du v\u00e4ljer sj\u00e4lv hur aktiv du vill vara, men du har alltid en m\u00f6jlighet att tala om vad du vill.<\/span><span data-ccp-props=\"{\">\u00a0Vi v\u00e4lkomnar\u00a0<\/span><span lang=\"SV-SE\" xml:lang=\"SV-SE\" data-contrast=\"none\">alla, oavsett k\u00f6nsidentitet, och ser bara positivt p\u00e5 en mer inkluderande h\u00e4lsov\u00e5rd i Sverige.\u00a0<\/span><\/p><\/div><\/div><div><div><p>\u00a0<\/p><h2><span style=\"text-transform: initial;\">TRYGGHET\u00a0<\/span><\/h2><\/div><div><p><span lang=\"SV-SE\" xml:lang=\"SV-SE\" data-contrast=\"none\">En h<\/span><span lang=\"SV-SE\" xml:lang=\"SV-SE\" data-contrast=\"none\">\u00f6g tillg\u00e4nglighet<\/span><span lang=\"SV-SE\" xml:lang=\"SV-SE\" data-contrast=\"none\">: Du kan kontakta din barnmorska p\u00e5 telefon och e-post, samt boka dina tider online<\/span><\/p><\/div><\/div><div><p><span lang=\"SV-SE\" xml:lang=\"SV-SE\" data-contrast=\"none\">Kontinuitet<\/span><span lang=\"SV-SE\" xml:lang=\"SV-SE\" data-contrast=\"none\">: Du har m\u00f6jlighet att tr\u00e4ffa samma barnmorska varje g\u00e5ng du kommer om du \u00f6nskar. Framf\u00f6r allt under graviditeten kan detta k\u00e4nnas naturligt.\u00a0<\/span><\/p><\/div><div><p><span lang=\"SV-SE\" xml:lang=\"SV-SE\" data-contrast=\"none\">Medicinsk kompetens<\/span><span lang=\"SV-SE\" xml:lang=\"SV-SE\" data-contrast=\"none\">: Du kan k\u00e4nna dig trygg med att v\u00e5ra barnmorskor \u00e4r uppdaterade och f\u00f6ljer Region Sk\u00e5nes riktlinjer f\u00f6r kvinnoh\u00e4lsov\u00e5rden, samt har ett n\u00e4ra samarbete med Kvinnokliniken SUS.\u00a0<\/span><\/p><\/div><div><p><span lang=\"SV-SE\" xml:lang=\"SV-SE\" data-contrast=\"none\">Rofylld atmosf\u00e4r<\/span><span lang=\"SV-SE\" xml:lang=\"SV-SE\" data-contrast=\"none\">: Vi vet ocks\u00e5 att f\u00f6rsta\u00a0<\/span><span lang=\"SV-SE\" xml:lang=\"SV-SE\" data-contrast=\"none\">intrycket man f\u00e5r av till exempel ett v\u00e4ntrum, betyder mycket f\u00f6r hur man uppfattar det kommande m\u00f6tet med v\u00e5rdpersonalen. D\u00e4rf\u00f6r str\u00e4var vi efter att skapa en milj\u00f6 som k\u00e4nns inbjudande och v\u00e4lkomnande, och vill p\u00e5 s\u00e5 s\u00e4tt f\u00f6rmedla en k\u00e4nsla av gott f\u00f6rtroende f\u00f6r v\u00e5r verksamhet.\u00a0<\/span><\/p><\/div><div><p>\u00a0<\/p><\/div><div><p><span lang=\"SV-SE\" xml:lang=\"SV-SE\" data-contrast=\"none\">Vi ser fram emot att tr\u00e4ffa Dig!\u00a0<\/span><\/p><\/div>\t\t\t\t\t\t\t\t<\/div>\n\t\t\t\t<\/div>\n\t\t\t\t\t<\/div>\n\t\t\t\t<\/div>\n\t\t\t\t<\/div>","protected":false},"excerpt":{"rendered":"<p>Vi vill skapa TILLIT och TRYGGHET TILLIT Din barnmorska \u00e4r engagerad och hon respekterar Dig. Hon lyssnar p\u00e5 Dig och r\u00e5dgivningen\/v\u00e5rden utformas utifr\u00e5n Din situation och Dina f\u00f6ruts\u00e4ttningar.\u00a0Det \u00e4r viktigt f\u00f6r att du ska kunna f\u00f6rst\u00e5 och vara delaktig i din v\u00e5rd. Du v\u00e4ljer sj\u00e4lv hur aktiv du vill vara, men du har alltid en [&hellip;]<\/p>\n","protected":false},"author":1,"featured_media":0,"parent":1324,"menu_order":0,"comment_status":"closed","ping_status":"closed","template":"","meta":{"footnotes":""},"class_list":["post-7401","page","type-page","status-publish","hentry"],"_links":{"self":[{"href":"https:\/\/admira.se\/en\/wp-json\/wp\/v2\/pages\/7401","targetHints":{"allow":["GET"]}}],"collection":[{"href":"https:\/\/admira.se\/en\/wp-json\/wp\/v2\/pages"}],"about":[{"href":"https:\/\/admira.se\/en\/wp-json\/wp\/v2\/types\/page"}],"author":[{"embeddable":true,"href":"https:\/\/admira.se\/en\/wp-json\/wp\/v2\/users\/1"}],"replies":[{"embeddable":true,"href":"https:\/\/admira.se\/en\/wp-json\/wp\/v2\/comments?post=7401"}],"version-history":[{"count":4,"href":"https:\/\/admira.se\/en\/wp-json\/wp\/v2\/pages\/7401\/revisions"}],"predecessor-version":[{"id":7405,"href":"https:\/\/admira.se\/en\/wp-json\/wp\/v2\/pages\/7401\/revisions\/7405"}],"up":[{"embeddable":true,"href":"https:\/\/admira.se\/en\/wp-json\/wp\/v2\/pages\/1324"}],"wp:attachment":[{"href":"https:\/\/admira.se\/en\/wp-json\/wp\/v2\/media?parent=7401"}],"curies":[{"name":"wp","href":"https:\/\/api.w.org\/{rel}","templated":true}]}}