{"id":7406,"date":"2024-10-09T17:38:11","date_gmt":"2024-10-09T15:38:11","guid":{"rendered":"https:\/\/stage.admira.se\/?page_id=7406"},"modified":"2024-10-31T22:47:56","modified_gmt":"2024-10-31T21:47:56","slug":"att-vara-gravid","status":"publish","type":"page","link":"https:\/\/admira.se\/en\/att-vara-gravid\/","title":{"rendered":"Beeing pregnant"},"content":{"rendered":"<div data-elementor-type=\"wp-page\" data-elementor-id=\"7406\" class=\"elementor elementor-7406\">\n\t\t\t\t<div class=\"elementor-element elementor-element-4496f11 e-flex e-con-boxed e-con e-parent\" data-id=\"4496f11\" data-element_type=\"container\" data-e-type=\"container\">\n\t\t\t\t\t<div class=\"e-con-inner\">\n\t\t\t\t<div class=\"elementor-element elementor-element-d047c75 elementor-widget elementor-widget-text-editor\" data-id=\"d047c75\" data-element_type=\"widget\" data-e-type=\"widget\" data-widget_type=\"text-editor.default\">\n\t\t\t\t<div class=\"elementor-widget-container\">\n\t\t\t\t\t\t\t\t\t<p class=\"preamble\">H\u00e4r samlar vi tips och information kring graviditet.<\/p><p><a href=\"https:\/\/www.1177.se\/Skane\/barn--gravid\/gravid-och-foda-barn-i-skane\/\" target=\"_blank\" rel=\"noopener\">Gravid och F\u00f6da barn i Sk\u00e5ne<\/a><\/p><p><a href=\"http:\/\/www.reproduktivlivsplan.se\/\" target=\"_blank\" rel=\"noopener\">En reproduktiv livsplan<\/a><\/p><p><a href=\"https:\/\/www.1177.se\/Skane\/Fakta-och-rad\/Undersokningar\/Fosterdiagnostik-i-Skane\/\" target=\"_blank\" rel=\"noopener\">Fosterdiagnostik i Sk\u00e5ne<\/a><\/p><p><a href=\"https:\/\/www.youtube.com\/watch?v=OtbpSiekqbA&amp;feature=youtu.be\" target=\"_blank\" rel=\"noopener\">Film om fosterdiagnostik<\/a><\/p><p><a href=\"https:\/\/www.stralsakerhetsmyndigheten.se\/omraden\/stralning-i-varden\/berattigande-och-optimering\/ultraljudsundersokning-vid-graviditet\/\" target=\"_blank\" rel=\"noopener\">Rekommendation ultraljud<\/a><\/p><p><a title=\"Motion under graviditet\" href=\"https:\/\/www.1177.se\/Skane\/Tema\/Gravid\/Graviditeten\/Halsa-under-graviditeten\/Motion-under-graviditeten\/\" target=\"_blank\" rel=\"noopener\">Fysisk aktivitet under graviditet<\/a><\/p><p><a href=\"https:\/\/aktivbaby.com\/index.html\" target=\"_blank\" rel=\"noopener\">AktivBaby &#8211; Spinning baby<\/a><\/p><p><a href=\"https:\/\/bakingbabies.se\/2020\/08\/13\/backensmarta-i-sen-graviditet\/\" target=\"_blank\" rel=\"noopener\">B\u00e4ckensm\u00e4rta under graviditeten<\/a><\/p><p><a title=\"Tr\u00e4ningstips\" href=\"http:\/\/www.mammaiform.se\/category\/gravidtraning\/\" target=\"_blank\" rel=\"noopener\">Tr\u00e4ningstips<br \/><br \/><\/a><\/p><p>\u00a0<\/p><h2>Boktips<\/h2><p><img fetchpriority=\"high\" decoding=\"async\" class=\"alignnone size-medium wp-image-7007\" src=\"https:\/\/admira.se\/wp-content\/uploads\/2024\/10\/Stark-glad-gravid-omslag2-280x390-1-215x300.jpg\" alt=\"\" width=\"215\" height=\"300\" srcset=\"https:\/\/admira.se\/wp-content\/uploads\/2024\/10\/Stark-glad-gravid-omslag2-280x390-1-215x300.jpg 215w, https:\/\/admira.se\/wp-content\/uploads\/2024\/10\/Stark-glad-gravid-omslag2-280x390-1.jpg 280w\" sizes=\"(max-width: 215px) 100vw, 215px\" \/><\/p><p><strong>Stark, glad, gravid<\/strong><br \/>av Maria Wigbrant<\/p>\t\t\t\t\t\t\t\t<\/div>\n\t\t\t\t<\/div>\n\t\t\t\t\t<\/div>\n\t\t\t\t<\/div>\n\t\t\t\t<\/div>","protected":false},"excerpt":{"rendered":"<p>H\u00e4r samlar vi tips och information kring graviditet. Gravid och F\u00f6da barn i Sk\u00e5ne En reproduktiv livsplan Fosterdiagnostik i Sk\u00e5ne Film om fosterdiagnostik Rekommendation ultraljud Fysisk aktivitet under graviditet AktivBaby &#8211; Spinning baby B\u00e4ckensm\u00e4rta under graviditeten Tr\u00e4ningstips \u00a0 Boktips Stark, glad, gravidav Maria Wigbrant<\/p>","protected":false},"author":1,"featured_media":0,"parent":0,"menu_order":0,"comment_status":"closed","ping_status":"closed","template":"","meta":{"footnotes":""},"class_list":["post-7406","page","type-page","status-publish","hentry"],"_links":{"self":[{"href":"https:\/\/admira.se\/en\/wp-json\/wp\/v2\/pages\/7406","targetHints":{"allow":["GET"]}}],"collection":[{"href":"https:\/\/admira.se\/en\/wp-json\/wp\/v2\/pages"}],"about":[{"href":"https:\/\/admira.se\/en\/wp-json\/wp\/v2\/types\/page"}],"author":[{"embeddable":true,"href":"https:\/\/admira.se\/en\/wp-json\/wp\/v2\/users\/1"}],"replies":[{"embeddable":true,"href":"https:\/\/admira.se\/en\/wp-json\/wp\/v2\/comments?post=7406"}],"version-history":[{"count":5,"href":"https:\/\/admira.se\/en\/wp-json\/wp\/v2\/pages\/7406\/revisions"}],"predecessor-version":[{"id":7474,"href":"https:\/\/admira.se\/en\/wp-json\/wp\/v2\/pages\/7406\/revisions\/7474"}],"wp:attachment":[{"href":"https:\/\/admira.se\/en\/wp-json\/wp\/v2\/media?parent=7406"}],"curies":[{"name":"wp","href":"https:\/\/api.w.org\/{rel}","templated":true}]}}