{"id":7411,"date":"2024-10-09T17:39:41","date_gmt":"2024-10-09T15:39:41","guid":{"rendered":"https:\/\/stage.admira.se\/?page_id=7411"},"modified":"2024-12-03T21:47:21","modified_gmt":"2024-12-03T20:47:21","slug":"att-foda","status":"publish","type":"page","link":"https:\/\/admira.se\/en\/att-foda\/","title":{"rendered":"To give birth"},"content":{"rendered":"<div data-elementor-type=\"wp-page\" data-elementor-id=\"7411\" class=\"elementor elementor-7411\">\n\t\t\t\t<div class=\"elementor-element elementor-element-030fe7f e-flex e-con-boxed e-con e-parent\" data-id=\"030fe7f\" data-element_type=\"container\" data-e-type=\"container\">\n\t\t\t\t\t<div class=\"e-con-inner\">\n\t\t\t\t<div class=\"elementor-element elementor-element-ed6a257 elementor-widget elementor-widget-text-editor\" data-id=\"ed6a257\" data-element_type=\"widget\" data-e-type=\"widget\" data-widget_type=\"text-editor.default\">\n\t\t\t\t<div class=\"elementor-widget-container\">\n\t\t\t\t\t\t\t\t\t<p class=\"preamble\">H\u00e4r samlar vi tips och information kring att f\u00f6da.<\/p><p><a href=\"https:\/\/www.1177.se\/Skane\/barn--gravid\/gravid-och-foda-barn-i-skane\/\" target=\"_blank\" rel=\"noopener\">Gravid och F\u00f6da barn i Sk\u00e5ne<\/a><\/p><p><a href=\"https:\/\/www.1177.se\/Skane\/Tema\/Gravid\/Forlossning\/\" target=\"_blank\" rel=\"noopener\">1177 V\u00e5rdguiden<\/a><\/p><p><a href=\"http:\/\/www.skane.se\/webbplatser\/skanes-universitetssjukhus\/organisation-a-o\/kvinnokliniken\/forlossningsavdelning-sus-malmo-och-lund\/las-mer-om-forlossningsavdelningen-i-lund\/titta-in-pa-forlossningen\/\" target=\"_blank\" rel=\"noopener\">Visning f\u00f6rlossningen Lund<\/a><\/p><p><a href=\"https:\/\/aktivbaby.com\/index.html\" target=\"_blank\" rel=\"noopener\">AktivBaby &#8211; Spinning baby<\/a><\/p><p><a href=\"https:\/\/www.1177.se\/Skane\/barn--gravid\/forlossning\/olika-satt-att-foda-barn\/igangsattning-av-forlossningen\/\" target=\"_blank\" rel=\"noopener\">Ig\u00e5ngs\u00e4ttning av f\u00f6rlossningen &#8211; olika metoder<\/a><\/p><p><a href=\"https:\/\/xn--fdamedstd-07ah.se\/guide-till-igangsattning-av-forlossning-med-alternativa-metoder\/\" target=\"_blank\" rel=\"noopener\">Ig\u00e5ngs\u00e4ttning av f\u00f6rlossningen -alternativa metoder<\/a><\/p><p><a href=\"https:\/\/vard.skane.se\/skanes-universitetssjukhus-sus\/undersokningar-och-behandlingar\/vandningsforsok-infor-forlossning\/\" target=\"_blank\" rel=\"noopener\">V\u00e4ndningsf\u00f6rs\u00f6k<\/a><\/p><p><a href=\"https:\/\/youtu.be\/N78UOwDk4VY\" target=\"_blank\" rel=\"noopener\">Film om ryggbed\u00f6vning \/ EDA<\/a><\/p><p><a href=\"https:\/\/www.karolinska.se\/49380d\/contentassets\/62a610637afd424aa4ad8a1014f3a1a8\/forlossningsstallningar.pdf\" target=\"_blank\" rel=\"noopener\">bildspel f\u00f6rlossningst\u00e4llningar<\/a><\/p><p><a href=\"http:\/\/backenbottenutbildning.se\/images\/backenbotten\/Patientinformation_svenska.pdf\" target=\"_blank\" rel=\"noopener\">Bristningar &#8211; patientinformation<\/a><\/p><p><a href=\"http:\/\/www.gravidcoach.se\/\" target=\"_blank\" rel=\"noopener\">Profylax<\/a><\/p><p><a href=\"http:\/\/www.doula.nu\/\" target=\"_blank\" rel=\"noopener\">Doula<\/a><\/p><p>\u00a0<\/p><h2>Boktips<\/h2><p><strong><a href=\"https:\/\/apohem.se\/foda-utan-radsla?gclid=EAIaIQobChMI-_37yafD7QIVzAN7Ch1BowcxEAQYASABEgKPVfD_BwE\" target=\"_blank\" rel=\"noopener\">F\u00f6da utan r\u00e4dsla<\/a><\/strong><br \/>Susanna Heli<\/p><p><a href=\"https:\/\/www.adlibris.com\/se\/bok\/confident-birth-9781780660400\" target=\"_blank\" rel=\"noopener\"><strong>Confident Birth<\/strong><\/a><br \/>Susanna Heli<\/p><p><strong><a href=\"https:\/\/www.karnevalforlag.se\/bocker\/foda-barn-med-stod\/\" target=\"_blank\" rel=\"noopener\">F\u00f6da barn med st\u00f6d<\/a><\/strong><br \/>M\u00e4rta Cullhed Engblom<\/p><p><a href=\"https:\/\/www.adlibris.com\/se\/bok\/amning-i-nod-och-lust-skapa-de-basta-forutsattningarna-for-amning-och-bli-din-egen-amningsradgivare-9789198447705?msclkid=8dd401642f7e162e0097662b41495006&amp;utm_source=bing&amp;utm_medium=cpc&amp;utm_campaign=BOK%20-%20Search%20-%20Generic%20-%20DSA&amp;utm_term=%2Fbok%2F&amp;utm_content=%5BDSA%5D%20BOK%20-%20Titlar\"><strong>Amning i n\u00f6d och lust<\/strong><\/a><br \/>Lin Dal\u00e9n<\/p><p><a href=\"https:\/\/www.adlibris.com\/se\/bok\/mammaroll-snippkontroll-du-och-din-kropp-aret-efter-forlossningen-9789188589040\" target=\"_blank\" rel=\"noopener\"><strong>Mammaroll &amp; snippkontroll : du och din kropp \u00e5ret efter f\u00f6rlossningen<\/strong><\/a><br \/>Mia Fernando, Louise Winblad<\/p><p><a href=\"https:\/\/www.adlibris.com\/se\/bok\/kejsarfodsel-snittkoll-mammaroll-9789188589514\" target=\"_blank\" rel=\"noopener\"><strong>Kejsarf\u00f6dsel : snittkoll &amp; mammaroll<\/strong><\/a><br \/>Mia Fernando, Louise Winblad<\/p>\t\t\t\t\t\t\t\t<\/div>\n\t\t\t\t<\/div>\n\t\t\t\t\t<\/div>\n\t\t\t\t<\/div>\n\t\t\t\t<\/div>","protected":false},"excerpt":{"rendered":"<p>H\u00e4r samlar vi tips och information kring att f\u00f6da. Gravid och F\u00f6da barn i Sk\u00e5ne 1177 V\u00e5rdguiden Visning f\u00f6rlossningen Lund AktivBaby &#8211; Spinning baby Ig\u00e5ngs\u00e4ttning av f\u00f6rlossningen &#8211; olika metoder Ig\u00e5ngs\u00e4ttning av f\u00f6rlossningen -alternativa metoder V\u00e4ndningsf\u00f6rs\u00f6k Film om ryggbed\u00f6vning \/ EDA bildspel f\u00f6rlossningst\u00e4llningar Bristningar &#8211; patientinformation Profylax Doula \u00a0 Boktips F\u00f6da utan r\u00e4dslaSusanna Heli Confident [&hellip;]<\/p>\n","protected":false},"author":1,"featured_media":0,"parent":0,"menu_order":0,"comment_status":"closed","ping_status":"closed","template":"","meta":{"footnotes":""},"class_list":["post-7411","page","type-page","status-publish","hentry"],"_links":{"self":[{"href":"https:\/\/admira.se\/en\/wp-json\/wp\/v2\/pages\/7411","targetHints":{"allow":["GET"]}}],"collection":[{"href":"https:\/\/admira.se\/en\/wp-json\/wp\/v2\/pages"}],"about":[{"href":"https:\/\/admira.se\/en\/wp-json\/wp\/v2\/types\/page"}],"author":[{"embeddable":true,"href":"https:\/\/admira.se\/en\/wp-json\/wp\/v2\/users\/1"}],"replies":[{"embeddable":true,"href":"https:\/\/admira.se\/en\/wp-json\/wp\/v2\/comments?post=7411"}],"version-history":[{"count":8,"href":"https:\/\/admira.se\/en\/wp-json\/wp\/v2\/pages\/7411\/revisions"}],"predecessor-version":[{"id":7805,"href":"https:\/\/admira.se\/en\/wp-json\/wp\/v2\/pages\/7411\/revisions\/7805"}],"wp:attachment":[{"href":"https:\/\/admira.se\/en\/wp-json\/wp\/v2\/media?parent=7411"}],"curies":[{"name":"wp","href":"https:\/\/api.w.org\/{rel}","templated":true}]}}