{"id":7431,"date":"2024-10-09T18:01:41","date_gmt":"2024-10-09T16:01:41","guid":{"rendered":"https:\/\/stage.admira.se\/?page_id=7431"},"modified":"2024-10-09T18:01:56","modified_gmt":"2024-10-09T16:01:56","slug":"kvinnohalsa","status":"publish","type":"page","link":"https:\/\/admira.se\/en\/kvinnohalsa\/","title":{"rendered":"Women\u00b4s health"},"content":{"rendered":"<div data-elementor-type=\"wp-page\" data-elementor-id=\"7431\" class=\"elementor elementor-7431\">\n\t\t\t\t<div class=\"elementor-element elementor-element-1fe2073 e-flex e-con-boxed e-con e-parent\" data-id=\"1fe2073\" data-element_type=\"container\" data-e-type=\"container\">\n\t\t\t\t\t<div class=\"e-con-inner\">\n\t\t\t\t<div class=\"elementor-element elementor-element-31829f3 elementor-widget elementor-widget-text-editor\" data-id=\"31829f3\" data-element_type=\"widget\" data-e-type=\"widget\" data-widget_type=\"text-editor.default\">\n\t\t\t\t<div class=\"elementor-widget-container\">\n\t\t\t\t\t\t\t\t\t<p class=\"preamble\">H\u00e4r samlar vi tips och information kring kvinnoh\u00e4lsa.<\/p><p><a href=\"http:\/\/preventivguiden.se\/\" target=\"_blank\" rel=\"noopener\">Preventivguiden<\/a><\/p><p><a href=\"http:\/\/www.1177.se\/Skane\/Fakta-och-rad\/Undersokningar\/Gynekologisk-cellprovtagning\/\" target=\"_blank\" rel=\"noopener\">Pap smear\/HPV<\/a><\/p><p><a href=\"https:\/\/vardgivare.skane.se\/kompetens-utveckling\/projekt-och-utvecklingsarbete\/hpv-vaccination-for-kvinnor-fodda-1994-1999\/\" target=\"_blank\" rel=\"noopener\">HPV Vaccination i Sk\u00e5ne<\/a><\/p><p><a href=\"http:\/\/www.umo.se\/\" target=\"_blank\" rel=\"noopener\">Ungdomsmottagningen<\/a><\/p><p><a href=\"http:\/\/www.rfsu.se\/\" target=\"_blank\" rel=\"noopener\">RFSU<\/a><\/p><p><a href=\"http:\/\/www.rfsl.se\/\" target=\"_blank\" rel=\"noopener\">RFSL<\/a><\/p><p><a href=\"http:\/\/www.1177.se\/Skane\/Fakta-och-rad\/Sjukdomar\/Ofrivillig-barnloshet\/\" target=\"_blank\" rel=\"noopener\">Ofrivillig barnl\u00f6shet<\/a><\/p><p><a href=\"http:\/\/www.reproduktivlivsplan.se\/\" target=\"_blank\" rel=\"noopener\">Reproduktiv Livsplan<\/a><\/p><p><a href=\"https:\/\/bakingbabies.se\/category\/traning\/backenbottentraning\/\" target=\"_blank\" rel=\"noopener\">Tr\u00e4na b\u00e4ckenbotten<\/a><\/p><p><a href=\"https:\/\/www.gronabarnmorskan.se\/\" target=\"_blank\" rel=\"noopener\">Hormonfria preventivmetoder, pessar och menskopp<\/a><\/p><p><a href=\"http:\/\/www.1177.se\/Skane\/Tema\/Sex-och-relationer\/Preventivmetoder\/Kopparspiral\/\" target=\"_blank\" rel=\"noopener\">Film: Ins\u00e4ttning spiral<\/a><\/p><p><a href=\"http:\/\/www.1177.se\/Skane\/Fakta-och-rad\/Mer-om\/Klimakteriebesvar\/\" target=\"_blank\" rel=\"noopener\">Klimakteriet<\/a><\/p><p><a href=\"http:\/\/www.klimakteriepodden.se\/\" target=\"_blank\" rel=\"noopener\">Klimakteriepodden<\/a><\/p><p><a href=\"https:\/\/www.pistill.se\/\" target=\"_blank\" rel=\"noopener\">Pistill produkter inom kvinnoh\u00e4lsa<\/a><\/p><p><a href=\"https:\/\/xn--tt-via.nu\/\" target=\"_blank\" rel=\"noopener\">Appen T\u00e4t<\/a><\/p>\t\t\t\t\t\t\t\t<\/div>\n\t\t\t\t<\/div>\n\t\t\t\t\t<\/div>\n\t\t\t\t<\/div>\n\t\t\t\t<\/div>","protected":false},"excerpt":{"rendered":"<p>H\u00e4r samlar vi tips och information kring kvinnoh\u00e4lsa. Preventivguiden Cellprov HPV Vaccination i Sk\u00e5ne Ungdomsmottagningen RFSU RFSL Ofrivillig barnl\u00f6shet Reproduktiv Livsplan Tr\u00e4na b\u00e4ckenbotten Hormonfria preventivmetoder, pessar och menskopp Film: Ins\u00e4ttning spiral Klimakteriet Klimakteriepodden Pistill produkter inom kvinnoh\u00e4lsa Appen T\u00e4t<\/p>","protected":false},"author":1,"featured_media":0,"parent":0,"menu_order":0,"comment_status":"closed","ping_status":"closed","template":"","meta":{"footnotes":""},"class_list":["post-7431","page","type-page","status-publish","hentry"],"_links":{"self":[{"href":"https:\/\/admira.se\/en\/wp-json\/wp\/v2\/pages\/7431","targetHints":{"allow":["GET"]}}],"collection":[{"href":"https:\/\/admira.se\/en\/wp-json\/wp\/v2\/pages"}],"about":[{"href":"https:\/\/admira.se\/en\/wp-json\/wp\/v2\/types\/page"}],"author":[{"embeddable":true,"href":"https:\/\/admira.se\/en\/wp-json\/wp\/v2\/users\/1"}],"replies":[{"embeddable":true,"href":"https:\/\/admira.se\/en\/wp-json\/wp\/v2\/comments?post=7431"}],"version-history":[{"count":4,"href":"https:\/\/admira.se\/en\/wp-json\/wp\/v2\/pages\/7431\/revisions"}],"predecessor-version":[{"id":7435,"href":"https:\/\/admira.se\/en\/wp-json\/wp\/v2\/pages\/7431\/revisions\/7435"}],"wp:attachment":[{"href":"https:\/\/admira.se\/en\/wp-json\/wp\/v2\/media?parent=7431"}],"curies":[{"name":"wp","href":"https:\/\/api.w.org\/{rel}","templated":true}]}}