{"id":7979,"date":"2025-04-28T23:12:36","date_gmt":"2025-04-28T21:12:36","guid":{"rendered":"https:\/\/admira.se\/?page_id=7979"},"modified":"2025-05-05T18:36:48","modified_gmt":"2025-05-05T16:36:48","slug":"jag-ar-gravid","status":"publish","type":"page","link":"https:\/\/admira.se\/en\/jag-ar-gravid\/","title":{"rendered":"Jag \u00e4r gravid &#8211; vad h\u00e4nder nu?"},"content":{"rendered":"<div data-elementor-type=\"wp-page\" data-elementor-id=\"7979\" class=\"elementor elementor-7979\">\n\t\t\t\t<div class=\"elementor-element elementor-element-9e1440e e-flex e-con-boxed e-con e-parent\" data-id=\"9e1440e\" data-element_type=\"container\" data-e-type=\"container\">\n\t\t\t\t\t<div class=\"e-con-inner\">\n\t\t\t\t<div class=\"elementor-element elementor-element-bdb3145 elementor-widget elementor-widget-text-editor\" data-id=\"bdb3145\" data-element_type=\"widget\" data-e-type=\"widget\" data-widget_type=\"text-editor.default\">\n\t\t\t\t<div class=\"elementor-widget-container\">\n\t\t\t\t\t\t\t\t\t<p class=\"preamble\"><strong>Grattis till graviditeten och varmt v\u00e4lkommen till oss p\u00e5 Admira Kvinnoh\u00e4lsa! Nu \u00e4r det dags att boka det f\u00f6rsta bes\u00f6ket med din barnmorska. H\u00e4r svarar vi p\u00e5 de vanligaste fr\u00e5gorna kring starten av din gravidresa.\u00a0<\/strong><\/p><h2>Vanliga fr\u00e5gor och svar<\/h2>\t\t\t\t\t\t\t\t<\/div>\n\t\t\t\t<\/div>\n\t\t\t\t<div class=\"elementor-element elementor-element-9bb67a9 elementor-widget elementor-widget-toddlerplay_core_accordion\" data-id=\"9bb67a9\" data-element_type=\"widget\" data-e-type=\"widget\" data-widget_type=\"toddlerplay_core_accordion.default\">\n\t\t\t\t<div class=\"elementor-widget-container\">\n\t\t\t\t\t<div class=\"qodef-shortcode qodef-m  qodef-accordion clear qodef-behavior--toggle qodef-layout--simple\">\n\t<h5 class=\"qodef-accordion-title\">\n\t<span class=\"qodef-tab-title\">N\u00e4r ska jag kontakta barnmorska?<\/span>\n\t<span class=\"qodef-accordion-mark\">\n\t\t<svg class=\"qodef-svg--blob-s qodef-blob\" xmlns=\"http:\/\/www.w3.org\/2000\/svg\" width=\"31.545\" height=\"32.291\" viewbox=\"0 0 31.545 32.291\"><path d=\"M.085 17.352q-.033-.469-.052-.958a14.011 14.011 0 0 1 .056-2.531A17.622 17.622 0 0 1 6.328 3.549c4.636-3.466 9.036-4.837 14.506-2.085 8.048 4.045 12.723 12.864 9.868 21.535-2.064 6.273-12.066 9.845-18.167 9.217-2.742-.285-5.979-.8-8.293-2.406C.718 27.355.358 21.244.084 17.349Z\"\/><\/svg>\t\t<svg class=\"qodef-svg--accordion-plus qodef-icon--plus\" xmlns=\"http:\/\/www.w3.org\/2000\/svg\" width=\"17.375\" height=\"17.375\" viewbox=\"0 0 17.375 17.375\"><path d=\"M17.268 8.69c-.743-.658-1.939-.407-2.837-.345h-.022c-.435-.019-.87-.029-1.305-.036q-.483-.008-.967-.013c-.844-.009-1.682-.04-2.52-.087q.006-.273.014-.547c.037-1.169.1-2.337.166-3.506q.029-.544.057-1.089c.045-.924.15-2.257-.607-2.948A.4.4 0 0 0 8.69.104c-.658.743-.407 1.939-.345 2.837v.022c-.018.435-.029.87-.036 1.305q-.008.483-.013.967c-.01.962-.048 1.918-.108 2.874-.152-.012-.3-.023-.457-.037-1.394-.125-2.789-.181-4.173-.392a5.734 5.734 0 0 0-3.065.038c-.6.261-.684.876-.09 1.2a6.056 6.056 0 0 0 1.921.529 17.589 17.589 0 0 0 2.8.145H8.08v.04c-.125 1.394-.181 2.788-.392 4.173a5.732 5.732 0 0 0 .038 3.065c.261.6.876.684 1.2.09a6.056 6.056 0 0 0 .529-1.921 17.572 17.572 0 0 0 .145-2.8V9.616h.109c1.169.037 2.337.1 3.506.166q.544.029 1.089.056c.924.046 2.257.15 2.948-.607a.4.4 0 0 0 .016-.541Z\"\/><\/svg>\t\t<svg class=\"qodef-svg--accordion-minus qodef-icon--minus\" xmlns=\"http:\/\/www.w3.org\/2000\/svg\" width=\"17.375\" height=\"2.397\" viewbox=\"0 0 17.375 2.397\"><path d=\"M17.268 1.201c-.743-.658-1.939-.407-2.837-.345h-.022c-.435-.019-.87-.029-1.305-.036q-.483-.008-.967-.013c-.844-.009-7.193-.4-8.578-.614A5.734 5.734 0 0 0 .494.231c-.6.261-.684.876-.09 1.2a6.056 6.056 0 0 0 1.921.529 17.589 17.589 0 0 0 2.8.145h2.956c0 .013 3.969.132 5.137.195q.544.029 1.089.056c.924.046 2.257.15 2.948-.607a.4.4 0 0 0 .013-.548Z\"\/><\/svg>\t<\/span>\n<\/h5>\n<div class=\"qodef-accordion-content\">\n\t<div class=\"qodef-accordion-content-inner\">\n\t\t<p>F\u00f6r att du ska f\u00e5 en trygg start\u00a0p\u00e5 graviditeten \u00e4r en tidig kontakt med barnmorskan viktig. S\u00e5 fort du har f\u00e5tt veta att du \u00e4r gravid - det vill s\u00e4ga plussat p\u00e5 stickan - \u00e4r du v\u00e4lkommen att boka tid f\u00f6r \"Inskrivning\". Detta g\u00f6r du enklast via <a href=\"https:\/\/www.bokadirekt.se\/places\/admira-kvinnohalsa-4522\">v\u00e5r onlinebokning<\/a> eller Boka direkt-appen. V\u00e4lj en tid som passar mellan 7-9 fullg\u00e5ngna veckor. Om du har fr\u00e5gor om bokningen, eller annat s\u00e5 g\u00e5r det ocks\u00e5 fint att mejla eller ringa till oss.<\/p><p>N\u00e4r du kommer till det f\u00f6rsta bes\u00f6ket - \"Inskrivningen\" - s\u00e5 listar du dig, genom att signera en blankett som din barnmorska tillhandah\u00e5ller.\u00a0<\/p>\t<\/div>\n<\/div>\n<h5 class=\"qodef-accordion-title\">\n\t<span class=\"qodef-tab-title\">F\u00f6rsta bes\u00f6ket hos barnmorskan \u2013 vad kan jag f\u00f6rv\u00e4nta mig?<\/span>\n\t<span class=\"qodef-accordion-mark\">\n\t\t<svg class=\"qodef-svg--blob-s qodef-blob\" xmlns=\"http:\/\/www.w3.org\/2000\/svg\" width=\"31.545\" height=\"32.291\" viewbox=\"0 0 31.545 32.291\"><path d=\"M.085 17.352q-.033-.469-.052-.958a14.011 14.011 0 0 1 .056-2.531A17.622 17.622 0 0 1 6.328 3.549c4.636-3.466 9.036-4.837 14.506-2.085 8.048 4.045 12.723 12.864 9.868 21.535-2.064 6.273-12.066 9.845-18.167 9.217-2.742-.285-5.979-.8-8.293-2.406C.718 27.355.358 21.244.084 17.349Z\"\/><\/svg>\t\t<svg class=\"qodef-svg--accordion-plus qodef-icon--plus\" xmlns=\"http:\/\/www.w3.org\/2000\/svg\" width=\"17.375\" height=\"17.375\" viewbox=\"0 0 17.375 17.375\"><path d=\"M17.268 8.69c-.743-.658-1.939-.407-2.837-.345h-.022c-.435-.019-.87-.029-1.305-.036q-.483-.008-.967-.013c-.844-.009-1.682-.04-2.52-.087q.006-.273.014-.547c.037-1.169.1-2.337.166-3.506q.029-.544.057-1.089c.045-.924.15-2.257-.607-2.948A.4.4 0 0 0 8.69.104c-.658.743-.407 1.939-.345 2.837v.022c-.018.435-.029.87-.036 1.305q-.008.483-.013.967c-.01.962-.048 1.918-.108 2.874-.152-.012-.3-.023-.457-.037-1.394-.125-2.789-.181-4.173-.392a5.734 5.734 0 0 0-3.065.038c-.6.261-.684.876-.09 1.2a6.056 6.056 0 0 0 1.921.529 17.589 17.589 0 0 0 2.8.145H8.08v.04c-.125 1.394-.181 2.788-.392 4.173a5.732 5.732 0 0 0 .038 3.065c.261.6.876.684 1.2.09a6.056 6.056 0 0 0 .529-1.921 17.572 17.572 0 0 0 .145-2.8V9.616h.109c1.169.037 2.337.1 3.506.166q.544.029 1.089.056c.924.046 2.257.15 2.948-.607a.4.4 0 0 0 .016-.541Z\"\/><\/svg>\t\t<svg class=\"qodef-svg--accordion-minus qodef-icon--minus\" xmlns=\"http:\/\/www.w3.org\/2000\/svg\" width=\"17.375\" height=\"2.397\" viewbox=\"0 0 17.375 2.397\"><path d=\"M17.268 1.201c-.743-.658-1.939-.407-2.837-.345h-.022c-.435-.019-.87-.029-1.305-.036q-.483-.008-.967-.013c-.844-.009-7.193-.4-8.578-.614A5.734 5.734 0 0 0 .494.231c-.6.261-.684.876-.09 1.2a6.056 6.056 0 0 0 1.921.529 17.589 17.589 0 0 0 2.8.145h2.956c0 .013 3.969.132 5.137.195q.544.029 1.089.056c.924.046 2.257.15 2.948-.607a.4.4 0 0 0 .013-.548Z\"\/><\/svg>\t<\/span>\n<\/h5>\n<div class=\"qodef-accordion-content\">\n\t<div class=\"qodef-accordion-content-inner\">\n\t\t<p>Vi v\u00e4lkomnar b\u00e5de dig och din partner, och ser g\u00e4rna att ni kommer b\u00e5da tv\u00e5. Inskrivningen \u00e4r det f\u00f6rsta bes\u00f6ket och d\u00e5 tr\u00e4ffar du\/ni ocks\u00e5 den barnmorska som f\u00f6ljer dig\/er genom graviditeten. Bes\u00f6ket sker oftast mellan vecka 7-9 och fokuserar bland annat p\u00e5 fr\u00e5gor kring livsstil och h\u00e4lsa. Ta g\u00e4rna del av information om <a href=\"https:\/\/www.1177.se\/Skane\/barn--gravid\/graviditet\/undersokningar-under-graviditeten\/fosterdiagnostik\/\">fosterdiagnostik<\/a> inf\u00f6r f\u00f6rsta bes\u00f6ket hos barnmorskan.\u00a0<\/p><p>Beroende p\u00e5 hur l\u00e5ngt g\u00e5ngen graviditeten \u00e4r, s\u00e5 kan vissa blodprover tas vid f\u00f6rsta bes\u00f6ket. Likas\u00e5 blodtryck och vikt. Men framf\u00f6r allt blir det ett tillf\u00e4lle f\u00f6r er att st\u00e4lla fr\u00e5gor och f\u00e5 information och st\u00f6d av barnmorskan. Vi ber\u00e4ttar mer om de olika ultraljuden som erbjuds och hj\u00e4lper er att boka tid f\u00f6r detta.\u00a0<\/p><p>Slutligen s\u00e5 bokar vi fler tider tillsammans utifr\u00e5n era behov och \u00f6nskem\u00e5l.\u00a0<\/p>\t<\/div>\n<\/div>\n<h5 class=\"qodef-accordion-title\">\n\t<span class=\"qodef-tab-title\">Vilka unders\u00f6kningar och kontroller g\u00f6r man under graviditeten?<\/span>\n\t<span class=\"qodef-accordion-mark\">\n\t\t<svg class=\"qodef-svg--blob-s qodef-blob\" xmlns=\"http:\/\/www.w3.org\/2000\/svg\" width=\"31.545\" height=\"32.291\" viewbox=\"0 0 31.545 32.291\"><path d=\"M.085 17.352q-.033-.469-.052-.958a14.011 14.011 0 0 1 .056-2.531A17.622 17.622 0 0 1 6.328 3.549c4.636-3.466 9.036-4.837 14.506-2.085 8.048 4.045 12.723 12.864 9.868 21.535-2.064 6.273-12.066 9.845-18.167 9.217-2.742-.285-5.979-.8-8.293-2.406C.718 27.355.358 21.244.084 17.349Z\"\/><\/svg>\t\t<svg class=\"qodef-svg--accordion-plus qodef-icon--plus\" xmlns=\"http:\/\/www.w3.org\/2000\/svg\" width=\"17.375\" height=\"17.375\" viewbox=\"0 0 17.375 17.375\"><path d=\"M17.268 8.69c-.743-.658-1.939-.407-2.837-.345h-.022c-.435-.019-.87-.029-1.305-.036q-.483-.008-.967-.013c-.844-.009-1.682-.04-2.52-.087q.006-.273.014-.547c.037-1.169.1-2.337.166-3.506q.029-.544.057-1.089c.045-.924.15-2.257-.607-2.948A.4.4 0 0 0 8.69.104c-.658.743-.407 1.939-.345 2.837v.022c-.018.435-.029.87-.036 1.305q-.008.483-.013.967c-.01.962-.048 1.918-.108 2.874-.152-.012-.3-.023-.457-.037-1.394-.125-2.789-.181-4.173-.392a5.734 5.734 0 0 0-3.065.038c-.6.261-.684.876-.09 1.2a6.056 6.056 0 0 0 1.921.529 17.589 17.589 0 0 0 2.8.145H8.08v.04c-.125 1.394-.181 2.788-.392 4.173a5.732 5.732 0 0 0 .038 3.065c.261.6.876.684 1.2.09a6.056 6.056 0 0 0 .529-1.921 17.572 17.572 0 0 0 .145-2.8V9.616h.109c1.169.037 2.337.1 3.506.166q.544.029 1.089.056c.924.046 2.257.15 2.948-.607a.4.4 0 0 0 .016-.541Z\"\/><\/svg>\t\t<svg class=\"qodef-svg--accordion-minus qodef-icon--minus\" xmlns=\"http:\/\/www.w3.org\/2000\/svg\" width=\"17.375\" height=\"2.397\" viewbox=\"0 0 17.375 2.397\"><path d=\"M17.268 1.201c-.743-.658-1.939-.407-2.837-.345h-.022c-.435-.019-.87-.029-1.305-.036q-.483-.008-.967-.013c-.844-.009-7.193-.4-8.578-.614A5.734 5.734 0 0 0 .494.231c-.6.261-.684.876-.09 1.2a6.056 6.056 0 0 0 1.921.529 17.589 17.589 0 0 0 2.8.145h2.956c0 .013 3.969.132 5.137.195q.544.029 1.089.056c.924.046 2.257.15 2.948-.607a.4.4 0 0 0 .013-.548Z\"\/><\/svg>\t<\/span>\n<\/h5>\n<div class=\"qodef-accordion-content\">\n\t<div class=\"qodef-accordion-content-inner\">\n\t\t<p>Vi arbetar p\u00e5 uppdrag av Region Sk\u00e5ne och f\u00f6ljer <a href=\"https:\/\/vardgivare.skane.se\/siteassets\/2.-patientadministration\/patientinformation\/graviditet\/modravard_infoblad_a4_graviditetskalender.pdf\">basprogrammet<\/a> och de <a href=\"https:\/\/www.1177.se\/en\/Skane\/other-languages\/other-languages\/graviditet---andra-sprak\/besok-pa-barnmorskemottagningen-engelska\/\">barnmorskebes\u00f6k och ultraljud som rekommenderas under graviditeten.<\/a> V\u00e5rden under graviditeten \u00e4r frivillig och vi utformar bes\u00f6ken utifr\u00e5n dina \u00f6nskem\u00e5l och behov. Alla dina bes\u00f6k hos oss under graviditeten \u00e4r kostnadsfria.<\/p>\t<\/div>\n<\/div>\n<h5 class=\"qodef-accordion-title\">\n\t<span class=\"qodef-tab-title\">Vad kan jag g\u00f6ra sj\u00e4lv f\u00f6r att m\u00e5 bra under graviditeten?<\/span>\n\t<span class=\"qodef-accordion-mark\">\n\t\t<svg class=\"qodef-svg--blob-s qodef-blob\" xmlns=\"http:\/\/www.w3.org\/2000\/svg\" width=\"31.545\" height=\"32.291\" viewbox=\"0 0 31.545 32.291\"><path d=\"M.085 17.352q-.033-.469-.052-.958a14.011 14.011 0 0 1 .056-2.531A17.622 17.622 0 0 1 6.328 3.549c4.636-3.466 9.036-4.837 14.506-2.085 8.048 4.045 12.723 12.864 9.868 21.535-2.064 6.273-12.066 9.845-18.167 9.217-2.742-.285-5.979-.8-8.293-2.406C.718 27.355.358 21.244.084 17.349Z\"\/><\/svg>\t\t<svg class=\"qodef-svg--accordion-plus qodef-icon--plus\" xmlns=\"http:\/\/www.w3.org\/2000\/svg\" width=\"17.375\" height=\"17.375\" viewbox=\"0 0 17.375 17.375\"><path d=\"M17.268 8.69c-.743-.658-1.939-.407-2.837-.345h-.022c-.435-.019-.87-.029-1.305-.036q-.483-.008-.967-.013c-.844-.009-1.682-.04-2.52-.087q.006-.273.014-.547c.037-1.169.1-2.337.166-3.506q.029-.544.057-1.089c.045-.924.15-2.257-.607-2.948A.4.4 0 0 0 8.69.104c-.658.743-.407 1.939-.345 2.837v.022c-.018.435-.029.87-.036 1.305q-.008.483-.013.967c-.01.962-.048 1.918-.108 2.874-.152-.012-.3-.023-.457-.037-1.394-.125-2.789-.181-4.173-.392a5.734 5.734 0 0 0-3.065.038c-.6.261-.684.876-.09 1.2a6.056 6.056 0 0 0 1.921.529 17.589 17.589 0 0 0 2.8.145H8.08v.04c-.125 1.394-.181 2.788-.392 4.173a5.732 5.732 0 0 0 .038 3.065c.261.6.876.684 1.2.09a6.056 6.056 0 0 0 .529-1.921 17.572 17.572 0 0 0 .145-2.8V9.616h.109c1.169.037 2.337.1 3.506.166q.544.029 1.089.056c.924.046 2.257.15 2.948-.607a.4.4 0 0 0 .016-.541Z\"\/><\/svg>\t\t<svg class=\"qodef-svg--accordion-minus qodef-icon--minus\" xmlns=\"http:\/\/www.w3.org\/2000\/svg\" width=\"17.375\" height=\"2.397\" viewbox=\"0 0 17.375 2.397\"><path d=\"M17.268 1.201c-.743-.658-1.939-.407-2.837-.345h-.022c-.435-.019-.87-.029-1.305-.036q-.483-.008-.967-.013c-.844-.009-7.193-.4-8.578-.614A5.734 5.734 0 0 0 .494.231c-.6.261-.684.876-.09 1.2a6.056 6.056 0 0 0 1.921.529 17.589 17.589 0 0 0 2.8.145h2.956c0 .013 3.969.132 5.137.195q.544.029 1.089.056c.924.046 2.257.15 2.948-.607a.4.4 0 0 0 .013-.548Z\"\/><\/svg>\t<\/span>\n<\/h5>\n<div class=\"qodef-accordion-content\">\n\t<div class=\"qodef-accordion-content-inner\">\n\t\t<p>Det \u00e4r viktigt att f\u00f6rs\u00f6ka ta hand om sig sj\u00e4lv under graviditeten, s\u00e5 att man m\u00e5r s\u00e5 bra som m\u00f6jligt b\u00e5de fysiskt och psykiskt. Exempelvis beh\u00f6ver du vila mer nu, \u00e4n du troligtvis \u00e4r van vid. N\u00e4r ditt barn kommer till v\u00e4rlden st\u00e5r du inf\u00f6r s\u00e5 mycket nytt, d\u00e4rf\u00f6r \u00e4r det bra att redan under graviditeten b\u00f6rja s\u00e4nka kraven p\u00e5 dig sj\u00e4lv. Finns det n\u00e5gonting som du kan prioritera bort just nu f\u00f6r att m\u00e5 b\u00e4ttre eller k\u00e4nna dig mer harmonisk? G\u00f6r det!\u00a0 Alla graviditeter \u00e4r unika och din barnmorska finns f\u00f6r r\u00e5d och st\u00f6d. L\u00e4s mer h\u00e4r om<a href=\"https:\/\/www.1177.se\/Skane\/barn--gravid\/graviditet\/livsstil-och-halsa-under-graviditeten\/\"> livsstil och h\u00e4lsa under graviditeten.<\/a>\u00a0<\/p>\t<\/div>\n<\/div>\n<h5 class=\"qodef-accordion-title\">\n\t<span class=\"qodef-tab-title\">Jag bl\u00f6der - vad g\u00f6r jag?<\/span>\n\t<span class=\"qodef-accordion-mark\">\n\t\t<svg class=\"qodef-svg--blob-s qodef-blob\" xmlns=\"http:\/\/www.w3.org\/2000\/svg\" width=\"31.545\" height=\"32.291\" viewbox=\"0 0 31.545 32.291\"><path d=\"M.085 17.352q-.033-.469-.052-.958a14.011 14.011 0 0 1 .056-2.531A17.622 17.622 0 0 1 6.328 3.549c4.636-3.466 9.036-4.837 14.506-2.085 8.048 4.045 12.723 12.864 9.868 21.535-2.064 6.273-12.066 9.845-18.167 9.217-2.742-.285-5.979-.8-8.293-2.406C.718 27.355.358 21.244.084 17.349Z\"\/><\/svg>\t\t<svg class=\"qodef-svg--accordion-plus qodef-icon--plus\" xmlns=\"http:\/\/www.w3.org\/2000\/svg\" width=\"17.375\" height=\"17.375\" viewbox=\"0 0 17.375 17.375\"><path d=\"M17.268 8.69c-.743-.658-1.939-.407-2.837-.345h-.022c-.435-.019-.87-.029-1.305-.036q-.483-.008-.967-.013c-.844-.009-1.682-.04-2.52-.087q.006-.273.014-.547c.037-1.169.1-2.337.166-3.506q.029-.544.057-1.089c.045-.924.15-2.257-.607-2.948A.4.4 0 0 0 8.69.104c-.658.743-.407 1.939-.345 2.837v.022c-.018.435-.029.87-.036 1.305q-.008.483-.013.967c-.01.962-.048 1.918-.108 2.874-.152-.012-.3-.023-.457-.037-1.394-.125-2.789-.181-4.173-.392a5.734 5.734 0 0 0-3.065.038c-.6.261-.684.876-.09 1.2a6.056 6.056 0 0 0 1.921.529 17.589 17.589 0 0 0 2.8.145H8.08v.04c-.125 1.394-.181 2.788-.392 4.173a5.732 5.732 0 0 0 .038 3.065c.261.6.876.684 1.2.09a6.056 6.056 0 0 0 .529-1.921 17.572 17.572 0 0 0 .145-2.8V9.616h.109c1.169.037 2.337.1 3.506.166q.544.029 1.089.056c.924.046 2.257.15 2.948-.607a.4.4 0 0 0 .016-.541Z\"\/><\/svg>\t\t<svg class=\"qodef-svg--accordion-minus qodef-icon--minus\" xmlns=\"http:\/\/www.w3.org\/2000\/svg\" width=\"17.375\" height=\"2.397\" viewbox=\"0 0 17.375 2.397\"><path d=\"M17.268 1.201c-.743-.658-1.939-.407-2.837-.345h-.022c-.435-.019-.87-.029-1.305-.036q-.483-.008-.967-.013c-.844-.009-7.193-.4-8.578-.614A5.734 5.734 0 0 0 .494.231c-.6.261-.684.876-.09 1.2a6.056 6.056 0 0 0 1.921.529 17.589 17.589 0 0 0 2.8.145h2.956c0 .013 3.969.132 5.137.195q.544.029 1.089.056c.924.046 2.257.15 2.948-.607a.4.4 0 0 0 .013-.548Z\"\/><\/svg>\t<\/span>\n<\/h5>\n<div class=\"qodef-accordion-content\">\n\t<div class=\"qodef-accordion-content-inner\">\n\t\t<p>Det \u00e4r inte speciellt ovanligt att bl\u00f6da lite l\u00e4tt precis i b\u00f6rjan av en graviditet. Som en blodblandad flytning. Det finns ingen anledning att bli r\u00e4dd om det kommer en strimma blod p\u00e5 pappret efter toabes\u00f6ket, utan \u00e4r troligen p\u00e5 grund av hormonerna eller sm\u00e5bl\u00f6dningar som kan bli n\u00e4r det befruktade \u00e4gget f\u00e4ster i livmodern. K\u00e4nns det oroligt med bl\u00f6dningen, s\u00e5 \u00e4r det bara att prata med barnmorska eller kontakta gynakuten p\u00e5 den Kvinnoklinik som du bor n\u00e4rmast. D\u00e5 kan en l\u00e4kare unders\u00f6ka att allt \u00e4r som det ska.<\/p>\t<\/div>\n<\/div>\n<h5 class=\"qodef-accordion-title\">\n\t<span class=\"qodef-tab-title\">Vilka ultraljud erbjuder ni p\u00e5 Admira ?<\/span>\n\t<span class=\"qodef-accordion-mark\">\n\t\t<svg class=\"qodef-svg--blob-s qodef-blob\" xmlns=\"http:\/\/www.w3.org\/2000\/svg\" width=\"31.545\" height=\"32.291\" viewbox=\"0 0 31.545 32.291\"><path d=\"M.085 17.352q-.033-.469-.052-.958a14.011 14.011 0 0 1 .056-2.531A17.622 17.622 0 0 1 6.328 3.549c4.636-3.466 9.036-4.837 14.506-2.085 8.048 4.045 12.723 12.864 9.868 21.535-2.064 6.273-12.066 9.845-18.167 9.217-2.742-.285-5.979-.8-8.293-2.406C.718 27.355.358 21.244.084 17.349Z\"\/><\/svg>\t\t<svg class=\"qodef-svg--accordion-plus qodef-icon--plus\" xmlns=\"http:\/\/www.w3.org\/2000\/svg\" width=\"17.375\" height=\"17.375\" viewbox=\"0 0 17.375 17.375\"><path d=\"M17.268 8.69c-.743-.658-1.939-.407-2.837-.345h-.022c-.435-.019-.87-.029-1.305-.036q-.483-.008-.967-.013c-.844-.009-1.682-.04-2.52-.087q.006-.273.014-.547c.037-1.169.1-2.337.166-3.506q.029-.544.057-1.089c.045-.924.15-2.257-.607-2.948A.4.4 0 0 0 8.69.104c-.658.743-.407 1.939-.345 2.837v.022c-.018.435-.029.87-.036 1.305q-.008.483-.013.967c-.01.962-.048 1.918-.108 2.874-.152-.012-.3-.023-.457-.037-1.394-.125-2.789-.181-4.173-.392a5.734 5.734 0 0 0-3.065.038c-.6.261-.684.876-.09 1.2a6.056 6.056 0 0 0 1.921.529 17.589 17.589 0 0 0 2.8.145H8.08v.04c-.125 1.394-.181 2.788-.392 4.173a5.732 5.732 0 0 0 .038 3.065c.261.6.876.684 1.2.09a6.056 6.056 0 0 0 .529-1.921 17.572 17.572 0 0 0 .145-2.8V9.616h.109c1.169.037 2.337.1 3.506.166q.544.029 1.089.056c.924.046 2.257.15 2.948-.607a.4.4 0 0 0 .016-.541Z\"\/><\/svg>\t\t<svg class=\"qodef-svg--accordion-minus qodef-icon--minus\" xmlns=\"http:\/\/www.w3.org\/2000\/svg\" width=\"17.375\" height=\"2.397\" viewbox=\"0 0 17.375 2.397\"><path d=\"M17.268 1.201c-.743-.658-1.939-.407-2.837-.345h-.022c-.435-.019-.87-.029-1.305-.036q-.483-.008-.967-.013c-.844-.009-7.193-.4-8.578-.614A5.734 5.734 0 0 0 .494.231c-.6.261-.684.876-.09 1.2a6.056 6.056 0 0 0 1.921.529 17.589 17.589 0 0 0 2.8.145h2.956c0 .013 3.969.132 5.137.195q.544.029 1.089.056c.924.046 2.257.15 2.948-.607a.4.4 0 0 0 .013-.548Z\"\/><\/svg>\t<\/span>\n<\/h5>\n<div class=\"qodef-accordion-content\">\n\t<div class=\"qodef-accordion-content-inner\">\n\t\t<p>Alla gravida i Region Sk\u00e5ne erbjuds tv\u00e5 ultraljud, ett i fullg\u00e5ngna 12-13 veckor och rutinultraljudet v19. Vid behov kan du beh\u00f6va g\u00f6ra ett tidigt ultraljud redan v7-8.\u00a0 Din barnmorska ber\u00e4ttar mer och hj\u00e4lper dig med bokning.<a href=\"https:\/\/admira.se\/en\/gravid-pa-admira-kvinnohalsa\/ultraljud\/\"> L\u00e4s mer h\u00e4r<\/a> om v\u00e5ra samarbetspartners som utf\u00f6r ultraljuden och \u00f6vrig fosterdiagnostik.\u00a0<\/p>\t<\/div>\n<\/div>\n<h5 class=\"qodef-accordion-title\">\n\t<span class=\"qodef-tab-title\">Till mig som listad  - vad erbjuds mer p\u00e5 Admira Kvinnoh\u00e4lsa?<\/span>\n\t<span class=\"qodef-accordion-mark\">\n\t\t<svg class=\"qodef-svg--blob-s qodef-blob\" xmlns=\"http:\/\/www.w3.org\/2000\/svg\" width=\"31.545\" height=\"32.291\" viewbox=\"0 0 31.545 32.291\"><path d=\"M.085 17.352q-.033-.469-.052-.958a14.011 14.011 0 0 1 .056-2.531A17.622 17.622 0 0 1 6.328 3.549c4.636-3.466 9.036-4.837 14.506-2.085 8.048 4.045 12.723 12.864 9.868 21.535-2.064 6.273-12.066 9.845-18.167 9.217-2.742-.285-5.979-.8-8.293-2.406C.718 27.355.358 21.244.084 17.349Z\"\/><\/svg>\t\t<svg class=\"qodef-svg--accordion-plus qodef-icon--plus\" xmlns=\"http:\/\/www.w3.org\/2000\/svg\" width=\"17.375\" height=\"17.375\" viewbox=\"0 0 17.375 17.375\"><path d=\"M17.268 8.69c-.743-.658-1.939-.407-2.837-.345h-.022c-.435-.019-.87-.029-1.305-.036q-.483-.008-.967-.013c-.844-.009-1.682-.04-2.52-.087q.006-.273.014-.547c.037-1.169.1-2.337.166-3.506q.029-.544.057-1.089c.045-.924.15-2.257-.607-2.948A.4.4 0 0 0 8.69.104c-.658.743-.407 1.939-.345 2.837v.022c-.018.435-.029.87-.036 1.305q-.008.483-.013.967c-.01.962-.048 1.918-.108 2.874-.152-.012-.3-.023-.457-.037-1.394-.125-2.789-.181-4.173-.392a5.734 5.734 0 0 0-3.065.038c-.6.261-.684.876-.09 1.2a6.056 6.056 0 0 0 1.921.529 17.589 17.589 0 0 0 2.8.145H8.08v.04c-.125 1.394-.181 2.788-.392 4.173a5.732 5.732 0 0 0 .038 3.065c.261.6.876.684 1.2.09a6.056 6.056 0 0 0 .529-1.921 17.572 17.572 0 0 0 .145-2.8V9.616h.109c1.169.037 2.337.1 3.506.166q.544.029 1.089.056c.924.046 2.257.15 2.948-.607a.4.4 0 0 0 .016-.541Z\"\/><\/svg>\t\t<svg class=\"qodef-svg--accordion-minus qodef-icon--minus\" xmlns=\"http:\/\/www.w3.org\/2000\/svg\" width=\"17.375\" height=\"2.397\" viewbox=\"0 0 17.375 2.397\"><path d=\"M17.268 1.201c-.743-.658-1.939-.407-2.837-.345h-.022c-.435-.019-.87-.029-1.305-.036q-.483-.008-.967-.013c-.844-.009-7.193-.4-8.578-.614A5.734 5.734 0 0 0 .494.231c-.6.261-.684.876-.09 1.2a6.056 6.056 0 0 0 1.921.529 17.589 17.589 0 0 0 2.8.145h2.956c0 .013 3.969.132 5.137.195q.544.029 1.089.056c.924.046 2.257.15 2.948-.607a.4.4 0 0 0 .013-.548Z\"\/><\/svg>\t<\/span>\n<\/h5>\n<div class=\"qodef-accordion-content\">\n\t<div class=\"qodef-accordion-content-inner\">\n\t\t<p>Att v\u00e4nta och f\u00f6da barn \u00e4r en av de st\u00f6rsta h\u00e4ndelserna i livet. Din upplevelse av graviditeten och f\u00f6rlossningen \u00e4r unik. Vi g\u00f6r v\u00e5rt b\u00e4sta f\u00f6r att m\u00f6ta just dig och dina behov. L\u00e4s h\u00e4r f\u00f6r <a href=\"https:\/\/admira.se\/en\/gravid-pa-admira-kvinnohalsa\/\">mer information om vilket st\u00f6d du kan f\u00e5 under graviditeten.<\/a> Ta \u00e4ven del av v\u00e5rt uppskattade utbud av f\u00f6rlossnings\/f\u00f6r\u00e4ldraf\u00f6rberedande kurser.\u00a0<\/p>\t<\/div>\n<\/div>\n<\/div>\n\t\t\t\t<\/div>\n\t\t\t\t<\/div>\n\t\t\t\t\t<\/div>\n\t\t\t\t<\/div>\n\t\t\t\t<\/div>","protected":false},"excerpt":{"rendered":"<p>Grattis till graviditeten och varmt v\u00e4lkommen till oss p\u00e5 Admira Kvinnoh\u00e4lsa! Nu \u00e4r det dags att boka det f\u00f6rsta bes\u00f6ket med din barnmorska. H\u00e4r svarar vi p\u00e5 de vanligaste fr\u00e5gorna kring starten av din gravidresa.\u00a0 Vanliga fr\u00e5gor och svar N\u00e4r ska jag kontakta barnmorska? F\u00f6r att du ska f\u00e5 en trygg start\u00a0p\u00e5 graviditeten \u00e4r en [&hellip;]<\/p>\n","protected":false},"author":1,"featured_media":8026,"parent":0,"menu_order":0,"comment_status":"closed","ping_status":"closed","template":"","meta":{"footnotes":""},"class_list":["post-7979","page","type-page","status-publish","has-post-thumbnail","hentry"],"_links":{"self":[{"href":"https:\/\/admira.se\/en\/wp-json\/wp\/v2\/pages\/7979","targetHints":{"allow":["GET"]}}],"collection":[{"href":"https:\/\/admira.se\/en\/wp-json\/wp\/v2\/pages"}],"about":[{"href":"https:\/\/admira.se\/en\/wp-json\/wp\/v2\/types\/page"}],"author":[{"embeddable":true,"href":"https:\/\/admira.se\/en\/wp-json\/wp\/v2\/users\/1"}],"replies":[{"embeddable":true,"href":"https:\/\/admira.se\/en\/wp-json\/wp\/v2\/comments?post=7979"}],"version-history":[{"count":50,"href":"https:\/\/admira.se\/en\/wp-json\/wp\/v2\/pages\/7979\/revisions"}],"predecessor-version":[{"id":8085,"href":"https:\/\/admira.se\/en\/wp-json\/wp\/v2\/pages\/7979\/revisions\/8085"}],"wp:featuredmedia":[{"embeddable":true,"href":"https:\/\/admira.se\/en\/wp-json\/wp\/v2\/media\/8026"}],"wp:attachment":[{"href":"https:\/\/admira.se\/en\/wp-json\/wp\/v2\/media?parent=7979"}],"curies":[{"name":"wp","href":"https:\/\/api.w.org\/{rel}","templated":true}]}}