{"id":8002,"date":"2025-05-02T19:11:47","date_gmt":"2025-05-02T17:11:47","guid":{"rendered":"https:\/\/admira.se\/?page_id=8002"},"modified":"2025-05-14T16:11:42","modified_gmt":"2025-05-14T14:11:42","slug":"jag-vill-bli-gravid","status":"publish","type":"page","link":"https:\/\/admira.se\/en\/jag-vill-bli-gravid\/","title":{"rendered":"Jag vill bli gravid"},"content":{"rendered":"<div data-elementor-type=\"wp-page\" data-elementor-id=\"8002\" class=\"elementor elementor-8002\">\n\t\t\t\t<div class=\"elementor-element elementor-element-b44eb7d e-flex e-con-boxed e-con e-parent\" data-id=\"b44eb7d\" data-element_type=\"container\" data-e-type=\"container\">\n\t\t\t\t\t<div class=\"e-con-inner\">\n\t\t\t\t<div class=\"elementor-element elementor-element-0ae555f elementor-widget elementor-widget-text-editor\" data-id=\"0ae555f\" data-element_type=\"widget\" data-e-type=\"widget\" data-widget_type=\"text-editor.default\">\n\t\t\t\t<div class=\"elementor-widget-container\">\n\t\t\t\t\t\t\t\t\t<p class=\"preamble\"><strong>Planerar du att bli gravid? V\u00e4lkommen att boka tid f\u00f6r r\u00e5dgivning hos v\u00e5ra barnmorskor.\u00a0<\/strong><\/p><p>Oavsett om du precis b\u00f6rjat fundera p\u00e5 att bli gravid eller om du och din partner har f\u00f6rs\u00f6kt ett tag utan resultat, finns det flera s\u00e4tt att optimera era chanser. Genom att f\u00f6rst\u00e5 fertilitet, skapa h\u00e4lsosamma levnadsvanor och s\u00f6ka r\u00e4tt r\u00e5dgivning kan ni b\u00e5de \u00f6ka m\u00f6jligheten att lyckas och k\u00e4nna er tryggare under resans g\u00e5ng.<\/p><h2>Vanliga fr\u00e5gor och svar<\/h2>\t\t\t\t\t\t\t\t<\/div>\n\t\t\t\t<\/div>\n\t\t\t\t<div class=\"elementor-element elementor-element-2a27032 elementor-widget elementor-widget-toddlerplay_core_accordion\" data-id=\"2a27032\" data-element_type=\"widget\" data-e-type=\"widget\" data-widget_type=\"toddlerplay_core_accordion.default\">\n\t\t\t\t<div class=\"elementor-widget-container\">\n\t\t\t\t\t<div class=\"qodef-shortcode qodef-m  qodef-accordion clear qodef-behavior--toggle qodef-layout--simple\">\n\t<h5 class=\"qodef-accordion-title\">\n\t<span class=\"qodef-tab-title\">Hur kan jag \u00f6ka mina chanser att bli gravid?<\/span>\n\t<span class=\"qodef-accordion-mark\">\n\t\t<svg class=\"qodef-svg--blob-s qodef-blob\" xmlns=\"http:\/\/www.w3.org\/2000\/svg\" width=\"31.545\" height=\"32.291\" viewbox=\"0 0 31.545 32.291\"><path d=\"M.085 17.352q-.033-.469-.052-.958a14.011 14.011 0 0 1 .056-2.531A17.622 17.622 0 0 1 6.328 3.549c4.636-3.466 9.036-4.837 14.506-2.085 8.048 4.045 12.723 12.864 9.868 21.535-2.064 6.273-12.066 9.845-18.167 9.217-2.742-.285-5.979-.8-8.293-2.406C.718 27.355.358 21.244.084 17.349Z\"\/><\/svg>\t\t<svg class=\"qodef-svg--accordion-plus qodef-icon--plus\" xmlns=\"http:\/\/www.w3.org\/2000\/svg\" width=\"17.375\" height=\"17.375\" viewbox=\"0 0 17.375 17.375\"><path d=\"M17.268 8.69c-.743-.658-1.939-.407-2.837-.345h-.022c-.435-.019-.87-.029-1.305-.036q-.483-.008-.967-.013c-.844-.009-1.682-.04-2.52-.087q.006-.273.014-.547c.037-1.169.1-2.337.166-3.506q.029-.544.057-1.089c.045-.924.15-2.257-.607-2.948A.4.4 0 0 0 8.69.104c-.658.743-.407 1.939-.345 2.837v.022c-.018.435-.029.87-.036 1.305q-.008.483-.013.967c-.01.962-.048 1.918-.108 2.874-.152-.012-.3-.023-.457-.037-1.394-.125-2.789-.181-4.173-.392a5.734 5.734 0 0 0-3.065.038c-.6.261-.684.876-.09 1.2a6.056 6.056 0 0 0 1.921.529 17.589 17.589 0 0 0 2.8.145H8.08v.04c-.125 1.394-.181 2.788-.392 4.173a5.732 5.732 0 0 0 .038 3.065c.261.6.876.684 1.2.09a6.056 6.056 0 0 0 .529-1.921 17.572 17.572 0 0 0 .145-2.8V9.616h.109c1.169.037 2.337.1 3.506.166q.544.029 1.089.056c.924.046 2.257.15 2.948-.607a.4.4 0 0 0 .016-.541Z\"\/><\/svg>\t\t<svg class=\"qodef-svg--accordion-minus qodef-icon--minus\" xmlns=\"http:\/\/www.w3.org\/2000\/svg\" width=\"17.375\" height=\"2.397\" viewbox=\"0 0 17.375 2.397\"><path d=\"M17.268 1.201c-.743-.658-1.939-.407-2.837-.345h-.022c-.435-.019-.87-.029-1.305-.036q-.483-.008-.967-.013c-.844-.009-7.193-.4-8.578-.614A5.734 5.734 0 0 0 .494.231c-.6.261-.684.876-.09 1.2a6.056 6.056 0 0 0 1.921.529 17.589 17.589 0 0 0 2.8.145h2.956c0 .013 3.969.132 5.137.195q.544.029 1.089.056c.924.046 2.257.15 2.948-.607a.4.4 0 0 0 .013-.548Z\"\/><\/svg>\t<\/span>\n<\/h5>\n<div class=\"qodef-accordion-content\">\n\t<div class=\"qodef-accordion-content-inner\">\n\t\t<p>\u00c5lder, h\u00e4lsa och levnadsvanor har betydelse f\u00f6r fertiliteten Detta g\u00e4ller b\u00e5de f\u00f6r kvinnor och m\u00e4n. Fertiliteten sjunker med stigande \u00e5lder och d\u00e4rf\u00f6r b\u00f6r du inte v\u00e4nta f\u00f6r l\u00e4nge om du vill ha barn. Dina levnadsvanor kan du p\u00e5verka sj\u00e4lv: R\u00f6k inte, h\u00e5ll en h\u00e4lsosam vikt, \u00e4t n\u00e4ringsriktig kost och undvik alkohol och droger. Tala med din l\u00e4kare om du \u00e4r sjuk och tar l\u00e4kemedel.<\/p><p><a href=\"https:\/\/www.reproduktivlivsplan.se\/\">H\u00e4r hittar du v\u00e4rdefull information f\u00f6r att optimera dina chanser till graviditet.<\/a>\u00a0<\/p>\t<\/div>\n<\/div>\n<h5 class=\"qodef-accordion-title\">\n\t<span class=\"qodef-tab-title\">Hur fungerar \u00e4gglossning och fertilitet?<\/span>\n\t<span class=\"qodef-accordion-mark\">\n\t\t<svg class=\"qodef-svg--blob-s qodef-blob\" xmlns=\"http:\/\/www.w3.org\/2000\/svg\" width=\"31.545\" height=\"32.291\" viewbox=\"0 0 31.545 32.291\"><path d=\"M.085 17.352q-.033-.469-.052-.958a14.011 14.011 0 0 1 .056-2.531A17.622 17.622 0 0 1 6.328 3.549c4.636-3.466 9.036-4.837 14.506-2.085 8.048 4.045 12.723 12.864 9.868 21.535-2.064 6.273-12.066 9.845-18.167 9.217-2.742-.285-5.979-.8-8.293-2.406C.718 27.355.358 21.244.084 17.349Z\"\/><\/svg>\t\t<svg class=\"qodef-svg--accordion-plus qodef-icon--plus\" xmlns=\"http:\/\/www.w3.org\/2000\/svg\" width=\"17.375\" height=\"17.375\" viewbox=\"0 0 17.375 17.375\"><path d=\"M17.268 8.69c-.743-.658-1.939-.407-2.837-.345h-.022c-.435-.019-.87-.029-1.305-.036q-.483-.008-.967-.013c-.844-.009-1.682-.04-2.52-.087q.006-.273.014-.547c.037-1.169.1-2.337.166-3.506q.029-.544.057-1.089c.045-.924.15-2.257-.607-2.948A.4.4 0 0 0 8.69.104c-.658.743-.407 1.939-.345 2.837v.022c-.018.435-.029.87-.036 1.305q-.008.483-.013.967c-.01.962-.048 1.918-.108 2.874-.152-.012-.3-.023-.457-.037-1.394-.125-2.789-.181-4.173-.392a5.734 5.734 0 0 0-3.065.038c-.6.261-.684.876-.09 1.2a6.056 6.056 0 0 0 1.921.529 17.589 17.589 0 0 0 2.8.145H8.08v.04c-.125 1.394-.181 2.788-.392 4.173a5.732 5.732 0 0 0 .038 3.065c.261.6.876.684 1.2.09a6.056 6.056 0 0 0 .529-1.921 17.572 17.572 0 0 0 .145-2.8V9.616h.109c1.169.037 2.337.1 3.506.166q.544.029 1.089.056c.924.046 2.257.15 2.948-.607a.4.4 0 0 0 .016-.541Z\"\/><\/svg>\t\t<svg class=\"qodef-svg--accordion-minus qodef-icon--minus\" xmlns=\"http:\/\/www.w3.org\/2000\/svg\" width=\"17.375\" height=\"2.397\" viewbox=\"0 0 17.375 2.397\"><path d=\"M17.268 1.201c-.743-.658-1.939-.407-2.837-.345h-.022c-.435-.019-.87-.029-1.305-.036q-.483-.008-.967-.013c-.844-.009-7.193-.4-8.578-.614A5.734 5.734 0 0 0 .494.231c-.6.261-.684.876-.09 1.2a6.056 6.056 0 0 0 1.921.529 17.589 17.589 0 0 0 2.8.145h2.956c0 .013 3.969.132 5.137.195q.544.029 1.089.056c.924.046 2.257.15 2.948-.607a.4.4 0 0 0 .013-.548Z\"\/><\/svg>\t<\/span>\n<\/h5>\n<div class=\"qodef-accordion-content\">\n\t<div class=\"qodef-accordion-content-inner\">\n\t\t<p>F\u00f6r att ett barn ska bli till kr\u00e4vs \u00e4gg, spermier och timing, oavsett om befruktningen sker genom samlag med penis i slida eller med hj\u00e4lp av assisterad befruktning. Goda levnadsvanor kan ocks\u00e5 ha betydelse f\u00f6r fruktsamheten.<\/p><p>Befruktning inuti kvinnokroppen sker i \u00e4ggledaren d\u00e4r \u00e4gg och spermier m\u00f6ts och sm\u00e4lter samman. Det tar cirka en vecka f\u00f6r det befruktade \u00e4gget att ta sig till livmodern d\u00e4r det f\u00e4ster och v\u00e4xer till.<\/p><p>\u00c4gget \u00e4r bara befruktningsdugligt i ett dygn. Spermier d\u00e4remot kan \u00f6verleva i livmoder\/\u00e4ggledare i upp till fem dygn. Det finns allts\u00e5 en chans f\u00f6r ett \u00e4gg att bli befruktat om spermier tar sig in i livmoder\/\u00e4ggledare redan fem dagar f\u00f6re \u00e4gglossningen.<\/p>\t<\/div>\n<\/div>\n<h5 class=\"qodef-accordion-title\">\n\t<span class=\"qodef-tab-title\">N\u00e4r \u00e4r b\u00e4st tid att f\u00f6rs\u00f6ka bli gravid?<\/span>\n\t<span class=\"qodef-accordion-mark\">\n\t\t<svg class=\"qodef-svg--blob-s qodef-blob\" xmlns=\"http:\/\/www.w3.org\/2000\/svg\" width=\"31.545\" height=\"32.291\" viewbox=\"0 0 31.545 32.291\"><path d=\"M.085 17.352q-.033-.469-.052-.958a14.011 14.011 0 0 1 .056-2.531A17.622 17.622 0 0 1 6.328 3.549c4.636-3.466 9.036-4.837 14.506-2.085 8.048 4.045 12.723 12.864 9.868 21.535-2.064 6.273-12.066 9.845-18.167 9.217-2.742-.285-5.979-.8-8.293-2.406C.718 27.355.358 21.244.084 17.349Z\"\/><\/svg>\t\t<svg class=\"qodef-svg--accordion-plus qodef-icon--plus\" xmlns=\"http:\/\/www.w3.org\/2000\/svg\" width=\"17.375\" height=\"17.375\" viewbox=\"0 0 17.375 17.375\"><path d=\"M17.268 8.69c-.743-.658-1.939-.407-2.837-.345h-.022c-.435-.019-.87-.029-1.305-.036q-.483-.008-.967-.013c-.844-.009-1.682-.04-2.52-.087q.006-.273.014-.547c.037-1.169.1-2.337.166-3.506q.029-.544.057-1.089c.045-.924.15-2.257-.607-2.948A.4.4 0 0 0 8.69.104c-.658.743-.407 1.939-.345 2.837v.022c-.018.435-.029.87-.036 1.305q-.008.483-.013.967c-.01.962-.048 1.918-.108 2.874-.152-.012-.3-.023-.457-.037-1.394-.125-2.789-.181-4.173-.392a5.734 5.734 0 0 0-3.065.038c-.6.261-.684.876-.09 1.2a6.056 6.056 0 0 0 1.921.529 17.589 17.589 0 0 0 2.8.145H8.08v.04c-.125 1.394-.181 2.788-.392 4.173a5.732 5.732 0 0 0 .038 3.065c.261.6.876.684 1.2.09a6.056 6.056 0 0 0 .529-1.921 17.572 17.572 0 0 0 .145-2.8V9.616h.109c1.169.037 2.337.1 3.506.166q.544.029 1.089.056c.924.046 2.257.15 2.948-.607a.4.4 0 0 0 .016-.541Z\"\/><\/svg>\t\t<svg class=\"qodef-svg--accordion-minus qodef-icon--minus\" xmlns=\"http:\/\/www.w3.org\/2000\/svg\" width=\"17.375\" height=\"2.397\" viewbox=\"0 0 17.375 2.397\"><path d=\"M17.268 1.201c-.743-.658-1.939-.407-2.837-.345h-.022c-.435-.019-.87-.029-1.305-.036q-.483-.008-.967-.013c-.844-.009-7.193-.4-8.578-.614A5.734 5.734 0 0 0 .494.231c-.6.261-.684.876-.09 1.2a6.056 6.056 0 0 0 1.921.529 17.589 17.589 0 0 0 2.8.145h2.956c0 .013 3.969.132 5.137.195q.544.029 1.089.056c.924.046 2.257.15 2.948-.607a.4.4 0 0 0 .013-.548Z\"\/><\/svg>\t<\/span>\n<\/h5>\n<div class=\"qodef-accordion-content\">\n\t<div class=\"qodef-accordion-content-inner\">\n\t\t<p>F\u00f6r den som vill bli gravid \u00e4r det bra att ha samlag ungef\u00e4r varannan dag efter mens och innan \u00e4gglossning. F\u00f6r att r\u00e4kna ut tidpunkten f\u00f6r \u00e4gglossning b\u00f6r man f\u00f6rst ta reda p\u00e5 hur l\u00e5ng menscykeln \u00e4r och om den \u00e4r regelbunden. Den tid som kan variera mellan kvinnor \u00e4r tiden fr\u00e5n mensens f\u00f6rsta dag fram till sj\u00e4lva \u00e4gglossningen. Den andra halvan av menscykeln \u00e4r som regel 14 dagar f\u00f6r alla.<\/p>\t<\/div>\n<\/div>\n<h5 class=\"qodef-accordion-title\">\n\t<span class=\"qodef-tab-title\">N\u00e4r ska jag s\u00f6ka hj\u00e4lp f\u00f6r att bli gravid och vart v\u00e4nder jag mig?<\/span>\n\t<span class=\"qodef-accordion-mark\">\n\t\t<svg class=\"qodef-svg--blob-s qodef-blob\" xmlns=\"http:\/\/www.w3.org\/2000\/svg\" width=\"31.545\" height=\"32.291\" viewbox=\"0 0 31.545 32.291\"><path d=\"M.085 17.352q-.033-.469-.052-.958a14.011 14.011 0 0 1 .056-2.531A17.622 17.622 0 0 1 6.328 3.549c4.636-3.466 9.036-4.837 14.506-2.085 8.048 4.045 12.723 12.864 9.868 21.535-2.064 6.273-12.066 9.845-18.167 9.217-2.742-.285-5.979-.8-8.293-2.406C.718 27.355.358 21.244.084 17.349Z\"\/><\/svg>\t\t<svg class=\"qodef-svg--accordion-plus qodef-icon--plus\" xmlns=\"http:\/\/www.w3.org\/2000\/svg\" width=\"17.375\" height=\"17.375\" viewbox=\"0 0 17.375 17.375\"><path d=\"M17.268 8.69c-.743-.658-1.939-.407-2.837-.345h-.022c-.435-.019-.87-.029-1.305-.036q-.483-.008-.967-.013c-.844-.009-1.682-.04-2.52-.087q.006-.273.014-.547c.037-1.169.1-2.337.166-3.506q.029-.544.057-1.089c.045-.924.15-2.257-.607-2.948A.4.4 0 0 0 8.69.104c-.658.743-.407 1.939-.345 2.837v.022c-.018.435-.029.87-.036 1.305q-.008.483-.013.967c-.01.962-.048 1.918-.108 2.874-.152-.012-.3-.023-.457-.037-1.394-.125-2.789-.181-4.173-.392a5.734 5.734 0 0 0-3.065.038c-.6.261-.684.876-.09 1.2a6.056 6.056 0 0 0 1.921.529 17.589 17.589 0 0 0 2.8.145H8.08v.04c-.125 1.394-.181 2.788-.392 4.173a5.732 5.732 0 0 0 .038 3.065c.261.6.876.684 1.2.09a6.056 6.056 0 0 0 .529-1.921 17.572 17.572 0 0 0 .145-2.8V9.616h.109c1.169.037 2.337.1 3.506.166q.544.029 1.089.056c.924.046 2.257.15 2.948-.607a.4.4 0 0 0 .016-.541Z\"\/><\/svg>\t\t<svg class=\"qodef-svg--accordion-minus qodef-icon--minus\" xmlns=\"http:\/\/www.w3.org\/2000\/svg\" width=\"17.375\" height=\"2.397\" viewbox=\"0 0 17.375 2.397\"><path d=\"M17.268 1.201c-.743-.658-1.939-.407-2.837-.345h-.022c-.435-.019-.87-.029-1.305-.036q-.483-.008-.967-.013c-.844-.009-7.193-.4-8.578-.614A5.734 5.734 0 0 0 .494.231c-.6.261-.684.876-.09 1.2a6.056 6.056 0 0 0 1.921.529 17.589 17.589 0 0 0 2.8.145h2.956c0 .013 3.969.132 5.137.195q.544.029 1.089.056c.924.046 2.257.15 2.948-.607a.4.4 0 0 0 .013-.548Z\"\/><\/svg>\t<\/span>\n<\/h5>\n<div class=\"qodef-accordion-content\">\n\t<div class=\"qodef-accordion-content-inner\">\n\t\t<p>B\u00f6rja med att boka en tid med en av v\u00e5ra barnmorskor f\u00f6r r\u00e5dgivning inf\u00f6r graviditet. Ofrivilligt barnl\u00f6sa par och kvinnor (aktivt f\u00f6rs\u00f6kt bli gravid sedan 1 \u00e5r) kan f\u00e5 hj\u00e4lp med fertilitetsbehandlingar vid universitetssjukhus samt vid privata kliniker. F\u00f6r regionfinansierad behandling finns vissa krav s\u00e5som kvinnans och mannens \u00e5lder (kan variera mellan regionerna), att paret inte har gemensamma barn sedan tidigare, att mannen eller kvinnan inte \u00e4r steriliserade eller att kvinnan inte \u00e4r underviktig eller \u00f6verviktig (regionerna kan ha olika BMI-gr\u00e4nser).\u00a0<\/p>\t<\/div>\n<\/div>\n<\/div>\n\t\t\t\t<\/div>\n\t\t\t\t<\/div>\n\t\t\t\t\t<\/div>\n\t\t\t\t<\/div>\n\t\t\t\t<\/div>","protected":false},"excerpt":{"rendered":"<p>Planerar du att bli gravid? V\u00e4lkommen att boka tid f\u00f6r r\u00e5dgivning hos v\u00e5ra barnmorskor.\u00a0 Oavsett om du precis b\u00f6rjat fundera p\u00e5 att bli gravid eller om du och din partner har f\u00f6rs\u00f6kt ett tag utan resultat, finns det flera s\u00e4tt att optimera era chanser. Genom att f\u00f6rst\u00e5 fertilitet, skapa h\u00e4lsosamma levnadsvanor och s\u00f6ka r\u00e4tt r\u00e5dgivning [&hellip;]<\/p>\n","protected":false},"author":1,"featured_media":8104,"parent":0,"menu_order":0,"comment_status":"closed","ping_status":"closed","template":"","meta":{"footnotes":""},"class_list":["post-8002","page","type-page","status-publish","has-post-thumbnail","hentry"],"_links":{"self":[{"href":"https:\/\/admira.se\/en\/wp-json\/wp\/v2\/pages\/8002","targetHints":{"allow":["GET"]}}],"collection":[{"href":"https:\/\/admira.se\/en\/wp-json\/wp\/v2\/pages"}],"about":[{"href":"https:\/\/admira.se\/en\/wp-json\/wp\/v2\/types\/page"}],"author":[{"embeddable":true,"href":"https:\/\/admira.se\/en\/wp-json\/wp\/v2\/users\/1"}],"replies":[{"embeddable":true,"href":"https:\/\/admira.se\/en\/wp-json\/wp\/v2\/comments?post=8002"}],"version-history":[{"count":22,"href":"https:\/\/admira.se\/en\/wp-json\/wp\/v2\/pages\/8002\/revisions"}],"predecessor-version":[{"id":8092,"href":"https:\/\/admira.se\/en\/wp-json\/wp\/v2\/pages\/8002\/revisions\/8092"}],"wp:featuredmedia":[{"embeddable":true,"href":"https:\/\/admira.se\/en\/wp-json\/wp\/v2\/media\/8104"}],"wp:attachment":[{"href":"https:\/\/admira.se\/en\/wp-json\/wp\/v2\/media?parent=8002"}],"curies":[{"name":"wp","href":"https:\/\/api.w.org\/{rel}","templated":true}]}}